{"id":991,"date":"2020-04-21T09:48:45","date_gmt":"2020-04-21T07:48:45","guid":{"rendered":"http:\/\/garbitania.eus\/?page_id=991"},"modified":"2020-06-04T09:04:09","modified_gmt":"2020-06-04T07:04:09","slug":"asesoramiento-juridico","status":"publish","type":"page","link":"https:\/\/www.garbitania.eus\/es\/servicios\/asesoramiento-juridico\/","title":{"rendered":"Asesoramiento jur\u00eddico"},"content":{"rendered":"\t\t<div data-elementor-type=\"wp-page\" data-elementor-id=\"991\" class=\"elementor elementor-991 elementor-23\" data-elementor-post-type=\"page\">\n\t\t\t\t\t\t<section class=\"elementor-section elementor-top-section elementor-element elementor-element-d76503f elementor-section-boxed elementor-section-height-default elementor-section-height-default\" data-id=\"d76503f\" data-element_type=\"section\">\n\t\t\t\t\t\t<div class=\"elementor-container elementor-column-gap-default\">\n\t\t\t\t\t<div class=\"elementor-column elementor-col-50 elementor-top-column elementor-element elementor-element-b338bf8\" data-id=\"b338bf8\" data-element_type=\"column\">\n\t\t\t<div class=\"elementor-widget-wrap elementor-element-populated\">\n\t\t\t\t\t\t<div class=\"elementor-element elementor-element-80e2d7e elementor-widget elementor-widget-text-editor\" data-id=\"80e2d7e\" data-element_type=\"widget\" data-widget_type=\"text-editor.default\">\n\t\t\t\t<div class=\"elementor-widget-container\">\n\t\t\t\t\t\t\t\t\t<p>Seg\u00fan toda la normativa de la Uni\u00f3n Europea, el Estado Espa\u00f1ol, la Comunidad Aut\u00f3noma Vasca y la Diputaci\u00f3n Foral, en la gesti\u00f3n de residuos se deben seguir los siguientes criterios, y en este orden:<\/p><ul><li>Prevenir<\/li><li>Reutilizar<\/li><li>Reciclar<\/li><li>Revalorizar<\/li><li>Verter los residuos en vertederos<\/li><\/ul><p>La Ley (<a href=\"https:\/\/garbitania.eus\/wp-content\/uploads\/2020\/06\/BOE-A-2011-13046.pdf\" target=\"_blank\" rel=\"noopener\">22\/2011 de Residuos y Suelos Contaminados<\/a>) exige a los municipios de m\u00e1s de 5.000 habitantes recoger la materia org\u00e1nica de forma selectiva. Desgraciadamente, son muy pocos los municipios que tienen las infraestructuras necesarias para cumplir con la ley.<\/p>\t\t\t\t\t\t\t\t<\/div>\n\t\t\t\t<\/div>\n\t\t\t\t\t<\/div>\n\t\t<\/div>\n\t\t\t\t<div class=\"elementor-column elementor-col-50 elementor-top-column elementor-element elementor-element-4fd2a20\" data-id=\"4fd2a20\" data-element_type=\"column\">\n\t\t\t<div class=\"elementor-widget-wrap elementor-element-populated\">\n\t\t\t\t\t\t<div class=\"elementor-element elementor-element-1cc3f0e elementor-widget elementor-widget-image\" data-id=\"1cc3f0e\" data-element_type=\"widget\" data-widget_type=\"image.default\">\n\t\t\t\t<div class=\"elementor-widget-container\">\n\t\t\t\t\t\t\t\t\t\t\t\t\t\t\t<img fetchpriority=\"high\" decoding=\"async\" width=\"1200\" height=\"800\" src=\"https:\/\/www.garbitania.eus\/wp-content\/uploads\/2020\/04\/lege-aholkularitza-asesoramiento-juridico-1200x800.jpg\" class=\"attachment-large size-large wp-image-623\" alt=\"\" srcset=\"https:\/\/www.garbitania.eus\/wp-content\/uploads\/2020\/04\/lege-aholkularitza-asesoramiento-juridico-1200x800.jpg 1200w, https:\/\/www.garbitania.eus\/wp-content\/uploads\/2020\/04\/lege-aholkularitza-asesoramiento-juridico-600x400.jpg 600w, https:\/\/www.garbitania.eus\/wp-content\/uploads\/2020\/04\/lege-aholkularitza-asesoramiento-juridico-768x513.jpg 768w, https:\/\/www.garbitania.eus\/wp-content\/uploads\/2020\/04\/lege-aholkularitza-asesoramiento-juridico-500x334.jpg 500w, https:\/\/www.garbitania.eus\/wp-content\/uploads\/2020\/04\/lege-aholkularitza-asesoramiento-juridico-800x534.jpg 800w, https:\/\/www.garbitania.eus\/wp-content\/uploads\/2020\/04\/lege-aholkularitza-asesoramiento-juridico-1280x854.jpg 1280w, https:\/\/www.garbitania.eus\/wp-content\/uploads\/2020\/04\/lege-aholkularitza-asesoramiento-juridico.jpg 1500w\" sizes=\"(max-width: 1200px) 100vw, 1200px\" \/>\t\t\t\t\t\t\t\t\t\t\t\t\t\t\t<\/div>\n\t\t\t\t<\/div>\n\t\t\t\t\t<\/div>\n\t\t<\/div>\n\t\t\t\t\t<\/div>\n\t\t<\/section>\n\t\t\t\t<section class=\"elementor-section elementor-top-section elementor-element elementor-element-3c6e313 elementor-section-boxed elementor-section-height-default elementor-section-height-default\" data-id=\"3c6e313\" data-element_type=\"section\">\n\t\t\t\t\t\t<div class=\"elementor-container elementor-column-gap-default\">\n\t\t\t\t\t<div class=\"elementor-column elementor-col-100 elementor-top-column elementor-element elementor-element-d0f609e\" data-id=\"d0f609e\" data-element_type=\"column\">\n\t\t\t<div class=\"elementor-widget-wrap elementor-element-populated\">\n\t\t\t\t\t\t<div class=\"elementor-element elementor-element-813451f elementor-widget elementor-widget-text-editor\" data-id=\"813451f\" data-element_type=\"widget\" data-widget_type=\"text-editor.default\">\n\t\t\t\t<div class=\"elementor-widget-container\">\n\t\t\t\t\t\t\t\t\t<h2>Legislaci\u00f3n vigente referente a la gesti\u00f3n de residuos<\/h2><p>Estas son, entre otras, las leyes que regulan la gesti\u00f3n de residuos:<\/p><ul><li><a href=\"http:\/\/eur-lex.europa.eu\/LexUriServ\/LexUriServ.do?uri=OJ:L:2008:312:0003:0030:ES:PDF\" target=\"_blank\" rel=\"noopener\">Directiva europea 2008\/98\/CE de residuos<\/a><\/li><li><a href=\"http:\/\/eur-lex.europa.eu\/LexUriServ\/LexUriServ.do?uri=OJ:L:1999:182:0001:0019:ES:PDF\" target=\"_blank\" rel=\"noopener\">Directiva europea 1999\/31\/CE relativa a vertido de residuos<\/a><\/li><li><a href=\"https:\/\/garbitania.eus\/wp-content\/uploads\/2020\/06\/BOE-A-2011-13046.pdf\" target=\"_blank\" rel=\"noopener\">Ley 22\/2011 de residuos y suelos contaminados<\/a><\/li><li><a href=\"https:\/\/garbitania.eus\/wp-content\/uploads\/2020\/06\/estatuko-programa-2014-2020.pdf\" target=\"_blank\" rel=\"noopener\">Programa Estatal de Prevenci\u00f3n de Residuos 2014-2020<\/a><\/li><li><a href=\"https:\/\/garbitania.eus\/wp-content\/uploads\/2020\/06\/BOE-A-2002-1697-consolidado.pdf\" target=\"_blank\" rel=\"noopener\">Real decreto 1481\/2001<\/a><\/li><li><a href=\"https:\/\/garbitania.eus\/wp-content\/uploads\/2020\/06\/DocuCompletoCAS_Plan_RESIDUOS_2020Anexos.pdf\" target=\"_blank\" rel=\"noopener\">Plan de prevenci\u00f3n y gesti\u00f3n de residuos 2020<\/a><\/li><li><a href=\"https:\/\/garbitania.eus\/wp-content\/uploads\/2020\/06\/1901920a.pdf\" target=\"_blank\" rel=\"noopener\">DECRETO 63\/2019, de 9 de abril, por el que se establece el r\u00e9gimen jur\u00eddico y las condiciones t\u00e9cnicas de las instalaciones y actividades de compostaje comunitario<\/a><\/li><li><a href=\"https:\/\/www.boe.es\/buscar\/pdf\/2011\/BOE-A-2011-20036-consolidado.pdf\" target=\"_blank\" rel=\"noopener\">Ley 3\/1998, de 27 de febrero, General de Protecci\u00f3n del Medio Ambiente del Pa\u00eds Vasco<\/a><\/li><li><a href=\"https:\/\/www.euskadi.eus\/gobierno-vasco\/-\/informacion\/legislacion-sobre-residuos\/\" target=\"_blank\" rel=\"noopener\">Legislaci\u00f3n sobre residuos<\/a><\/li><\/ul>\t\t\t\t\t\t\t\t<\/div>\n\t\t\t\t<\/div>\n\t\t\t\t\t<\/div>\n\t\t<\/div>\n\t\t\t\t\t<\/div>\n\t\t<\/section>\n\t\t\t\t<\/div>\n\t\t","protected":false},"excerpt":{"rendered":"<p>Seg\u00fan toda la normativa de la Uni\u00f3n Europea, el Estado Espa\u00f1ol, la Comunidad Aut\u00f3noma Vasca y la Diputaci\u00f3n Foral, en la gesti\u00f3n de residuos se deben seguir los siguientes criterios, y en este orden: Prevenir Reutilizar Reciclar Revalorizar Verter los residuos en vertederos La Ley (22\/2011 de Residuos y Suelos Contaminados) exige a los municipios [&hellip;]<\/p>\n","protected":false},"author":1,"featured_media":0,"parent":979,"menu_order":0,"comment_status":"closed","ping_status":"closed","template":"","meta":{"site-sidebar-layout":"no-sidebar","site-content-layout":"page-builder","ast-site-content-layout":"default","site-content-style":"default","site-sidebar-style":"default","ast-global-header-display":"","ast-banner-title-visibility":"","ast-main-header-display":"","ast-hfb-above-header-display":"","ast-hfb-below-header-display":"","ast-hfb-mobile-header-display":"","site-post-title":"","ast-breadcrumbs-content":"","ast-featured-img":"disabled","footer-sml-layout":"","theme-transparent-header-meta":"default","adv-header-id-meta":"","stick-header-meta":"","header-above-stick-meta":"","header-main-stick-meta":"","header-below-stick-meta":"","astra-migrate-meta-layouts":"default","ast-page-background-enabled":"default","ast-page-background-meta":{"desktop":{"background-color":"","background-image":"","background-repeat":"repeat","background-position":"center center","background-size":"auto","background-attachment":"scroll","background-type":"","background-media":"","overlay-type":"","overlay-color":"","overlay-opacity":"","overlay-gradient":""},"tablet":{"background-color":"","background-image":"","background-repeat":"repeat","background-position":"center center","background-size":"auto","background-attachment":"scroll","background-type":"","background-media":"","overlay-type":"","overlay-color":"","overlay-opacity":"","overlay-gradient":""},"mobile":{"background-color":"","background-image":"","background-repeat":"repeat","background-position":"center center","background-size":"auto","background-attachment":"scroll","background-type":"","background-media":"","overlay-type":"","overlay-color":"","overlay-opacity":"","overlay-gradient":""}},"ast-content-background-meta":{"desktop":{"background-color":"var(--ast-global-color-5)","background-image":"","background-repeat":"repeat","background-position":"center center","background-size":"auto","background-attachment":"scroll","background-type":"","background-media":"","overlay-type":"","overlay-color":"","overlay-opacity":"","overlay-gradient":""},"tablet":{"background-color":"var(--ast-global-color-5)","background-image":"","background-repeat":"repeat","background-position":"center center","background-size":"auto","background-attachment":"scroll","background-type":"","background-media":"","overlay-type":"","overlay-color":"","overlay-opacity":"","overlay-gradient":""},"mobile":{"background-color":"var(--ast-global-color-5)","background-image":"","background-repeat":"repeat","background-position":"center center","background-size":"auto","background-attachment":"scroll","background-type":"","background-media":"","overlay-type":"","overlay-color":"","overlay-opacity":"","overlay-gradient":""}},"footnotes":""},"class_list":["post-991","page","type-page","status-publish","hentry"],"yoast_head":"<!-- This site is optimized with the Yoast SEO plugin v25.4 - https:\/\/yoast.com\/wordpress\/plugins\/seo\/ -->\n<title>Asesoramiento jur\u00eddico - Garbitania<\/title>\n<meta name=\"robots\" content=\"index, follow, max-snippet:-1, max-image-preview:large, max-video-preview:-1\" \/>\n<link rel=\"canonical\" href=\"https:\/\/www.garbitania.eus\/es\/servicios\/asesoramiento-juridico\/\" \/>\n<meta property=\"og:locale\" content=\"es_ES\" \/>\n<meta property=\"og:type\" content=\"article\" \/>\n<meta property=\"og:title\" content=\"Asesoramiento jur\u00eddico - Garbitania\" \/>\n<meta property=\"og:description\" content=\"Seg\u00fan toda la normativa de la Uni\u00f3n Europea, el Estado Espa\u00f1ol, la Comunidad Aut\u00f3noma Vasca y la Diputaci\u00f3n Foral, en la gesti\u00f3n de residuos se deben seguir los siguientes criterios, y en este orden: Prevenir Reutilizar Reciclar Revalorizar Verter los residuos en vertederos La Ley (22\/2011 de Residuos y Suelos Contaminados) exige a los municipios [&hellip;]\" \/>\n<meta property=\"og:url\" content=\"https:\/\/www.garbitania.eus\/es\/servicios\/asesoramiento-juridico\/\" \/>\n<meta property=\"og:site_name\" content=\"Garbitania\" \/>\n<meta property=\"article:modified_time\" content=\"2020-06-04T07:04:09+00:00\" \/>\n<meta property=\"og:image\" content=\"https:\/\/garbitania.eus\/wp-content\/uploads\/2020\/04\/lege-aholkularitza-asesoramiento-juridico-1200x800.jpg\" \/>\n<meta name=\"twitter:card\" content=\"summary_large_image\" \/>\n<meta name=\"twitter:label1\" content=\"Tiempo de lectura\" \/>\n\t<meta name=\"twitter:data1\" content=\"1 minuto\" \/>\n<script type=\"application\/ld+json\" class=\"yoast-schema-graph\">{\"@context\":\"https:\/\/schema.org\",\"@graph\":[{\"@type\":\"WebPage\",\"@id\":\"https:\/\/www.garbitania.eus\/es\/servicios\/asesoramiento-juridico\/\",\"url\":\"https:\/\/www.garbitania.eus\/es\/servicios\/asesoramiento-juridico\/\",\"name\":\"Asesoramiento jur\u00eddico - Garbitania\",\"isPartOf\":{\"@id\":\"https:\/\/www.garbitania.eus\/es\/#website\"},\"primaryImageOfPage\":{\"@id\":\"https:\/\/www.garbitania.eus\/es\/servicios\/asesoramiento-juridico\/#primaryimage\"},\"image\":{\"@id\":\"https:\/\/www.garbitania.eus\/es\/servicios\/asesoramiento-juridico\/#primaryimage\"},\"thumbnailUrl\":\"https:\/\/garbitania.eus\/wp-content\/uploads\/2020\/04\/lege-aholkularitza-asesoramiento-juridico-1200x800.jpg\",\"datePublished\":\"2020-04-21T07:48:45+00:00\",\"dateModified\":\"2020-06-04T07:04:09+00:00\",\"breadcrumb\":{\"@id\":\"https:\/\/www.garbitania.eus\/es\/servicios\/asesoramiento-juridico\/#breadcrumb\"},\"inLanguage\":\"es\",\"potentialAction\":[{\"@type\":\"ReadAction\",\"target\":[\"https:\/\/www.garbitania.eus\/es\/servicios\/asesoramiento-juridico\/\"]}]},{\"@type\":\"ImageObject\",\"inLanguage\":\"es\",\"@id\":\"https:\/\/www.garbitania.eus\/es\/servicios\/asesoramiento-juridico\/#primaryimage\",\"url\":\"https:\/\/garbitania.eus\/wp-content\/uploads\/2020\/04\/lege-aholkularitza-asesoramiento-juridico-1200x800.jpg\",\"contentUrl\":\"https:\/\/garbitania.eus\/wp-content\/uploads\/2020\/04\/lege-aholkularitza-asesoramiento-juridico-1200x800.jpg\"},{\"@type\":\"BreadcrumbList\",\"@id\":\"https:\/\/www.garbitania.eus\/es\/servicios\/asesoramiento-juridico\/#breadcrumb\",\"itemListElement\":[{\"@type\":\"ListItem\",\"position\":1,\"name\":\"Home\",\"item\":\"https:\/\/www.garbitania.eus\/es\/\"},{\"@type\":\"ListItem\",\"position\":2,\"name\":\"Servicios\",\"item\":\"https:\/\/www.garbitania.eus\/es\/servicios\/\"},{\"@type\":\"ListItem\",\"position\":3,\"name\":\"Asesoramiento jur\u00eddico\"}]},{\"@type\":\"WebSite\",\"@id\":\"https:\/\/www.garbitania.eus\/es\/#website\",\"url\":\"https:\/\/www.garbitania.eus\/es\/\",\"name\":\"Garbitania\",\"description\":\"\",\"publisher\":{\"@id\":\"https:\/\/www.garbitania.eus\/es\/#organization\"},\"potentialAction\":[{\"@type\":\"SearchAction\",\"target\":{\"@type\":\"EntryPoint\",\"urlTemplate\":\"https:\/\/www.garbitania.eus\/es\/?s={search_term_string}\"},\"query-input\":{\"@type\":\"PropertyValueSpecification\",\"valueRequired\":true,\"valueName\":\"search_term_string\"}}],\"inLanguage\":\"es\"},{\"@type\":\"Organization\",\"@id\":\"https:\/\/www.garbitania.eus\/es\/#organization\",\"name\":\"Garbitania\",\"url\":\"https:\/\/www.garbitania.eus\/es\/\",\"logo\":{\"@type\":\"ImageObject\",\"inLanguage\":\"es\",\"@id\":\"https:\/\/www.garbitania.eus\/es\/#\/schema\/logo\/image\/\",\"url\":\"https:\/\/www.garbitania.eus\/wp-content\/uploads\/2020\/01\/cropped-Garbitania-logotipoa.png\",\"contentUrl\":\"https:\/\/www.garbitania.eus\/wp-content\/uploads\/2020\/01\/cropped-Garbitania-logotipoa.png\",\"width\":512,\"height\":137,\"caption\":\"Garbitania\"},\"image\":{\"@id\":\"https:\/\/www.garbitania.eus\/es\/#\/schema\/logo\/image\/\"}}]}<\/script>\n<!-- \/ Yoast SEO plugin. -->","yoast_head_json":{"title":"Asesoramiento jur\u00eddico - Garbitania","robots":{"index":"index","follow":"follow","max-snippet":"max-snippet:-1","max-image-preview":"max-image-preview:large","max-video-preview":"max-video-preview:-1"},"canonical":"https:\/\/www.garbitania.eus\/es\/servicios\/asesoramiento-juridico\/","og_locale":"es_ES","og_type":"article","og_title":"Asesoramiento jur\u00eddico - Garbitania","og_description":"Seg\u00fan toda la normativa de la Uni\u00f3n Europea, el Estado Espa\u00f1ol, la Comunidad Aut\u00f3noma Vasca y la Diputaci\u00f3n Foral, en la gesti\u00f3n de residuos se deben seguir los siguientes criterios, y en este orden: Prevenir Reutilizar Reciclar Revalorizar Verter los residuos en vertederos La Ley (22\/2011 de Residuos y Suelos Contaminados) exige a los municipios [&hellip;]","og_url":"https:\/\/www.garbitania.eus\/es\/servicios\/asesoramiento-juridico\/","og_site_name":"Garbitania","article_modified_time":"2020-06-04T07:04:09+00:00","og_image":[{"url":"https:\/\/garbitania.eus\/wp-content\/uploads\/2020\/04\/lege-aholkularitza-asesoramiento-juridico-1200x800.jpg","type":"","width":"","height":""}],"twitter_card":"summary_large_image","twitter_misc":{"Tiempo de lectura":"1 minuto"},"schema":{"@context":"https:\/\/schema.org","@graph":[{"@type":"WebPage","@id":"https:\/\/www.garbitania.eus\/es\/servicios\/asesoramiento-juridico\/","url":"https:\/\/www.garbitania.eus\/es\/servicios\/asesoramiento-juridico\/","name":"Asesoramiento jur\u00eddico - Garbitania","isPartOf":{"@id":"https:\/\/www.garbitania.eus\/es\/#website"},"primaryImageOfPage":{"@id":"https:\/\/www.garbitania.eus\/es\/servicios\/asesoramiento-juridico\/#primaryimage"},"image":{"@id":"https:\/\/www.garbitania.eus\/es\/servicios\/asesoramiento-juridico\/#primaryimage"},"thumbnailUrl":"https:\/\/garbitania.eus\/wp-content\/uploads\/2020\/04\/lege-aholkularitza-asesoramiento-juridico-1200x800.jpg","datePublished":"2020-04-21T07:48:45+00:00","dateModified":"2020-06-04T07:04:09+00:00","breadcrumb":{"@id":"https:\/\/www.garbitania.eus\/es\/servicios\/asesoramiento-juridico\/#breadcrumb"},"inLanguage":"es","potentialAction":[{"@type":"ReadAction","target":["https:\/\/www.garbitania.eus\/es\/servicios\/asesoramiento-juridico\/"]}]},{"@type":"ImageObject","inLanguage":"es","@id":"https:\/\/www.garbitania.eus\/es\/servicios\/asesoramiento-juridico\/#primaryimage","url":"https:\/\/garbitania.eus\/wp-content\/uploads\/2020\/04\/lege-aholkularitza-asesoramiento-juridico-1200x800.jpg","contentUrl":"https:\/\/garbitania.eus\/wp-content\/uploads\/2020\/04\/lege-aholkularitza-asesoramiento-juridico-1200x800.jpg"},{"@type":"BreadcrumbList","@id":"https:\/\/www.garbitania.eus\/es\/servicios\/asesoramiento-juridico\/#breadcrumb","itemListElement":[{"@type":"ListItem","position":1,"name":"Home","item":"https:\/\/www.garbitania.eus\/es\/"},{"@type":"ListItem","position":2,"name":"Servicios","item":"https:\/\/www.garbitania.eus\/es\/servicios\/"},{"@type":"ListItem","position":3,"name":"Asesoramiento jur\u00eddico"}]},{"@type":"WebSite","@id":"https:\/\/www.garbitania.eus\/es\/#website","url":"https:\/\/www.garbitania.eus\/es\/","name":"Garbitania","description":"","publisher":{"@id":"https:\/\/www.garbitania.eus\/es\/#organization"},"potentialAction":[{"@type":"SearchAction","target":{"@type":"EntryPoint","urlTemplate":"https:\/\/www.garbitania.eus\/es\/?s={search_term_string}"},"query-input":{"@type":"PropertyValueSpecification","valueRequired":true,"valueName":"search_term_string"}}],"inLanguage":"es"},{"@type":"Organization","@id":"https:\/\/www.garbitania.eus\/es\/#organization","name":"Garbitania","url":"https:\/\/www.garbitania.eus\/es\/","logo":{"@type":"ImageObject","inLanguage":"es","@id":"https:\/\/www.garbitania.eus\/es\/#\/schema\/logo\/image\/","url":"https:\/\/www.garbitania.eus\/wp-content\/uploads\/2020\/01\/cropped-Garbitania-logotipoa.png","contentUrl":"https:\/\/www.garbitania.eus\/wp-content\/uploads\/2020\/01\/cropped-Garbitania-logotipoa.png","width":512,"height":137,"caption":"Garbitania"},"image":{"@id":"https:\/\/www.garbitania.eus\/es\/#\/schema\/logo\/image\/"}}]}},"_links":{"self":[{"href":"https:\/\/www.garbitania.eus\/es\/wp-json\/wp\/v2\/pages\/991","targetHints":{"allow":["GET"]}}],"collection":[{"href":"https:\/\/www.garbitania.eus\/es\/wp-json\/wp\/v2\/pages"}],"about":[{"href":"https:\/\/www.garbitania.eus\/es\/wp-json\/wp\/v2\/types\/page"}],"author":[{"embeddable":true,"href":"https:\/\/www.garbitania.eus\/es\/wp-json\/wp\/v2\/users\/1"}],"replies":[{"embeddable":true,"href":"https:\/\/www.garbitania.eus\/es\/wp-json\/wp\/v2\/comments?post=991"}],"version-history":[{"count":5,"href":"https:\/\/www.garbitania.eus\/es\/wp-json\/wp\/v2\/pages\/991\/revisions"}],"predecessor-version":[{"id":2193,"href":"https:\/\/www.garbitania.eus\/es\/wp-json\/wp\/v2\/pages\/991\/revisions\/2193"}],"up":[{"embeddable":true,"href":"https:\/\/www.garbitania.eus\/es\/wp-json\/wp\/v2\/pages\/979"}],"wp:attachment":[{"href":"https:\/\/www.garbitania.eus\/es\/wp-json\/wp\/v2\/media?parent=991"}],"curies":[{"name":"wp","href":"https:\/\/api.w.org\/{rel}","templated":true}]}}