{"id":989,"date":"2020-04-21T09:46:27","date_gmt":"2020-04-21T07:46:27","guid":{"rendered":"http:\/\/garbitania.eus\/?page_id=989"},"modified":"2020-04-22T10:36:09","modified_gmt":"2020-04-22T08:36:09","slug":"limpieza-viaria","status":"publish","type":"page","link":"https:\/\/www.garbitania.eus\/es\/servicios\/limpieza-viaria\/","title":{"rendered":"Limpieza viaria"},"content":{"rendered":"\t\t<div data-elementor-type=\"wp-page\" data-elementor-id=\"989\" class=\"elementor elementor-989 elementor-15\" data-elementor-post-type=\"page\">\n\t\t\t\t\t\t<section class=\"elementor-section elementor-top-section elementor-element elementor-element-c02a8ac elementor-section-boxed elementor-section-height-default elementor-section-height-default\" data-id=\"c02a8ac\" data-element_type=\"section\">\n\t\t\t\t\t\t<div class=\"elementor-container elementor-column-gap-default\">\n\t\t\t\t\t<div class=\"elementor-column elementor-col-50 elementor-top-column elementor-element elementor-element-a7cebc4\" data-id=\"a7cebc4\" data-element_type=\"column\">\n\t\t\t<div class=\"elementor-widget-wrap elementor-element-populated\">\n\t\t\t\t\t\t<div class=\"elementor-element elementor-element-4c40395 elementor-widget elementor-widget-text-editor\" data-id=\"4c40395\" data-element_type=\"widget\" data-widget_type=\"text-editor.default\">\n\t\t\t\t<div class=\"elementor-widget-container\">\n\t\t\t\t\t\t\t\t\t<p>Aunque se crea que la influencia del servicio de limpieza viaria en el sistema de gesti\u00f3n de residuos es m\u00ednima, cabe destacar que el papel de aqu\u00e9lla es importante dentro del sistema global. Puesto que la recogida selectiva de los residuos exige la reorganizaci\u00f3n, la reubicaci\u00f3n y la readaptaci\u00f3n de las papeleras y recipientes urbanos.<\/p><p>Se deben habilitar los medios para que la ciudadan\u00eda clasifique bien sus residuos tanto en casa como en la calle; puesto que el hecho de depositar el material reciclable correctamente tambi\u00e9n cuando nos encontremos en la v\u00eda p\u00fablica, repercutir\u00e1 en la\u00a0 disminuci\u00f3n de la cantidad de rechazo municipal generado, posibilitado de un ahorro en los costes de tratamiento de residuos del municipio.<\/p><p>Depositando adecuadamente en su lugar los residuos la ciudadan\u00eda obtendr\u00e1 los siguientes beneficios: el uso adecuado del espacio p\u00fablico, evitar el derroche del dinero p\u00fablico, evitar focos insalubres, etc. Te ayudaremos a educar en esos valores la ciudadan\u00eda.<\/p><p>Para la consecuci\u00f3n de esos logros, sin embargo, adem\u00e1s de realizar campa\u00f1as de comunicaci\u00f3n y campa\u00f1as educativas, se debe realizar adecuadamente la recogida de estas papeleras. Para ello, realizaremos la recogida identificando las bolsas y, al final de la recogida, separaremos el contenido de las mismas, en la medida de lo posible, en las correspondientes fracciones; de esta manera introduciremos de nuevo en el circuito los materiales reciclables.<\/p>\t\t\t\t\t\t\t\t<\/div>\n\t\t\t\t<\/div>\n\t\t\t\t\t<\/div>\n\t\t<\/div>\n\t\t\t\t<div class=\"elementor-column elementor-col-50 elementor-top-column elementor-element elementor-element-798b89f\" data-id=\"798b89f\" data-element_type=\"column\">\n\t\t\t<div class=\"elementor-widget-wrap elementor-element-populated\">\n\t\t\t\t\t\t<div class=\"elementor-element elementor-element-4c56101 elementor-widget elementor-widget-image\" data-id=\"4c56101\" data-element_type=\"widget\" data-widget_type=\"image.default\">\n\t\t\t\t<div class=\"elementor-widget-container\">\n\t\t\t\t\t\t\t\t\t\t\t\t\t\t\t<img fetchpriority=\"high\" decoding=\"async\" width=\"1200\" height=\"800\" src=\"https:\/\/www.garbitania.eus\/wp-content\/uploads\/2020\/04\/garbitania-lan-taldea-1200x800.jpg\" class=\"attachment-large size-large wp-image-635\" alt=\"\" srcset=\"https:\/\/www.garbitania.eus\/wp-content\/uploads\/2020\/04\/garbitania-lan-taldea-1200x800.jpg 1200w, https:\/\/www.garbitania.eus\/wp-content\/uploads\/2020\/04\/garbitania-lan-taldea-600x400.jpg 600w, https:\/\/www.garbitania.eus\/wp-content\/uploads\/2020\/04\/garbitania-lan-taldea-768x513.jpg 768w, https:\/\/www.garbitania.eus\/wp-content\/uploads\/2020\/04\/garbitania-lan-taldea-500x334.jpg 500w, https:\/\/www.garbitania.eus\/wp-content\/uploads\/2020\/04\/garbitania-lan-taldea-800x534.jpg 800w, https:\/\/www.garbitania.eus\/wp-content\/uploads\/2020\/04\/garbitania-lan-taldea-1280x854.jpg 1280w, https:\/\/www.garbitania.eus\/wp-content\/uploads\/2020\/04\/garbitania-lan-taldea.jpg 1500w\" sizes=\"(max-width: 1200px) 100vw, 1200px\" \/>\t\t\t\t\t\t\t\t\t\t\t\t\t\t\t<\/div>\n\t\t\t\t<\/div>\n\t\t\t\t\t<\/div>\n\t\t<\/div>\n\t\t\t\t\t<\/div>\n\t\t<\/section>\n\t\t\t\t<\/div>\n\t\t","protected":false},"excerpt":{"rendered":"<p>Aunque se crea que la influencia del servicio de limpieza viaria en el sistema de gesti\u00f3n de residuos es m\u00ednima, cabe destacar que el papel de aqu\u00e9lla es importante dentro del sistema global. Puesto que la recogida selectiva de los residuos exige la reorganizaci\u00f3n, la reubicaci\u00f3n y la readaptaci\u00f3n de las papeleras y recipientes urbanos. [&hellip;]<\/p>\n","protected":false},"author":1,"featured_media":657,"parent":979,"menu_order":0,"comment_status":"closed","ping_status":"closed","template":"","meta":{"site-sidebar-layout":"no-sidebar","site-content-layout":"page-builder","ast-site-content-layout":"default","site-content-style":"default","site-sidebar-style":"default","ast-global-header-display":"","ast-banner-title-visibility":"","ast-main-header-display":"","ast-hfb-above-header-display":"","ast-hfb-below-header-display":"","ast-hfb-mobile-header-display":"","site-post-title":"","ast-breadcrumbs-content":"","ast-featured-img":"","footer-sml-layout":"","theme-transparent-header-meta":"default","adv-header-id-meta":"","stick-header-meta":"","header-above-stick-meta":"","header-main-stick-meta":"","header-below-stick-meta":"","astra-migrate-meta-layouts":"default","ast-page-background-enabled":"default","ast-page-background-meta":{"desktop":{"background-color":"","background-image":"","background-repeat":"repeat","background-position":"center center","background-size":"auto","background-attachment":"scroll","background-type":"","background-media":"","overlay-type":"","overlay-color":"","overlay-opacity":"","overlay-gradient":""},"tablet":{"background-color":"","background-image":"","background-repeat":"repeat","background-position":"center center","background-size":"auto","background-attachment":"scroll","background-type":"","background-media":"","overlay-type":"","overlay-color":"","overlay-opacity":"","overlay-gradient":""},"mobile":{"background-color":"","background-image":"","background-repeat":"repeat","background-position":"center center","background-size":"auto","background-attachment":"scroll","background-type":"","background-media":"","overlay-type":"","overlay-color":"","overlay-opacity":"","overlay-gradient":""}},"ast-content-background-meta":{"desktop":{"background-color":"var(--ast-global-color-5)","background-image":"","background-repeat":"repeat","background-position":"center center","background-size":"auto","background-attachment":"scroll","background-type":"","background-media":"","overlay-type":"","overlay-color":"","overlay-opacity":"","overlay-gradient":""},"tablet":{"background-color":"var(--ast-global-color-5)","background-image":"","background-repeat":"repeat","background-position":"center center","background-size":"auto","background-attachment":"scroll","background-type":"","background-media":"","overlay-type":"","overlay-color":"","overlay-opacity":"","overlay-gradient":""},"mobile":{"background-color":"var(--ast-global-color-5)","background-image":"","background-repeat":"repeat","background-position":"center center","background-size":"auto","background-attachment":"scroll","background-type":"","background-media":"","overlay-type":"","overlay-color":"","overlay-opacity":"","overlay-gradient":""}},"footnotes":""},"class_list":["post-989","page","type-page","status-publish","has-post-thumbnail","hentry"],"yoast_head":"<!-- This site is optimized with the Yoast SEO plugin v25.4 - https:\/\/yoast.com\/wordpress\/plugins\/seo\/ -->\n<title>Limpieza viaria - Garbitania<\/title>\n<meta name=\"robots\" content=\"index, follow, max-snippet:-1, max-image-preview:large, max-video-preview:-1\" \/>\n<link rel=\"canonical\" href=\"https:\/\/www.garbitania.eus\/es\/servicios\/limpieza-viaria\/\" \/>\n<meta property=\"og:locale\" content=\"es_ES\" \/>\n<meta property=\"og:type\" content=\"article\" \/>\n<meta property=\"og:title\" content=\"Limpieza viaria - Garbitania\" \/>\n<meta property=\"og:description\" content=\"Aunque se crea que la influencia del servicio de limpieza viaria en el sistema de gesti\u00f3n de residuos es m\u00ednima, cabe destacar que el papel de aqu\u00e9lla es importante dentro del sistema global. Puesto que la recogida selectiva de los residuos exige la reorganizaci\u00f3n, la reubicaci\u00f3n y la readaptaci\u00f3n de las papeleras y recipientes urbanos. [&hellip;]\" \/>\n<meta property=\"og:url\" content=\"https:\/\/www.garbitania.eus\/es\/servicios\/limpieza-viaria\/\" \/>\n<meta property=\"og:site_name\" content=\"Garbitania\" \/>\n<meta property=\"article:modified_time\" content=\"2020-04-22T08:36:09+00:00\" \/>\n<meta property=\"og:image\" content=\"https:\/\/www.garbitania.eus\/wp-content\/uploads\/2020\/04\/kale-garbiketa-limpieza-calle.jpg\" \/>\n\t<meta property=\"og:image:width\" content=\"1500\" \/>\n\t<meta property=\"og:image:height\" content=\"1001\" \/>\n\t<meta property=\"og:image:type\" content=\"image\/jpeg\" \/>\n<meta name=\"twitter:card\" content=\"summary_large_image\" \/>\n<meta name=\"twitter:label1\" content=\"Tiempo de lectura\" \/>\n\t<meta name=\"twitter:data1\" content=\"1 minuto\" \/>\n<script type=\"application\/ld+json\" class=\"yoast-schema-graph\">{\"@context\":\"https:\/\/schema.org\",\"@graph\":[{\"@type\":\"WebPage\",\"@id\":\"https:\/\/www.garbitania.eus\/es\/servicios\/limpieza-viaria\/\",\"url\":\"https:\/\/www.garbitania.eus\/es\/servicios\/limpieza-viaria\/\",\"name\":\"Limpieza viaria - Garbitania\",\"isPartOf\":{\"@id\":\"https:\/\/www.garbitania.eus\/es\/#website\"},\"primaryImageOfPage\":{\"@id\":\"https:\/\/www.garbitania.eus\/es\/servicios\/limpieza-viaria\/#primaryimage\"},\"image\":{\"@id\":\"https:\/\/www.garbitania.eus\/es\/servicios\/limpieza-viaria\/#primaryimage\"},\"thumbnailUrl\":\"https:\/\/www.garbitania.eus\/wp-content\/uploads\/2020\/04\/kale-garbiketa-limpieza-calle.jpg\",\"datePublished\":\"2020-04-21T07:46:27+00:00\",\"dateModified\":\"2020-04-22T08:36:09+00:00\",\"breadcrumb\":{\"@id\":\"https:\/\/www.garbitania.eus\/es\/servicios\/limpieza-viaria\/#breadcrumb\"},\"inLanguage\":\"es\",\"potentialAction\":[{\"@type\":\"ReadAction\",\"target\":[\"https:\/\/www.garbitania.eus\/es\/servicios\/limpieza-viaria\/\"]}]},{\"@type\":\"ImageObject\",\"inLanguage\":\"es\",\"@id\":\"https:\/\/www.garbitania.eus\/es\/servicios\/limpieza-viaria\/#primaryimage\",\"url\":\"https:\/\/www.garbitania.eus\/wp-content\/uploads\/2020\/04\/kale-garbiketa-limpieza-calle.jpg\",\"contentUrl\":\"https:\/\/www.garbitania.eus\/wp-content\/uploads\/2020\/04\/kale-garbiketa-limpieza-calle.jpg\",\"width\":1500,\"height\":1001},{\"@type\":\"BreadcrumbList\",\"@id\":\"https:\/\/www.garbitania.eus\/es\/servicios\/limpieza-viaria\/#breadcrumb\",\"itemListElement\":[{\"@type\":\"ListItem\",\"position\":1,\"name\":\"Home\",\"item\":\"https:\/\/www.garbitania.eus\/es\/\"},{\"@type\":\"ListItem\",\"position\":2,\"name\":\"Servicios\",\"item\":\"https:\/\/www.garbitania.eus\/es\/servicios\/\"},{\"@type\":\"ListItem\",\"position\":3,\"name\":\"Limpieza viaria\"}]},{\"@type\":\"WebSite\",\"@id\":\"https:\/\/www.garbitania.eus\/es\/#website\",\"url\":\"https:\/\/www.garbitania.eus\/es\/\",\"name\":\"Garbitania\",\"description\":\"\",\"publisher\":{\"@id\":\"https:\/\/www.garbitania.eus\/es\/#organization\"},\"potentialAction\":[{\"@type\":\"SearchAction\",\"target\":{\"@type\":\"EntryPoint\",\"urlTemplate\":\"https:\/\/www.garbitania.eus\/es\/?s={search_term_string}\"},\"query-input\":{\"@type\":\"PropertyValueSpecification\",\"valueRequired\":true,\"valueName\":\"search_term_string\"}}],\"inLanguage\":\"es\"},{\"@type\":\"Organization\",\"@id\":\"https:\/\/www.garbitania.eus\/es\/#organization\",\"name\":\"Garbitania\",\"url\":\"https:\/\/www.garbitania.eus\/es\/\",\"logo\":{\"@type\":\"ImageObject\",\"inLanguage\":\"es\",\"@id\":\"https:\/\/www.garbitania.eus\/es\/#\/schema\/logo\/image\/\",\"url\":\"https:\/\/www.garbitania.eus\/wp-content\/uploads\/2020\/01\/cropped-Garbitania-logotipoa.png\",\"contentUrl\":\"https:\/\/www.garbitania.eus\/wp-content\/uploads\/2020\/01\/cropped-Garbitania-logotipoa.png\",\"width\":512,\"height\":137,\"caption\":\"Garbitania\"},\"image\":{\"@id\":\"https:\/\/www.garbitania.eus\/es\/#\/schema\/logo\/image\/\"}}]}<\/script>\n<!-- \/ Yoast SEO plugin. -->","yoast_head_json":{"title":"Limpieza viaria - Garbitania","robots":{"index":"index","follow":"follow","max-snippet":"max-snippet:-1","max-image-preview":"max-image-preview:large","max-video-preview":"max-video-preview:-1"},"canonical":"https:\/\/www.garbitania.eus\/es\/servicios\/limpieza-viaria\/","og_locale":"es_ES","og_type":"article","og_title":"Limpieza viaria - Garbitania","og_description":"Aunque se crea que la influencia del servicio de limpieza viaria en el sistema de gesti\u00f3n de residuos es m\u00ednima, cabe destacar que el papel de aqu\u00e9lla es importante dentro del sistema global. Puesto que la recogida selectiva de los residuos exige la reorganizaci\u00f3n, la reubicaci\u00f3n y la readaptaci\u00f3n de las papeleras y recipientes urbanos. [&hellip;]","og_url":"https:\/\/www.garbitania.eus\/es\/servicios\/limpieza-viaria\/","og_site_name":"Garbitania","article_modified_time":"2020-04-22T08:36:09+00:00","og_image":[{"width":1500,"height":1001,"url":"https:\/\/www.garbitania.eus\/wp-content\/uploads\/2020\/04\/kale-garbiketa-limpieza-calle.jpg","type":"image\/jpeg"}],"twitter_card":"summary_large_image","twitter_misc":{"Tiempo de lectura":"1 minuto"},"schema":{"@context":"https:\/\/schema.org","@graph":[{"@type":"WebPage","@id":"https:\/\/www.garbitania.eus\/es\/servicios\/limpieza-viaria\/","url":"https:\/\/www.garbitania.eus\/es\/servicios\/limpieza-viaria\/","name":"Limpieza viaria - Garbitania","isPartOf":{"@id":"https:\/\/www.garbitania.eus\/es\/#website"},"primaryImageOfPage":{"@id":"https:\/\/www.garbitania.eus\/es\/servicios\/limpieza-viaria\/#primaryimage"},"image":{"@id":"https:\/\/www.garbitania.eus\/es\/servicios\/limpieza-viaria\/#primaryimage"},"thumbnailUrl":"https:\/\/www.garbitania.eus\/wp-content\/uploads\/2020\/04\/kale-garbiketa-limpieza-calle.jpg","datePublished":"2020-04-21T07:46:27+00:00","dateModified":"2020-04-22T08:36:09+00:00","breadcrumb":{"@id":"https:\/\/www.garbitania.eus\/es\/servicios\/limpieza-viaria\/#breadcrumb"},"inLanguage":"es","potentialAction":[{"@type":"ReadAction","target":["https:\/\/www.garbitania.eus\/es\/servicios\/limpieza-viaria\/"]}]},{"@type":"ImageObject","inLanguage":"es","@id":"https:\/\/www.garbitania.eus\/es\/servicios\/limpieza-viaria\/#primaryimage","url":"https:\/\/www.garbitania.eus\/wp-content\/uploads\/2020\/04\/kale-garbiketa-limpieza-calle.jpg","contentUrl":"https:\/\/www.garbitania.eus\/wp-content\/uploads\/2020\/04\/kale-garbiketa-limpieza-calle.jpg","width":1500,"height":1001},{"@type":"BreadcrumbList","@id":"https:\/\/www.garbitania.eus\/es\/servicios\/limpieza-viaria\/#breadcrumb","itemListElement":[{"@type":"ListItem","position":1,"name":"Home","item":"https:\/\/www.garbitania.eus\/es\/"},{"@type":"ListItem","position":2,"name":"Servicios","item":"https:\/\/www.garbitania.eus\/es\/servicios\/"},{"@type":"ListItem","position":3,"name":"Limpieza viaria"}]},{"@type":"WebSite","@id":"https:\/\/www.garbitania.eus\/es\/#website","url":"https:\/\/www.garbitania.eus\/es\/","name":"Garbitania","description":"","publisher":{"@id":"https:\/\/www.garbitania.eus\/es\/#organization"},"potentialAction":[{"@type":"SearchAction","target":{"@type":"EntryPoint","urlTemplate":"https:\/\/www.garbitania.eus\/es\/?s={search_term_string}"},"query-input":{"@type":"PropertyValueSpecification","valueRequired":true,"valueName":"search_term_string"}}],"inLanguage":"es"},{"@type":"Organization","@id":"https:\/\/www.garbitania.eus\/es\/#organization","name":"Garbitania","url":"https:\/\/www.garbitania.eus\/es\/","logo":{"@type":"ImageObject","inLanguage":"es","@id":"https:\/\/www.garbitania.eus\/es\/#\/schema\/logo\/image\/","url":"https:\/\/www.garbitania.eus\/wp-content\/uploads\/2020\/01\/cropped-Garbitania-logotipoa.png","contentUrl":"https:\/\/www.garbitania.eus\/wp-content\/uploads\/2020\/01\/cropped-Garbitania-logotipoa.png","width":512,"height":137,"caption":"Garbitania"},"image":{"@id":"https:\/\/www.garbitania.eus\/es\/#\/schema\/logo\/image\/"}}]}},"_links":{"self":[{"href":"https:\/\/www.garbitania.eus\/es\/wp-json\/wp\/v2\/pages\/989","targetHints":{"allow":["GET"]}}],"collection":[{"href":"https:\/\/www.garbitania.eus\/es\/wp-json\/wp\/v2\/pages"}],"about":[{"href":"https:\/\/www.garbitania.eus\/es\/wp-json\/wp\/v2\/types\/page"}],"author":[{"embeddable":true,"href":"https:\/\/www.garbitania.eus\/es\/wp-json\/wp\/v2\/users\/1"}],"replies":[{"embeddable":true,"href":"https:\/\/www.garbitania.eus\/es\/wp-json\/wp\/v2\/comments?post=989"}],"version-history":[{"count":3,"href":"https:\/\/www.garbitania.eus\/es\/wp-json\/wp\/v2\/pages\/989\/revisions"}],"predecessor-version":[{"id":1037,"href":"https:\/\/www.garbitania.eus\/es\/wp-json\/wp\/v2\/pages\/989\/revisions\/1037"}],"up":[{"embeddable":true,"href":"https:\/\/www.garbitania.eus\/es\/wp-json\/wp\/v2\/pages\/979"}],"wp:featuredmedia":[{"embeddable":true,"href":"https:\/\/www.garbitania.eus\/es\/wp-json\/wp\/v2\/media\/657"}],"wp:attachment":[{"href":"https:\/\/www.garbitania.eus\/es\/wp-json\/wp\/v2\/media?parent=989"}],"curies":[{"name":"wp","href":"https:\/\/api.w.org\/{rel}","templated":true}]}}