{"id":977,"date":"2020-04-21T09:40:32","date_gmt":"2020-04-21T07:40:32","guid":{"rendered":"http:\/\/garbitania.eus\/?page_id=977"},"modified":"2020-04-22T19:32:58","modified_gmt":"2020-04-22T17:32:58","slug":"cero-residuos","status":"publish","type":"page","link":"https:\/\/www.garbitania.eus\/es\/quienes-somos\/cero-residuos\/","title":{"rendered":"Cero residuos"},"content":{"rendered":"\t\t<div data-elementor-type=\"wp-page\" data-elementor-id=\"977\" class=\"elementor elementor-977 elementor-45\" data-elementor-post-type=\"page\">\n\t\t\t\t\t\t<section class=\"elementor-section elementor-top-section elementor-element elementor-element-10e037bb elementor-section-boxed elementor-section-height-default elementor-section-height-default\" data-id=\"10e037bb\" data-element_type=\"section\">\n\t\t\t\t\t\t<div class=\"elementor-container elementor-column-gap-default\">\n\t\t\t\t\t<div class=\"elementor-column elementor-col-25 elementor-top-column elementor-element elementor-element-3cdd1577\" data-id=\"3cdd1577\" data-element_type=\"column\">\n\t\t\t<div class=\"elementor-widget-wrap\">\n\t\t\t\t\t\t\t<\/div>\n\t\t<\/div>\n\t\t\t\t<div class=\"elementor-column elementor-col-50 elementor-top-column elementor-element elementor-element-60fdfa78\" data-id=\"60fdfa78\" data-element_type=\"column\">\n\t\t\t<div class=\"elementor-widget-wrap elementor-element-populated\">\n\t\t\t\t\t\t<div class=\"elementor-element elementor-element-34f4bb88 elementor-widget elementor-widget-text-editor\" data-id=\"34f4bb88\" data-element_type=\"widget\" data-widget_type=\"text-editor.default\">\n\t\t\t\t<div class=\"elementor-widget-container\">\n\t\t\t\t\t\t\t\t\t<h2>Modelo de gesti\u00f3n<\/h2><h3>El modelo de gesti\u00f3n &#8216;Cero Residuos&#8217; es nuestro eje<\/h3><p>El objetivo es crear la menor cantidad posible de residuos, y maximizar la reutilizaci\u00f3n y reciclaje.<\/p><p>La naturaleza no crea desperdicios. Todo tiene su ciclo y ese ciclo no se altera nunca, ya que todo sigue teniendo siempre una utilidad. El ser humano es la \u00fanica especie que genera basura. La sociedad de consumo se basa en comprar, utilizar y tirar, aun sabiendo que dicha actuaci\u00f3n no es viable ni desde el punto de vista \u00e9tico, ni tampoco desde el econ\u00f3mico y ecol\u00f3gico.<\/p><p>El modelo de gesti\u00f3n \u201cCero Residuos\u201d invierte esa realidad. El objetivo es no generar desperdicio alguno, y para ello hay que cambiar el modelo social. Todo tipo de actividad econ\u00f3mica tiene que estar dirigido a generar menos residuos, a reutilizar y a reciclar. Los residuos de unos tienen que ser la materia prima de otros, no basura.<\/p>\t\t\t\t\t\t\t\t<\/div>\n\t\t\t\t<\/div>\n\t\t\t\t\t<\/div>\n\t\t<\/div>\n\t\t\t\t<div class=\"elementor-column elementor-col-25 elementor-top-column elementor-element elementor-element-2aa77cc3\" data-id=\"2aa77cc3\" data-element_type=\"column\">\n\t\t\t<div class=\"elementor-widget-wrap\">\n\t\t\t\t\t\t\t<\/div>\n\t\t<\/div>\n\t\t\t\t\t<\/div>\n\t\t<\/section>\n\t\t\t\t<section class=\"elementor-section elementor-top-section elementor-element elementor-element-7053169a fondo-grisa elementor-section-boxed elementor-section-height-default elementor-section-height-default\" data-id=\"7053169a\" data-element_type=\"section\" data-settings=\"{&quot;background_background&quot;:&quot;classic&quot;}\">\n\t\t\t\t\t\t<div class=\"elementor-container elementor-column-gap-default\">\n\t\t\t\t\t<div class=\"elementor-column elementor-col-33 elementor-top-column elementor-element elementor-element-3d4afb6a\" data-id=\"3d4afb6a\" data-element_type=\"column\">\n\t\t\t<div class=\"elementor-widget-wrap elementor-element-populated\">\n\t\t\t\t\t\t<div class=\"elementor-element elementor-element-ac10539 elementor-widget elementor-widget-text-editor\" data-id=\"ac10539\" data-element_type=\"widget\" data-widget_type=\"text-editor.default\">\n\t\t\t\t<div class=\"elementor-widget-container\">\n\t\t\t\t\t\t\t\t\t<h3>Productos y servicios duraderos, reutilizables y reciclables<\/h3><p>Los productos y servicios tienen que ser dise\u00f1ados con la menor cantidad de material posible y todo tiene que ser reciclado. Adem\u00e1s, una vez acabada su vida \u00fatil, tienen que ser reutilizables o reciclables.<\/p>\t\t\t\t\t\t\t\t<\/div>\n\t\t\t\t<\/div>\n\t\t\t\t\t<\/div>\n\t\t<\/div>\n\t\t\t\t<div class=\"elementor-column elementor-col-33 elementor-top-column elementor-element elementor-element-10d0b9c\" data-id=\"10d0b9c\" data-element_type=\"column\">\n\t\t\t<div class=\"elementor-widget-wrap elementor-element-populated\">\n\t\t\t\t\t\t<div class=\"elementor-element elementor-element-9de0e27 elementor-widget elementor-widget-text-editor\" data-id=\"9de0e27\" data-element_type=\"widget\" data-widget_type=\"text-editor.default\">\n\t\t\t\t<div class=\"elementor-widget-container\">\n\t\t\t\t\t\t\t\t\t<h3>No a las subvenciones contaminantes y derrochadoras<\/h3><p>La poluci\u00f3n, el consumo de energ\u00eda y el perjuicio a la naturaleza empiezan con la extracci\u00f3n y gesti\u00f3n de las materias primas. Muchas empresas que basan su negocio en ello reciben subvenciones de la administraci\u00f3n, gracias a las aportaciones de los y las contribuyentes. Es necesario acabar con esas subvenciones para que los productos reutilizables y reciclables tengan en el mercado el sitio que se merecen.<\/p>\t\t\t\t\t\t\t\t<\/div>\n\t\t\t\t<\/div>\n\t\t\t\t\t<\/div>\n\t\t<\/div>\n\t\t\t\t<div class=\"elementor-column elementor-col-33 elementor-top-column elementor-element elementor-element-2bacd576\" data-id=\"2bacd576\" data-element_type=\"column\">\n\t\t\t<div class=\"elementor-widget-wrap elementor-element-populated\">\n\t\t\t\t\t\t<div class=\"elementor-element elementor-element-63d64b9f elementor-widget elementor-widget-text-editor\" data-id=\"63d64b9f\" data-element_type=\"widget\" data-widget_type=\"text-editor.default\">\n\t\t\t\t<div class=\"elementor-widget-container\">\n\t\t\t\t\t\t\t\t\t<h3>La responsabilidad de los residuos es de las empresas fabricantes<\/h3><p>Las personas responsables de los residuos que se generan en la producci\u00f3n de productos son las y los propios fabricantes, no los consumidores. Es responsabilidad de las empresas fabricantes usar la menor cantidad posible de materia prima, y que sus productos sean reutilizables y reciclables. <\/p>\t\t\t\t\t\t\t\t<\/div>\n\t\t\t\t<\/div>\n\t\t\t\t\t<\/div>\n\t\t<\/div>\n\t\t\t\t\t<\/div>\n\t\t<\/section>\n\t\t\t\t<section class=\"elementor-section elementor-top-section elementor-element elementor-element-32532bd1 elementor-section-boxed elementor-section-height-default elementor-section-height-default\" data-id=\"32532bd1\" data-element_type=\"section\">\n\t\t\t\t\t\t<div class=\"elementor-container elementor-column-gap-default\">\n\t\t\t\t\t<div class=\"elementor-column elementor-col-25 elementor-top-column elementor-element elementor-element-27a94b2c\" data-id=\"27a94b2c\" data-element_type=\"column\">\n\t\t\t<div class=\"elementor-widget-wrap\">\n\t\t\t\t\t\t\t<\/div>\n\t\t<\/div>\n\t\t\t\t<div class=\"elementor-column elementor-col-50 elementor-top-column elementor-element elementor-element-7cd6ae19\" data-id=\"7cd6ae19\" data-element_type=\"column\">\n\t\t\t<div class=\"elementor-widget-wrap elementor-element-populated\">\n\t\t\t\t\t\t<div class=\"elementor-element elementor-element-7548132f elementor-widget elementor-widget-text-editor\" data-id=\"7548132f\" data-element_type=\"widget\" data-widget_type=\"text-editor.default\">\n\t\t\t\t<div class=\"elementor-widget-container\">\n\t\t\t\t\t\t\t\t\t<h3>M\u00e1s empleo<\/h3><p>Al verter los residuos a los vertederos y a las plantas incineradoras, adem\u00e1s de perder materia prima, tambi\u00e9n se pierden puestos de trabajo. La gesti\u00f3n correcta y eficaz de los residuos reciclables crea diez veces m\u00e1s empleo que los vertederos y las plantas incineradoras.<\/p><p><em>Brenda A. Platt and David Morris, The Economic Benefits of Recycling (Washington, DC: Institute for Local Self-Reliance, February 1993).<br \/><\/em><\/p>\t\t\t\t\t\t\t\t<\/div>\n\t\t\t\t<\/div>\n\t\t\t\t<div class=\"elementor-element elementor-element-996e2c4 elementor-widget elementor-widget-text-editor\" data-id=\"996e2c4\" data-element_type=\"widget\" data-widget_type=\"text-editor.default\">\n\t\t\t\t<div class=\"elementor-widget-container\">\n\t\t\t\t\t\t\t\t\t<h3>Productos y servicios duraderos, reutilizables y reciclables<\/h3>\n<p>Los productos y servicios tienen que ser dise\u00f1ados con la menor cantidad de material posible y todo tiene que ser reciclado. Adem\u00e1s, una vez acabada su vida \u00fatil, tienen que ser reutilizables o reciclables.<\/p>\t\t\t\t\t\t\t\t<\/div>\n\t\t\t\t<\/div>\n\t\t\t\t<div class=\"elementor-element elementor-element-719eea1 elementor-widget elementor-widget-text-editor\" data-id=\"719eea1\" data-element_type=\"widget\" data-widget_type=\"text-editor.default\">\n\t\t\t\t<div class=\"elementor-widget-container\">\n\t\t\t\t\t\t\t\t\t<h3>Inversiones responsables<\/h3><p>Las administraciones p\u00fablicas y las empresas privadas deben priorizar los sistemas de tratamiento y valorizaci\u00f3n que permiten reutilizar y reciclar los residuos.<\/p>\t\t\t\t\t\t\t\t<\/div>\n\t\t\t\t<\/div>\n\t\t\t\t\t<\/div>\n\t\t<\/div>\n\t\t\t\t<div class=\"elementor-column elementor-col-25 elementor-top-column elementor-element elementor-element-15287ea8\" data-id=\"15287ea8\" data-element_type=\"column\">\n\t\t\t<div class=\"elementor-widget-wrap\">\n\t\t\t\t\t\t\t<\/div>\n\t\t<\/div>\n\t\t\t\t\t<\/div>\n\t\t<\/section>\n\t\t\t\t<\/div>\n\t\t","protected":false},"excerpt":{"rendered":"<p>Modelo de gesti\u00f3n El modelo de gesti\u00f3n &#8216;Cero Residuos&#8217; es nuestro eje El objetivo es crear la menor cantidad posible de residuos, y maximizar la reutilizaci\u00f3n y reciclaje. La naturaleza no crea desperdicios. Todo tiene su ciclo y ese ciclo no se altera nunca, ya que todo sigue teniendo siempre una utilidad. El ser humano [&hellip;]<\/p>\n","protected":false},"author":1,"featured_media":629,"parent":963,"menu_order":0,"comment_status":"closed","ping_status":"closed","template":"","meta":{"site-sidebar-layout":"no-sidebar","site-content-layout":"page-builder","ast-site-content-layout":"default","site-content-style":"default","site-sidebar-style":"default","ast-global-header-display":"","ast-banner-title-visibility":"","ast-main-header-display":"","ast-hfb-above-header-display":"","ast-hfb-below-header-display":"","ast-hfb-mobile-header-display":"","site-post-title":"","ast-breadcrumbs-content":"","ast-featured-img":"","footer-sml-layout":"","theme-transparent-header-meta":"default","adv-header-id-meta":"","stick-header-meta":"","header-above-stick-meta":"","header-main-stick-meta":"","header-below-stick-meta":"","astra-migrate-meta-layouts":"default","ast-page-background-enabled":"default","ast-page-background-meta":{"desktop":{"background-color":"","background-image":"","background-repeat":"repeat","background-position":"center center","background-size":"auto","background-attachment":"scroll","background-type":"","background-media":"","overlay-type":"","overlay-color":"","overlay-opacity":"","overlay-gradient":""},"tablet":{"background-color":"","background-image":"","background-repeat":"repeat","background-position":"center center","background-size":"auto","background-attachment":"scroll","background-type":"","background-media":"","overlay-type":"","overlay-color":"","overlay-opacity":"","overlay-gradient":""},"mobile":{"background-color":"","background-image":"","background-repeat":"repeat","background-position":"center center","background-size":"auto","background-attachment":"scroll","background-type":"","background-media":"","overlay-type":"","overlay-color":"","overlay-opacity":"","overlay-gradient":""}},"ast-content-background-meta":{"desktop":{"background-color":"var(--ast-global-color-5)","background-image":"","background-repeat":"repeat","background-position":"center center","background-size":"auto","background-attachment":"scroll","background-type":"","background-media":"","overlay-type":"","overlay-color":"","overlay-opacity":"","overlay-gradient":""},"tablet":{"background-color":"var(--ast-global-color-5)","background-image":"","background-repeat":"repeat","background-position":"center center","background-size":"auto","background-attachment":"scroll","background-type":"","background-media":"","overlay-type":"","overlay-color":"","overlay-opacity":"","overlay-gradient":""},"mobile":{"background-color":"var(--ast-global-color-5)","background-image":"","background-repeat":"repeat","background-position":"center center","background-size":"auto","background-attachment":"scroll","background-type":"","background-media":"","overlay-type":"","overlay-color":"","overlay-opacity":"","overlay-gradient":""}},"footnotes":""},"class_list":["post-977","page","type-page","status-publish","has-post-thumbnail","hentry"],"yoast_head":"<!-- This site is optimized with the Yoast SEO plugin v25.4 - https:\/\/yoast.com\/wordpress\/plugins\/seo\/ -->\n<title>Cero residuos - Garbitania<\/title>\n<meta name=\"robots\" content=\"index, follow, max-snippet:-1, max-image-preview:large, max-video-preview:-1\" \/>\n<link rel=\"canonical\" href=\"https:\/\/www.garbitania.eus\/es\/quienes-somos\/cero-residuos\/\" \/>\n<meta property=\"og:locale\" content=\"es_ES\" \/>\n<meta property=\"og:type\" content=\"article\" \/>\n<meta property=\"og:title\" content=\"Cero residuos - Garbitania\" \/>\n<meta property=\"og:description\" content=\"Modelo de gesti\u00f3n El modelo de gesti\u00f3n &#8216;Cero Residuos&#8217; es nuestro eje El objetivo es crear la menor cantidad posible de residuos, y maximizar la reutilizaci\u00f3n y reciclaje. La naturaleza no crea desperdicios. Todo tiene su ciclo y ese ciclo no se altera nunca, ya que todo sigue teniendo siempre una utilidad. El ser humano [&hellip;]\" \/>\n<meta property=\"og:url\" content=\"https:\/\/www.garbitania.eus\/es\/quienes-somos\/cero-residuos\/\" \/>\n<meta property=\"og:site_name\" content=\"Garbitania\" \/>\n<meta property=\"article:modified_time\" content=\"2020-04-22T17:32:58+00:00\" \/>\n<meta property=\"og:image\" content=\"https:\/\/www.garbitania.eus\/wp-content\/uploads\/2020\/04\/paisaia-baserria-paisaje-caserio.jpg\" \/>\n\t<meta property=\"og:image:width\" content=\"1500\" \/>\n\t<meta property=\"og:image:height\" content=\"1001\" \/>\n\t<meta property=\"og:image:type\" content=\"image\/jpeg\" \/>\n<meta name=\"twitter:card\" content=\"summary_large_image\" \/>\n<meta name=\"twitter:label1\" content=\"Tiempo de lectura\" \/>\n\t<meta name=\"twitter:data1\" content=\"2 minutos\" \/>\n<script type=\"application\/ld+json\" class=\"yoast-schema-graph\">{\"@context\":\"https:\/\/schema.org\",\"@graph\":[{\"@type\":\"WebPage\",\"@id\":\"https:\/\/www.garbitania.eus\/es\/quienes-somos\/cero-residuos\/\",\"url\":\"https:\/\/www.garbitania.eus\/es\/quienes-somos\/cero-residuos\/\",\"name\":\"Cero residuos - Garbitania\",\"isPartOf\":{\"@id\":\"https:\/\/www.garbitania.eus\/es\/#website\"},\"primaryImageOfPage\":{\"@id\":\"https:\/\/www.garbitania.eus\/es\/quienes-somos\/cero-residuos\/#primaryimage\"},\"image\":{\"@id\":\"https:\/\/www.garbitania.eus\/es\/quienes-somos\/cero-residuos\/#primaryimage\"},\"thumbnailUrl\":\"https:\/\/www.garbitania.eus\/wp-content\/uploads\/2020\/04\/paisaia-baserria-paisaje-caserio.jpg\",\"datePublished\":\"2020-04-21T07:40:32+00:00\",\"dateModified\":\"2020-04-22T17:32:58+00:00\",\"breadcrumb\":{\"@id\":\"https:\/\/www.garbitania.eus\/es\/quienes-somos\/cero-residuos\/#breadcrumb\"},\"inLanguage\":\"es\",\"potentialAction\":[{\"@type\":\"ReadAction\",\"target\":[\"https:\/\/www.garbitania.eus\/es\/quienes-somos\/cero-residuos\/\"]}]},{\"@type\":\"ImageObject\",\"inLanguage\":\"es\",\"@id\":\"https:\/\/www.garbitania.eus\/es\/quienes-somos\/cero-residuos\/#primaryimage\",\"url\":\"https:\/\/www.garbitania.eus\/wp-content\/uploads\/2020\/04\/paisaia-baserria-paisaje-caserio.jpg\",\"contentUrl\":\"https:\/\/www.garbitania.eus\/wp-content\/uploads\/2020\/04\/paisaia-baserria-paisaje-caserio.jpg\",\"width\":1500,\"height\":1001},{\"@type\":\"BreadcrumbList\",\"@id\":\"https:\/\/www.garbitania.eus\/es\/quienes-somos\/cero-residuos\/#breadcrumb\",\"itemListElement\":[{\"@type\":\"ListItem\",\"position\":1,\"name\":\"Home\",\"item\":\"https:\/\/www.garbitania.eus\/es\/\"},{\"@type\":\"ListItem\",\"position\":2,\"name\":\"Qui\u00e9nes somos\",\"item\":\"https:\/\/www.garbitania.eus\/es\/quienes-somos\/\"},{\"@type\":\"ListItem\",\"position\":3,\"name\":\"Cero residuos\"}]},{\"@type\":\"WebSite\",\"@id\":\"https:\/\/www.garbitania.eus\/es\/#website\",\"url\":\"https:\/\/www.garbitania.eus\/es\/\",\"name\":\"Garbitania\",\"description\":\"\",\"publisher\":{\"@id\":\"https:\/\/www.garbitania.eus\/es\/#organization\"},\"potentialAction\":[{\"@type\":\"SearchAction\",\"target\":{\"@type\":\"EntryPoint\",\"urlTemplate\":\"https:\/\/www.garbitania.eus\/es\/?s={search_term_string}\"},\"query-input\":{\"@type\":\"PropertyValueSpecification\",\"valueRequired\":true,\"valueName\":\"search_term_string\"}}],\"inLanguage\":\"es\"},{\"@type\":\"Organization\",\"@id\":\"https:\/\/www.garbitania.eus\/es\/#organization\",\"name\":\"Garbitania\",\"url\":\"https:\/\/www.garbitania.eus\/es\/\",\"logo\":{\"@type\":\"ImageObject\",\"inLanguage\":\"es\",\"@id\":\"https:\/\/www.garbitania.eus\/es\/#\/schema\/logo\/image\/\",\"url\":\"https:\/\/www.garbitania.eus\/wp-content\/uploads\/2020\/01\/cropped-Garbitania-logotipoa.png\",\"contentUrl\":\"https:\/\/www.garbitania.eus\/wp-content\/uploads\/2020\/01\/cropped-Garbitania-logotipoa.png\",\"width\":512,\"height\":137,\"caption\":\"Garbitania\"},\"image\":{\"@id\":\"https:\/\/www.garbitania.eus\/es\/#\/schema\/logo\/image\/\"}}]}<\/script>\n<!-- \/ Yoast SEO plugin. -->","yoast_head_json":{"title":"Cero residuos - Garbitania","robots":{"index":"index","follow":"follow","max-snippet":"max-snippet:-1","max-image-preview":"max-image-preview:large","max-video-preview":"max-video-preview:-1"},"canonical":"https:\/\/www.garbitania.eus\/es\/quienes-somos\/cero-residuos\/","og_locale":"es_ES","og_type":"article","og_title":"Cero residuos - Garbitania","og_description":"Modelo de gesti\u00f3n El modelo de gesti\u00f3n &#8216;Cero Residuos&#8217; es nuestro eje El objetivo es crear la menor cantidad posible de residuos, y maximizar la reutilizaci\u00f3n y reciclaje. La naturaleza no crea desperdicios. Todo tiene su ciclo y ese ciclo no se altera nunca, ya que todo sigue teniendo siempre una utilidad. El ser humano [&hellip;]","og_url":"https:\/\/www.garbitania.eus\/es\/quienes-somos\/cero-residuos\/","og_site_name":"Garbitania","article_modified_time":"2020-04-22T17:32:58+00:00","og_image":[{"width":1500,"height":1001,"url":"https:\/\/www.garbitania.eus\/wp-content\/uploads\/2020\/04\/paisaia-baserria-paisaje-caserio.jpg","type":"image\/jpeg"}],"twitter_card":"summary_large_image","twitter_misc":{"Tiempo de lectura":"2 minutos"},"schema":{"@context":"https:\/\/schema.org","@graph":[{"@type":"WebPage","@id":"https:\/\/www.garbitania.eus\/es\/quienes-somos\/cero-residuos\/","url":"https:\/\/www.garbitania.eus\/es\/quienes-somos\/cero-residuos\/","name":"Cero residuos - Garbitania","isPartOf":{"@id":"https:\/\/www.garbitania.eus\/es\/#website"},"primaryImageOfPage":{"@id":"https:\/\/www.garbitania.eus\/es\/quienes-somos\/cero-residuos\/#primaryimage"},"image":{"@id":"https:\/\/www.garbitania.eus\/es\/quienes-somos\/cero-residuos\/#primaryimage"},"thumbnailUrl":"https:\/\/www.garbitania.eus\/wp-content\/uploads\/2020\/04\/paisaia-baserria-paisaje-caserio.jpg","datePublished":"2020-04-21T07:40:32+00:00","dateModified":"2020-04-22T17:32:58+00:00","breadcrumb":{"@id":"https:\/\/www.garbitania.eus\/es\/quienes-somos\/cero-residuos\/#breadcrumb"},"inLanguage":"es","potentialAction":[{"@type":"ReadAction","target":["https:\/\/www.garbitania.eus\/es\/quienes-somos\/cero-residuos\/"]}]},{"@type":"ImageObject","inLanguage":"es","@id":"https:\/\/www.garbitania.eus\/es\/quienes-somos\/cero-residuos\/#primaryimage","url":"https:\/\/www.garbitania.eus\/wp-content\/uploads\/2020\/04\/paisaia-baserria-paisaje-caserio.jpg","contentUrl":"https:\/\/www.garbitania.eus\/wp-content\/uploads\/2020\/04\/paisaia-baserria-paisaje-caserio.jpg","width":1500,"height":1001},{"@type":"BreadcrumbList","@id":"https:\/\/www.garbitania.eus\/es\/quienes-somos\/cero-residuos\/#breadcrumb","itemListElement":[{"@type":"ListItem","position":1,"name":"Home","item":"https:\/\/www.garbitania.eus\/es\/"},{"@type":"ListItem","position":2,"name":"Qui\u00e9nes somos","item":"https:\/\/www.garbitania.eus\/es\/quienes-somos\/"},{"@type":"ListItem","position":3,"name":"Cero residuos"}]},{"@type":"WebSite","@id":"https:\/\/www.garbitania.eus\/es\/#website","url":"https:\/\/www.garbitania.eus\/es\/","name":"Garbitania","description":"","publisher":{"@id":"https:\/\/www.garbitania.eus\/es\/#organization"},"potentialAction":[{"@type":"SearchAction","target":{"@type":"EntryPoint","urlTemplate":"https:\/\/www.garbitania.eus\/es\/?s={search_term_string}"},"query-input":{"@type":"PropertyValueSpecification","valueRequired":true,"valueName":"search_term_string"}}],"inLanguage":"es"},{"@type":"Organization","@id":"https:\/\/www.garbitania.eus\/es\/#organization","name":"Garbitania","url":"https:\/\/www.garbitania.eus\/es\/","logo":{"@type":"ImageObject","inLanguage":"es","@id":"https:\/\/www.garbitania.eus\/es\/#\/schema\/logo\/image\/","url":"https:\/\/www.garbitania.eus\/wp-content\/uploads\/2020\/01\/cropped-Garbitania-logotipoa.png","contentUrl":"https:\/\/www.garbitania.eus\/wp-content\/uploads\/2020\/01\/cropped-Garbitania-logotipoa.png","width":512,"height":137,"caption":"Garbitania"},"image":{"@id":"https:\/\/www.garbitania.eus\/es\/#\/schema\/logo\/image\/"}}]}},"_links":{"self":[{"href":"https:\/\/www.garbitania.eus\/es\/wp-json\/wp\/v2\/pages\/977","targetHints":{"allow":["GET"]}}],"collection":[{"href":"https:\/\/www.garbitania.eus\/es\/wp-json\/wp\/v2\/pages"}],"about":[{"href":"https:\/\/www.garbitania.eus\/es\/wp-json\/wp\/v2\/types\/page"}],"author":[{"embeddable":true,"href":"https:\/\/www.garbitania.eus\/es\/wp-json\/wp\/v2\/users\/1"}],"replies":[{"embeddable":true,"href":"https:\/\/www.garbitania.eus\/es\/wp-json\/wp\/v2\/comments?post=977"}],"version-history":[{"count":3,"href":"https:\/\/www.garbitania.eus\/es\/wp-json\/wp\/v2\/pages\/977\/revisions"}],"predecessor-version":[{"id":1095,"href":"https:\/\/www.garbitania.eus\/es\/wp-json\/wp\/v2\/pages\/977\/revisions\/1095"}],"up":[{"embeddable":true,"href":"https:\/\/www.garbitania.eus\/es\/wp-json\/wp\/v2\/pages\/963"}],"wp:featuredmedia":[{"embeddable":true,"href":"https:\/\/www.garbitania.eus\/es\/wp-json\/wp\/v2\/media\/629"}],"wp:attachment":[{"href":"https:\/\/www.garbitania.eus\/es\/wp-json\/wp\/v2\/media?parent=977"}],"curies":[{"name":"wp","href":"https:\/\/api.w.org\/{rel}","templated":true}]}}