{"id":969,"date":"2020-04-21T09:34:25","date_gmt":"2020-04-21T07:34:25","guid":{"rendered":"http:\/\/garbitania.eus\/?page_id=969"},"modified":"2025-04-25T14:57:25","modified_gmt":"2025-04-25T12:57:25","slug":"organos-de-administracion","status":"publish","type":"page","link":"https:\/\/www.garbitania.eus\/es\/quienes-somos\/empresa-publica\/organos-de-administracion\/","title":{"rendered":"\u00d3rganos de administraci\u00f3n"},"content":{"rendered":"\t\t<div data-elementor-type=\"wp-page\" data-elementor-id=\"969\" class=\"elementor elementor-969 elementor-273\" data-elementor-post-type=\"page\">\n\t\t\t\t\t\t<section class=\"elementor-section elementor-top-section elementor-element elementor-element-654dcf88 elementor-section-boxed elementor-section-height-default elementor-section-height-default\" data-id=\"654dcf88\" data-element_type=\"section\">\n\t\t\t\t\t\t<div class=\"elementor-container elementor-column-gap-default\">\n\t\t\t\t\t<div class=\"elementor-column elementor-col-50 elementor-top-column elementor-element elementor-element-1f0b3e23\" data-id=\"1f0b3e23\" data-element_type=\"column\">\n\t\t\t<div class=\"elementor-widget-wrap elementor-element-populated\">\n\t\t\t\t\t\t<div class=\"elementor-element elementor-element-5a6bb359 elementor-widget elementor-widget-text-editor\" data-id=\"5a6bb359\" data-element_type=\"widget\" data-widget_type=\"text-editor.default\">\n\t\t\t\t<div class=\"elementor-widget-container\">\n\t\t\t\t\t\t\t\t\t<h3>Junta General<\/h3>\n<p>El \u00f3rgano superior de Garbitania es la Junta General. La Junta la componen los municipios socios, seg\u00fan su participaci\u00f3n en el capital. Dicha representaci\u00f3n es nombrada por el pleno de cada municipio y est\u00e1 sujeto al cargo p\u00fablico. Le corresponde a cada municipio nombrar a sus representantes, de entre el grupo de concejales.<\/p>\n<p>Actualmente, la Junta General la componen las siguientes personas:<\/p>\n<ul>\n<li><a href=\"http:\/\/www.usurbil.eus\/eu\/udalbatza\" target=\"_blank\" rel=\"noopener\">Ainhoa Arrozpide Landa<\/a><br><em>Concejala de servicios y obras p\u00fablicas de Usurbil<\/em><\/li>\n<li><a href=\"https:\/\/www.hernani.eus\/eu\/-\/patxi-ibarguren-etxeberr-3?inheritRedirect=true\">Urko Lazkoz Fernandes<\/a><br><em>Concejal delegado de servicios p\u00fablicos de Hernani<\/em><\/li>\n<li><a href=\"http:\/\/www.astigarraga.eus\/eu\/organizacion-gobierno\" target=\"_blank\" rel=\"noopener\">Xabier Urdangarin Lasa<\/a><br><em>Alcalde de Astigarraga<\/em><\/li>\n<\/ul>\t\t\t\t\t\t\t\t<\/div>\n\t\t\t\t<\/div>\n\t\t\t\t\t<\/div>\n\t\t<\/div>\n\t\t\t\t<div class=\"elementor-column elementor-col-50 elementor-top-column elementor-element elementor-element-247b9c89\" data-id=\"247b9c89\" data-element_type=\"column\">\n\t\t\t<div class=\"elementor-widget-wrap elementor-element-populated\">\n\t\t\t\t\t\t<div class=\"elementor-element elementor-element-d3f9737 elementor-widget elementor-widget-text-editor\" data-id=\"d3f9737\" data-element_type=\"widget\" data-widget_type=\"text-editor.default\">\n\t\t\t\t<div class=\"elementor-widget-container\">\n\t\t\t\t\t\t\t\t\t<h3>Consejo de Administraci\u00f3n<\/h3><p>El \u00f3rgano que administra, gestiona y representa Garbitania es el Consejo de Administraci\u00f3n. Las personas miembro del consejo las nombra La Junta General, seg\u00fan la participaci\u00f3n de cada municipio en el capital. Las personas miembro del Consejo se nombran cada cuatro a\u00f1os, y su mandato finaliza con el mandato municipal.<\/p><p>Actualmente el Consejo est\u00e1 compuesto por:<\/p><ul><li><a href=\"http:\/\/www.usurbil.eus\/eu\/udalbatza\" target=\"_blank\" rel=\"noopener\">Ainhoa Arrozpide Landa<\/a><br \/><em>Concejala de servicios de Usurbil<\/em><\/li><li><a href=\"https:\/\/www.hernani.eus\/eu\/-\/patxi-ibarguren-etxeberr-3?inheritRedirect=true\">Urko Lazkoz Fernandes<\/a><br \/><em>Concejal delegado de servicios p\u00fablicos de Hernani<\/em><\/li><li><a href=\"https:\/\/www.hernani.eus\/es\/-\/ainara-atirrasagasti\">Ainara Atorrasagasti Urizar<\/a><br \/><em>Concejala de medioambiente de Hernani<\/em><\/li><li><a href=\"http:\/\/www.astigarraga.eus\/eu\/organizacion-gobierno\" target=\"_blank\" rel=\"noopener\">Xabier Urdangarin Lasa<\/a><br \/><em>Alcalde de Astigarraga<\/em><\/li><\/ul>\t\t\t\t\t\t\t\t<\/div>\n\t\t\t\t<\/div>\n\t\t\t\t\t<\/div>\n\t\t<\/div>\n\t\t\t\t\t<\/div>\n\t\t<\/section>\n\t\t\t\t<section class=\"elementor-section elementor-top-section elementor-element elementor-element-eba6284 elementor-section-boxed elementor-section-height-default elementor-section-height-default\" data-id=\"eba6284\" data-element_type=\"section\">\n\t\t\t\t\t\t<div class=\"elementor-container elementor-column-gap-default\">\n\t\t\t\t\t<div class=\"elementor-column elementor-col-100 elementor-top-column elementor-element elementor-element-ddffce3\" data-id=\"ddffce3\" data-element_type=\"column\">\n\t\t\t<div class=\"elementor-widget-wrap elementor-element-populated\">\n\t\t\t\t\t\t<div class=\"elementor-element elementor-element-b0a4b16 elementor-widget elementor-widget-text-editor\" data-id=\"b0a4b16\" data-element_type=\"widget\" data-widget_type=\"text-editor.default\">\n\t\t\t\t<div class=\"elementor-widget-container\">\n\t\t\t\t\t\t\t\t\t<h3>Organigrama<\/h3>\t\t\t\t\t\t\t\t<\/div>\n\t\t\t\t<\/div>\n\t\t\t\t<div class=\"elementor-element elementor-element-ab19d16 elementor-widget elementor-widget-image\" data-id=\"ab19d16\" data-element_type=\"widget\" data-widget_type=\"image.default\">\n\t\t\t\t<div class=\"elementor-widget-container\">\n\t\t\t\t\t\t\t\t\t\t\t\t\t\t\t<img fetchpriority=\"high\" decoding=\"async\" width=\"1422\" height=\"1235\" src=\"https:\/\/www.garbitania.eus\/wp-content\/uploads\/2020\/06\/organigrama_cas.jpg\" class=\"attachment-full size-full wp-image-2198\" alt=\"\" srcset=\"https:\/\/www.garbitania.eus\/wp-content\/uploads\/2020\/06\/organigrama_cas.jpg 1422w, https:\/\/www.garbitania.eus\/wp-content\/uploads\/2020\/06\/organigrama_cas-600x521.jpg 600w, https:\/\/www.garbitania.eus\/wp-content\/uploads\/2020\/06\/organigrama_cas-921x800.jpg 921w, https:\/\/www.garbitania.eus\/wp-content\/uploads\/2020\/06\/organigrama_cas-768x667.jpg 768w, https:\/\/www.garbitania.eus\/wp-content\/uploads\/2020\/06\/organigrama_cas-500x434.jpg 500w, https:\/\/www.garbitania.eus\/wp-content\/uploads\/2020\/06\/organigrama_cas-800x695.jpg 800w, https:\/\/www.garbitania.eus\/wp-content\/uploads\/2020\/06\/organigrama_cas-1280x1112.jpg 1280w\" sizes=\"(max-width: 1422px) 100vw, 1422px\" \/>\t\t\t\t\t\t\t\t\t\t\t\t\t\t\t<\/div>\n\t\t\t\t<\/div>\n\t\t\t\t<div class=\"elementor-element elementor-element-a906160 elementor-widget elementor-widget-text-editor\" data-id=\"a906160\" data-element_type=\"widget\" data-widget_type=\"text-editor.default\">\n\t\t\t\t<div class=\"elementor-widget-container\">\n\t\t\t\t\t\t\t\t\t<h4>Otros \u00f3rganos<\/h4>\n<ul>\n<li><b>Comit\u00e9 de Seguridad y Salud<\/b>:<br>\nCompuesto por la gerencia, la t\u00e9cnico de servicios jur\u00eddicos y dos miembros del Comit\u00e9 de empresa<\/li>\n<li><b>Comit\u00e9 de empresa<\/b><\/li>\n<\/ul>\t\t\t\t\t\t\t\t<\/div>\n\t\t\t\t<\/div>\n\t\t\t\t\t<\/div>\n\t\t<\/div>\n\t\t\t\t\t<\/div>\n\t\t<\/section>\n\t\t\t\t<section class=\"elementor-section elementor-top-section elementor-element elementor-element-5d3401f elementor-section-boxed elementor-section-height-default elementor-section-height-default\" data-id=\"5d3401f\" data-element_type=\"section\">\n\t\t\t\t\t\t<div class=\"elementor-container elementor-column-gap-default\">\n\t\t\t\t\t<div class=\"elementor-column elementor-col-50 elementor-top-column elementor-element elementor-element-22951a0\" data-id=\"22951a0\" data-element_type=\"column\">\n\t\t\t<div class=\"elementor-widget-wrap elementor-element-populated\">\n\t\t\t\t\t\t<div class=\"elementor-element elementor-element-31fbf79 elementor-widget elementor-widget-text-editor\" data-id=\"31fbf79\" data-element_type=\"widget\" data-widget_type=\"text-editor.default\">\n\t\t\t\t<div class=\"elementor-widget-container\">\n\t\t\t\t\t\t\t\t\t<h4>Oficinas<\/h4><p>Si desea ponerse en contacto con nosotros, nos puede encontrar en las siguientes oficinas:<\/p><ul><li><b>Oficina central<\/b><br \/>Lastaola poligonoa, 3 A12 eraikina (Ere\u00f1otzu Auzoa) \u2013 HERNANI.<br \/>Tel. (00 34) 943 36 96 09. info@garbitania.eus<\/li><li><b>Oficina de informaci\u00f3n del puerta a puerta de Usurbil<\/b><br \/>Joxe Martin Sagardia plaza, z\/g.<br \/>Tel. 900 776 776. atezate@usurbil.eus<\/li><li><b>Oficina de informaci\u00f3n del puerta a puerta de Hernani<\/b><br \/>Udaletxea, 2. solairua. Gudarien plaza, 1.<br \/>Tel. 900 84 00 90. hondakinak@hernani.eus<\/li><li><b>Oficina de informaci\u00f3n de Astigarraga<\/b><br \/>Foru Enparantza, 13, 20115 Astigarraga<br \/>Tel. 943 335 069. hondakinak@astigarraga.eus<\/li><li><b>Oficinas del servicio limpieza viaria<\/b><br \/>Akarregi 13, 20120 Hernani<\/li><\/ul>\t\t\t\t\t\t\t\t<\/div>\n\t\t\t\t<\/div>\n\t\t\t\t\t<\/div>\n\t\t<\/div>\n\t\t\t\t<div class=\"elementor-column elementor-col-50 elementor-top-column elementor-element elementor-element-1061c11\" data-id=\"1061c11\" data-element_type=\"column\">\n\t\t\t<div class=\"elementor-widget-wrap elementor-element-populated\">\n\t\t\t\t\t\t<div class=\"elementor-element elementor-element-fac8d95 elementor-widget elementor-widget-text-editor\" data-id=\"fac8d95\" data-element_type=\"widget\" data-widget_type=\"text-editor.default\">\n\t\t\t\t<div class=\"elementor-widget-container\">\n\t\t\t\t\t\t\t\t\t<h4>Informaci\u00f3n jur\u00eddica<\/h4><ul><li><a href=\"http:\/\/garbitania.eus\/wp-content\/uploads\/2020\/01\/Estatutuak_eusk.pdf\" target=\"_blank\" rel=\"noopener\">Estatutos de Garbitania<\/a><\/li><li>Convenios colectivos a aplicar:<ul><li><a href=\"https:\/\/garbitania.eus\/wp-content\/uploads\/2020\/06\/UDALHITZ-castellano.pdf\" target=\"_blank\" rel=\"noopener\">Udalhitz<\/a><\/li><li>Convenio colectivo de limpieza p\u00fablica viaria y recogida de residuos s\u00f3lidos urbanos de Gipuzkoa:<ul><li><a href=\"https:\/\/www.graduados-sociales.com\/files\/area_privada\/convenios\/GUILimpiaviariaM.pdf\" target=\"_blank\" rel=\"noopener\">Convenio<\/a><\/li><li><a href=\"https:\/\/egoitza.gipuzkoa.eus\/gao-bog\/castell\/bog\/2019\/02\/28\/c1901143.pdf\" target=\"_blank\" rel=\"noopener\">Revisi\u00f3n salarial para 2019<\/a><\/li><\/ul><\/li><\/ul><\/li><\/ul>\t\t\t\t\t\t\t\t<\/div>\n\t\t\t\t<\/div>\n\t\t\t\t\t<\/div>\n\t\t<\/div>\n\t\t\t\t\t<\/div>\n\t\t<\/section>\n\t\t\t\t<section class=\"elementor-section elementor-top-section elementor-element elementor-element-6ffa5056 elementor-section-boxed elementor-section-height-default elementor-section-height-default\" data-id=\"6ffa5056\" data-element_type=\"section\">\n\t\t\t\t\t\t<div class=\"elementor-container elementor-column-gap-default\">\n\t\t\t\t\t<div class=\"elementor-column elementor-col-50 elementor-top-column elementor-element elementor-element-48461518\" data-id=\"48461518\" data-element_type=\"column\">\n\t\t\t<div class=\"elementor-widget-wrap elementor-element-populated\">\n\t\t\t\t\t\t<div class=\"elementor-element elementor-element-1b0aded5 elementor-button-warning elementor-align-center elementor-widget elementor-widget-button\" data-id=\"1b0aded5\" data-element_type=\"widget\" data-widget_type=\"button.default\">\n\t\t\t\t<div class=\"elementor-widget-container\">\n\t\t\t\t\t\t\t\t\t<div class=\"elementor-button-wrapper\">\n\t\t\t\t\t<a class=\"elementor-button elementor-button-link elementor-size-md\" href=\"http:\/\/garbitania.eus\/es\/quienes-somos\/empresa-publica\/legislacion-aplicable\/\">\n\t\t\t\t\t\t<span class=\"elementor-button-content-wrapper\">\n\t\t\t\t\t\t\t\t\t<span class=\"elementor-button-text\">Legislaci\u00f3n aplicable<\/span>\n\t\t\t\t\t<\/span>\n\t\t\t\t\t<\/a>\n\t\t\t\t<\/div>\n\t\t\t\t\t\t\t\t<\/div>\n\t\t\t\t<\/div>\n\t\t\t\t\t<\/div>\n\t\t<\/div>\n\t\t\t\t<div class=\"elementor-column elementor-col-50 elementor-top-column elementor-element elementor-element-44f7d363\" data-id=\"44f7d363\" data-element_type=\"column\">\n\t\t\t<div class=\"elementor-widget-wrap elementor-element-populated\">\n\t\t\t\t\t\t<div class=\"elementor-element elementor-element-6557d06d elementor-button-warning elementor-align-center elementor-widget elementor-widget-button\" data-id=\"6557d06d\" data-element_type=\"widget\" data-widget_type=\"button.default\">\n\t\t\t\t<div class=\"elementor-widget-container\">\n\t\t\t\t\t\t\t\t\t<div class=\"elementor-button-wrapper\">\n\t\t\t\t\t<a class=\"elementor-button elementor-button-link elementor-size-md\" href=\"http:\/\/garbitania.eus\/es\/quienes-somos\/empresa-publica\/organos-de-administracion\/\">\n\t\t\t\t\t\t<span class=\"elementor-button-content-wrapper\">\n\t\t\t\t\t\t\t\t\t<span class=\"elementor-button-text\">\u00d3rganos de administraci\u00f3n<\/span>\n\t\t\t\t\t<\/span>\n\t\t\t\t\t<\/a>\n\t\t\t\t<\/div>\n\t\t\t\t\t\t\t\t<\/div>\n\t\t\t\t<\/div>\n\t\t\t\t\t<\/div>\n\t\t<\/div>\n\t\t\t\t\t<\/div>\n\t\t<\/section>\n\t\t\t\t<\/div>\n\t\t","protected":false},"excerpt":{"rendered":"<p>Junta General El \u00f3rgano superior de Garbitania es la Junta General. La Junta la componen los municipios socios, seg\u00fan su participaci\u00f3n en el capital. Dicha representaci\u00f3n es nombrada por el pleno de cada municipio y est\u00e1 sujeto al cargo p\u00fablico. Le corresponde a cada municipio nombrar a sus representantes, de entre el grupo de concejales. [&hellip;]<\/p>\n","protected":false},"author":1,"featured_media":0,"parent":967,"menu_order":0,"comment_status":"closed","ping_status":"closed","template":"","meta":{"site-sidebar-layout":"no-sidebar","site-content-layout":"page-builder","ast-site-content-layout":"default","site-content-style":"default","site-sidebar-style":"default","ast-global-header-display":"","ast-banner-title-visibility":"","ast-main-header-display":"","ast-hfb-above-header-display":"","ast-hfb-below-header-display":"","ast-hfb-mobile-header-display":"","site-post-title":"","ast-breadcrumbs-content":"","ast-featured-img":"disabled","footer-sml-layout":"","theme-transparent-header-meta":"default","adv-header-id-meta":"","stick-header-meta":"","header-above-stick-meta":"","header-main-stick-meta":"","header-below-stick-meta":"","astra-migrate-meta-layouts":"default","ast-page-background-enabled":"default","ast-page-background-meta":{"desktop":{"background-color":"","background-image":"","background-repeat":"repeat","background-position":"center center","background-size":"auto","background-attachment":"scroll","background-type":"","background-media":"","overlay-type":"","overlay-color":"","overlay-opacity":"","overlay-gradient":""},"tablet":{"background-color":"","background-image":"","background-repeat":"repeat","background-position":"center center","background-size":"auto","background-attachment":"scroll","background-type":"","background-media":"","overlay-type":"","overlay-color":"","overlay-opacity":"","overlay-gradient":""},"mobile":{"background-color":"","background-image":"","background-repeat":"repeat","background-position":"center center","background-size":"auto","background-attachment":"scroll","background-type":"","background-media":"","overlay-type":"","overlay-color":"","overlay-opacity":"","overlay-gradient":""}},"ast-content-background-meta":{"desktop":{"background-color":"var(--ast-global-color-5)","background-image":"","background-repeat":"repeat","background-position":"center center","background-size":"auto","background-attachment":"scroll","background-type":"","background-media":"","overlay-type":"","overlay-color":"","overlay-opacity":"","overlay-gradient":""},"tablet":{"background-color":"var(--ast-global-color-5)","background-image":"","background-repeat":"repeat","background-position":"center center","background-size":"auto","background-attachment":"scroll","background-type":"","background-media":"","overlay-type":"","overlay-color":"","overlay-opacity":"","overlay-gradient":""},"mobile":{"background-color":"var(--ast-global-color-5)","background-image":"","background-repeat":"repeat","background-position":"center center","background-size":"auto","background-attachment":"scroll","background-type":"","background-media":"","overlay-type":"","overlay-color":"","overlay-opacity":"","overlay-gradient":""}},"footnotes":""},"class_list":["post-969","page","type-page","status-publish","hentry"],"yoast_head":"<!-- This site is optimized with the Yoast SEO plugin v25.4 - https:\/\/yoast.com\/wordpress\/plugins\/seo\/ -->\n<title>\u00d3rganos de administraci\u00f3n - Garbitania<\/title>\n<meta name=\"robots\" content=\"index, follow, max-snippet:-1, max-image-preview:large, max-video-preview:-1\" \/>\n<link rel=\"canonical\" href=\"https:\/\/www.garbitania.eus\/es\/quienes-somos\/empresa-publica\/organos-de-administracion\/\" \/>\n<meta property=\"og:locale\" content=\"es_ES\" \/>\n<meta property=\"og:type\" content=\"article\" \/>\n<meta property=\"og:title\" content=\"\u00d3rganos de administraci\u00f3n - Garbitania\" \/>\n<meta property=\"og:description\" content=\"Junta General El \u00f3rgano superior de Garbitania es la Junta General. La Junta la componen los municipios socios, seg\u00fan su participaci\u00f3n en el capital. Dicha representaci\u00f3n es nombrada por el pleno de cada municipio y est\u00e1 sujeto al cargo p\u00fablico. Le corresponde a cada municipio nombrar a sus representantes, de entre el grupo de concejales. [&hellip;]\" \/>\n<meta property=\"og:url\" content=\"https:\/\/www.garbitania.eus\/es\/quienes-somos\/empresa-publica\/organos-de-administracion\/\" \/>\n<meta property=\"og:site_name\" content=\"Garbitania\" \/>\n<meta property=\"article:modified_time\" content=\"2025-04-25T12:57:25+00:00\" \/>\n<meta property=\"og:image\" content=\"https:\/\/www.garbitania.eus\/wp-content\/uploads\/2020\/06\/organigrama_cas.jpg\" \/>\n<meta name=\"twitter:card\" content=\"summary_large_image\" \/>\n<meta name=\"twitter:label1\" content=\"Tiempo de lectura\" \/>\n\t<meta name=\"twitter:data1\" content=\"2 minutos\" \/>\n<script type=\"application\/ld+json\" class=\"yoast-schema-graph\">{\"@context\":\"https:\/\/schema.org\",\"@graph\":[{\"@type\":\"WebPage\",\"@id\":\"https:\/\/www.garbitania.eus\/es\/quienes-somos\/empresa-publica\/organos-de-administracion\/\",\"url\":\"https:\/\/www.garbitania.eus\/es\/quienes-somos\/empresa-publica\/organos-de-administracion\/\",\"name\":\"\u00d3rganos de administraci\u00f3n - Garbitania\",\"isPartOf\":{\"@id\":\"https:\/\/www.garbitania.eus\/es\/#website\"},\"primaryImageOfPage\":{\"@id\":\"https:\/\/www.garbitania.eus\/es\/quienes-somos\/empresa-publica\/organos-de-administracion\/#primaryimage\"},\"image\":{\"@id\":\"https:\/\/www.garbitania.eus\/es\/quienes-somos\/empresa-publica\/organos-de-administracion\/#primaryimage\"},\"thumbnailUrl\":\"https:\/\/www.garbitania.eus\/wp-content\/uploads\/2020\/06\/organigrama_cas.jpg\",\"datePublished\":\"2020-04-21T07:34:25+00:00\",\"dateModified\":\"2025-04-25T12:57:25+00:00\",\"breadcrumb\":{\"@id\":\"https:\/\/www.garbitania.eus\/es\/quienes-somos\/empresa-publica\/organos-de-administracion\/#breadcrumb\"},\"inLanguage\":\"es\",\"potentialAction\":[{\"@type\":\"ReadAction\",\"target\":[\"https:\/\/www.garbitania.eus\/es\/quienes-somos\/empresa-publica\/organos-de-administracion\/\"]}]},{\"@type\":\"ImageObject\",\"inLanguage\":\"es\",\"@id\":\"https:\/\/www.garbitania.eus\/es\/quienes-somos\/empresa-publica\/organos-de-administracion\/#primaryimage\",\"url\":\"https:\/\/www.garbitania.eus\/wp-content\/uploads\/2020\/06\/organigrama_cas.jpg\",\"contentUrl\":\"https:\/\/www.garbitania.eus\/wp-content\/uploads\/2020\/06\/organigrama_cas.jpg\"},{\"@type\":\"BreadcrumbList\",\"@id\":\"https:\/\/www.garbitania.eus\/es\/quienes-somos\/empresa-publica\/organos-de-administracion\/#breadcrumb\",\"itemListElement\":[{\"@type\":\"ListItem\",\"position\":1,\"name\":\"Home\",\"item\":\"https:\/\/www.garbitania.eus\/es\/\"},{\"@type\":\"ListItem\",\"position\":2,\"name\":\"Qui\u00e9nes somos\",\"item\":\"https:\/\/www.garbitania.eus\/es\/quienes-somos\/\"},{\"@type\":\"ListItem\",\"position\":3,\"name\":\"Empresa p\u00fablica\",\"item\":\"https:\/\/www.garbitania.eus\/es\/quienes-somos\/empresa-publica\/\"},{\"@type\":\"ListItem\",\"position\":4,\"name\":\"\u00d3rganos de administraci\u00f3n\"}]},{\"@type\":\"WebSite\",\"@id\":\"https:\/\/www.garbitania.eus\/es\/#website\",\"url\":\"https:\/\/www.garbitania.eus\/es\/\",\"name\":\"Garbitania\",\"description\":\"\",\"publisher\":{\"@id\":\"https:\/\/www.garbitania.eus\/es\/#organization\"},\"potentialAction\":[{\"@type\":\"SearchAction\",\"target\":{\"@type\":\"EntryPoint\",\"urlTemplate\":\"https:\/\/www.garbitania.eus\/es\/?s={search_term_string}\"},\"query-input\":{\"@type\":\"PropertyValueSpecification\",\"valueRequired\":true,\"valueName\":\"search_term_string\"}}],\"inLanguage\":\"es\"},{\"@type\":\"Organization\",\"@id\":\"https:\/\/www.garbitania.eus\/es\/#organization\",\"name\":\"Garbitania\",\"url\":\"https:\/\/www.garbitania.eus\/es\/\",\"logo\":{\"@type\":\"ImageObject\",\"inLanguage\":\"es\",\"@id\":\"https:\/\/www.garbitania.eus\/es\/#\/schema\/logo\/image\/\",\"url\":\"https:\/\/www.garbitania.eus\/wp-content\/uploads\/2020\/01\/cropped-Garbitania-logotipoa.png\",\"contentUrl\":\"https:\/\/www.garbitania.eus\/wp-content\/uploads\/2020\/01\/cropped-Garbitania-logotipoa.png\",\"width\":512,\"height\":137,\"caption\":\"Garbitania\"},\"image\":{\"@id\":\"https:\/\/www.garbitania.eus\/es\/#\/schema\/logo\/image\/\"}}]}<\/script>\n<!-- \/ Yoast SEO plugin. -->","yoast_head_json":{"title":"\u00d3rganos de administraci\u00f3n - Garbitania","robots":{"index":"index","follow":"follow","max-snippet":"max-snippet:-1","max-image-preview":"max-image-preview:large","max-video-preview":"max-video-preview:-1"},"canonical":"https:\/\/www.garbitania.eus\/es\/quienes-somos\/empresa-publica\/organos-de-administracion\/","og_locale":"es_ES","og_type":"article","og_title":"\u00d3rganos de administraci\u00f3n - Garbitania","og_description":"Junta General El \u00f3rgano superior de Garbitania es la Junta General. La Junta la componen los municipios socios, seg\u00fan su participaci\u00f3n en el capital. Dicha representaci\u00f3n es nombrada por el pleno de cada municipio y est\u00e1 sujeto al cargo p\u00fablico. Le corresponde a cada municipio nombrar a sus representantes, de entre el grupo de concejales. [&hellip;]","og_url":"https:\/\/www.garbitania.eus\/es\/quienes-somos\/empresa-publica\/organos-de-administracion\/","og_site_name":"Garbitania","article_modified_time":"2025-04-25T12:57:25+00:00","og_image":[{"url":"https:\/\/www.garbitania.eus\/wp-content\/uploads\/2020\/06\/organigrama_cas.jpg","type":"","width":"","height":""}],"twitter_card":"summary_large_image","twitter_misc":{"Tiempo de lectura":"2 minutos"},"schema":{"@context":"https:\/\/schema.org","@graph":[{"@type":"WebPage","@id":"https:\/\/www.garbitania.eus\/es\/quienes-somos\/empresa-publica\/organos-de-administracion\/","url":"https:\/\/www.garbitania.eus\/es\/quienes-somos\/empresa-publica\/organos-de-administracion\/","name":"\u00d3rganos de administraci\u00f3n - Garbitania","isPartOf":{"@id":"https:\/\/www.garbitania.eus\/es\/#website"},"primaryImageOfPage":{"@id":"https:\/\/www.garbitania.eus\/es\/quienes-somos\/empresa-publica\/organos-de-administracion\/#primaryimage"},"image":{"@id":"https:\/\/www.garbitania.eus\/es\/quienes-somos\/empresa-publica\/organos-de-administracion\/#primaryimage"},"thumbnailUrl":"https:\/\/www.garbitania.eus\/wp-content\/uploads\/2020\/06\/organigrama_cas.jpg","datePublished":"2020-04-21T07:34:25+00:00","dateModified":"2025-04-25T12:57:25+00:00","breadcrumb":{"@id":"https:\/\/www.garbitania.eus\/es\/quienes-somos\/empresa-publica\/organos-de-administracion\/#breadcrumb"},"inLanguage":"es","potentialAction":[{"@type":"ReadAction","target":["https:\/\/www.garbitania.eus\/es\/quienes-somos\/empresa-publica\/organos-de-administracion\/"]}]},{"@type":"ImageObject","inLanguage":"es","@id":"https:\/\/www.garbitania.eus\/es\/quienes-somos\/empresa-publica\/organos-de-administracion\/#primaryimage","url":"https:\/\/www.garbitania.eus\/wp-content\/uploads\/2020\/06\/organigrama_cas.jpg","contentUrl":"https:\/\/www.garbitania.eus\/wp-content\/uploads\/2020\/06\/organigrama_cas.jpg"},{"@type":"BreadcrumbList","@id":"https:\/\/www.garbitania.eus\/es\/quienes-somos\/empresa-publica\/organos-de-administracion\/#breadcrumb","itemListElement":[{"@type":"ListItem","position":1,"name":"Home","item":"https:\/\/www.garbitania.eus\/es\/"},{"@type":"ListItem","position":2,"name":"Qui\u00e9nes somos","item":"https:\/\/www.garbitania.eus\/es\/quienes-somos\/"},{"@type":"ListItem","position":3,"name":"Empresa p\u00fablica","item":"https:\/\/www.garbitania.eus\/es\/quienes-somos\/empresa-publica\/"},{"@type":"ListItem","position":4,"name":"\u00d3rganos de administraci\u00f3n"}]},{"@type":"WebSite","@id":"https:\/\/www.garbitania.eus\/es\/#website","url":"https:\/\/www.garbitania.eus\/es\/","name":"Garbitania","description":"","publisher":{"@id":"https:\/\/www.garbitania.eus\/es\/#organization"},"potentialAction":[{"@type":"SearchAction","target":{"@type":"EntryPoint","urlTemplate":"https:\/\/www.garbitania.eus\/es\/?s={search_term_string}"},"query-input":{"@type":"PropertyValueSpecification","valueRequired":true,"valueName":"search_term_string"}}],"inLanguage":"es"},{"@type":"Organization","@id":"https:\/\/www.garbitania.eus\/es\/#organization","name":"Garbitania","url":"https:\/\/www.garbitania.eus\/es\/","logo":{"@type":"ImageObject","inLanguage":"es","@id":"https:\/\/www.garbitania.eus\/es\/#\/schema\/logo\/image\/","url":"https:\/\/www.garbitania.eus\/wp-content\/uploads\/2020\/01\/cropped-Garbitania-logotipoa.png","contentUrl":"https:\/\/www.garbitania.eus\/wp-content\/uploads\/2020\/01\/cropped-Garbitania-logotipoa.png","width":512,"height":137,"caption":"Garbitania"},"image":{"@id":"https:\/\/www.garbitania.eus\/es\/#\/schema\/logo\/image\/"}}]}},"_links":{"self":[{"href":"https:\/\/www.garbitania.eus\/es\/wp-json\/wp\/v2\/pages\/969","targetHints":{"allow":["GET"]}}],"collection":[{"href":"https:\/\/www.garbitania.eus\/es\/wp-json\/wp\/v2\/pages"}],"about":[{"href":"https:\/\/www.garbitania.eus\/es\/wp-json\/wp\/v2\/types\/page"}],"author":[{"embeddable":true,"href":"https:\/\/www.garbitania.eus\/es\/wp-json\/wp\/v2\/users\/1"}],"replies":[{"embeddable":true,"href":"https:\/\/www.garbitania.eus\/es\/wp-json\/wp\/v2\/comments?post=969"}],"version-history":[{"count":20,"href":"https:\/\/www.garbitania.eus\/es\/wp-json\/wp\/v2\/pages\/969\/revisions"}],"predecessor-version":[{"id":3606,"href":"https:\/\/www.garbitania.eus\/es\/wp-json\/wp\/v2\/pages\/969\/revisions\/3606"}],"up":[{"embeddable":true,"href":"https:\/\/www.garbitania.eus\/es\/wp-json\/wp\/v2\/pages\/967"}],"wp:attachment":[{"href":"https:\/\/www.garbitania.eus\/es\/wp-json\/wp\/v2\/media?parent=969"}],"curies":[{"name":"wp","href":"https:\/\/api.w.org\/{rel}","templated":true}]}}