{"id":967,"date":"2020-04-21T09:33:39","date_gmt":"2020-04-21T07:33:39","guid":{"rendered":"http:\/\/garbitania.eus\/?page_id=967"},"modified":"2020-12-16T13:19:39","modified_gmt":"2020-12-16T12:19:39","slug":"empresa-publica","status":"publish","type":"page","link":"https:\/\/www.garbitania.eus\/es\/quienes-somos\/empresa-publica\/","title":{"rendered":"Empresa p\u00fablica"},"content":{"rendered":"<p>Somos una entidad p\u00fablica que optimiza sus recursos para la recogida y gesti\u00f3n selectiva de los residuos. As\u00ed, proporcionamos a los ayuntamientos socios un servicio de calidad y un precio justo.<\/p>\n<p>A la hora de gestionar los residuos, no priorizamos las grandes inversiones, sino la participaci\u00f3n de la ciudadan\u00eda, as\u00ed como los sistemas que reparten equitativamente la riqueza y el trabajo.<\/p>\n<p>Disponemos de un capital social de 501.000 euros. Garbitania es 100% p\u00fablica, por lo que su objetivo y ambici\u00f3n no son acumular beneficios.<\/p>\n<p>La configuraci\u00f3n actual de Garbitania es la siguiente:<\/p>\n<table id=\"eael-data-table-122819b0\">\n<thead>\n<tr>\n<th id=\"\" colspan=\"\">\n\t\t\t\t\t\t\t\t\t\t\t\t\t\tMunicipio<\/th>\n<th id=\"\" colspan=\"\">\n\t\t\t\t\t\t\t\t\t\t\t\t\t\tPorcentaje<\/th>\n<\/tr>\n<\/thead>\n<tbody>\n<tr>\n<td colspan=\"\" rowspan=\"\" id=\"\">\n\t\t\t\t\t\t\t\t\t\t\t\tAyuntamiento de Hernani<\/td>\n<td colspan=\"\" rowspan=\"\" id=\"\">\n\t\t\t\t\t\t\t\t\t\t\t\t49,90%<\/td>\n<\/tr>\n<tr>\n<td colspan=\"\" rowspan=\"\" id=\"\">\n\t\t\t\t\t\t\t\t\t\t\t\tAyuntamiento de Usurbil<\/td>\n<td colspan=\"\" rowspan=\"\" id=\"\">\n\t\t\t\t\t\t\t\t\t\t\t\t25,95%<\/td>\n<\/tr>\n<tr>\n<td colspan=\"\" rowspan=\"\" id=\"\">\n\t\t\t\t\t\t\t\t\t\t\t\tAyuntamiento de Astigarraga<\/td>\n<td colspan=\"\" rowspan=\"\" id=\"\">\n\t\t\t\t\t\t\t\t\t\t\t\t24,15%<\/td>\n<\/tr>\n<\/tbody>\n<\/table>\n<p><img fetchpriority=\"high\" decoding=\"async\" width=\"1200\" height=\"800\" src=\"https:\/\/garbitania.eus\/wp-content\/uploads\/2020\/04\/mendia-natura-montana-1200x800.jpg\" alt=\"\" srcset=\"https:\/\/garbitania.eus\/wp-content\/uploads\/2020\/04\/mendia-natura-montana-1200x800.jpg 1200w, https:\/\/garbitania.eus\/wp-content\/uploads\/2020\/04\/mendia-natura-montana-600x400.jpg 600w, https:\/\/garbitania.eus\/wp-content\/uploads\/2020\/04\/mendia-natura-montana-768x513.jpg 768w, https:\/\/garbitania.eus\/wp-content\/uploads\/2020\/04\/mendia-natura-montana-500x334.jpg 500w, https:\/\/garbitania.eus\/wp-content\/uploads\/2020\/04\/mendia-natura-montana-800x534.jpg 800w, https:\/\/garbitania.eus\/wp-content\/uploads\/2020\/04\/mendia-natura-montana-1280x854.jpg 1280w, https:\/\/garbitania.eus\/wp-content\/uploads\/2020\/04\/mendia-natura-montana.jpg 1500w\" sizes=\"(max-width: 1200px) 100vw, 1200px\"><br \/>\n<img decoding=\"async\" width=\"1200\" height=\"800\" src=\"https:\/\/garbitania.eus\/wp-content\/uploads\/2020\/04\/kale-garbiketa-limpieza-calle-1200x800.jpg\" alt=\"\" srcset=\"https:\/\/garbitania.eus\/wp-content\/uploads\/2020\/04\/kale-garbiketa-limpieza-calle-1200x800.jpg 1200w, https:\/\/garbitania.eus\/wp-content\/uploads\/2020\/04\/kale-garbiketa-limpieza-calle-600x400.jpg 600w, https:\/\/garbitania.eus\/wp-content\/uploads\/2020\/04\/kale-garbiketa-limpieza-calle-768x513.jpg 768w, https:\/\/garbitania.eus\/wp-content\/uploads\/2020\/04\/kale-garbiketa-limpieza-calle-500x334.jpg 500w, https:\/\/garbitania.eus\/wp-content\/uploads\/2020\/04\/kale-garbiketa-limpieza-calle-800x534.jpg 800w, https:\/\/garbitania.eus\/wp-content\/uploads\/2020\/04\/kale-garbiketa-limpieza-calle-1280x854.jpg 1280w, https:\/\/garbitania.eus\/wp-content\/uploads\/2020\/04\/kale-garbiketa-limpieza-calle.jpg 1500w\" sizes=\"(max-width: 1200px) 100vw, 1200px\"><\/p>\n<h3>Equipo de trabajo<\/h3>\n<p>El grupo de trabajo de Garbitania lo conformamos 57 personas. El equipo t\u00e9cnico est\u00e1 compuesto por 11 y las personas conductoras-recogedoras y las del servicio-limpieza son 46.<\/p>\n<h3>Misi\u00f3n, visi\u00f3n y objeto social<\/h3>\n<p>La misi\u00f3n de Garbitania es difundir, compartir y hacer realidad el modelo de gesti\u00f3n<a href=\"https:\/\/garbitania.eus\/es\/quienes-somos\/cero-residuos\/\"> \u00abCero Residuos\u00bb<\/a> en los municipios que lo conforman. Para ello, Garbitania realizamos las implantaciones necesarias que hacen viable dicho modelo de gesti\u00f3n.<\/p>\n<p>Para que los residuos dejen de ser un problema, es imprescindible la minimizaci\u00f3n de \u00e9stos, reutilizarlos y reciclarlos poniendo en marcha sistemas de recogida m\u00e1s eficaces. Garbitania Optamos por la recogida puerta a puerta de los residuos y los sistemas de tratamiento adecuados para cada fracci\u00f3n. Gracias a la recogida puerta a puerta, se impulsa a la sociedad a crear menos residuos, a reciclar y a hacerla part\u00edcipe del problema que puede generar una mala gesti\u00f3n de los mismos.<\/p>\n<p>Con el fin de impulsar el sistema de gesti\u00f3n \u00abCero Residuos\u00bb en los municipios que lo conforman, Garbitania ofrecemos el servicio de promoci\u00f3n, asesoramiento y ayuda t\u00e9cnica. En cuanto al tratamiento, al incrementar las ventas de las fracciones reciclables, se incrementan tambi\u00e9n los ingresos para financiar el puerta a puerta. Todo ello sustentado en un seguimiento y aplicaci\u00f3n de las innovaciones tecnol\u00f3gicas y los avances existentes.<\/p>\n<p>Del mismo modo, por medio del servicio de la limpieza viaria, vinculada directamente a la gesti\u00f3n de los residuos, conseguiremos actuar en el ciclo de vida total de los materiales. Ello permite a las instituciones, una vez de analizado el conjunto de la informaci\u00f3n, dise\u00f1ar y canalizar las pol\u00edticas integrales pertinentes.<\/p>\n<p>En cuanto al objeto social, as\u00ed se recogen en los documentos oficiales de Garbitania:<\/p>\n<ol>\n<li>Servicio de recogida de residuos (CNAE 3811)<\/li>\n<li>Limpieza viaria (CNAE 8129)<\/li>\n<\/ol>\n<p><a href=\"https:\/\/garbitania.eus\/es\/quienes-somos\/empresa-publica\/legislacion-aplicable\/\" role=\"button\"><br \/>\nLegislaci\u00f3n aplicable<br \/>\n<\/a><br \/>\n<a href=\"https:\/\/garbitania.eus\/es\/quienes-somos\/empresa-publica\/organos-de-administracion\/\" role=\"button\"><br \/>\n\u00d3rganos de administraci\u00f3n<br \/>\n<\/a><\/p>\n","protected":false},"excerpt":{"rendered":"<p>Somos una entidad p\u00fablica que optimiza sus recursos para la recogida y gesti\u00f3n selectiva de los residuos. As\u00ed, proporcionamos a los ayuntamientos socios un servicio de calidad y un precio justo. A la hora de gestionar los residuos, no priorizamos las grandes inversiones, sino la participaci\u00f3n de la ciudadan\u00eda, as\u00ed como los sistemas que reparten [&hellip;]<\/p>\n","protected":false},"author":1,"featured_media":0,"parent":963,"menu_order":0,"comment_status":"closed","ping_status":"closed","template":"","meta":{"site-sidebar-layout":"no-sidebar","site-content-layout":"page-builder","ast-site-content-layout":"full-width-container","site-content-style":"unboxed","site-sidebar-style":"unboxed","ast-global-header-display":"","ast-banner-title-visibility":"","ast-main-header-display":"","ast-hfb-above-header-display":"","ast-hfb-below-header-display":"","ast-hfb-mobile-header-display":"","site-post-title":"","ast-breadcrumbs-content":"","ast-featured-img":"disabled","footer-sml-layout":"","theme-transparent-header-meta":"default","adv-header-id-meta":"","stick-header-meta":"","header-above-stick-meta":"","header-main-stick-meta":"","header-below-stick-meta":"","astra-migrate-meta-layouts":"default","ast-page-background-enabled":"default","ast-page-background-meta":{"desktop":{"background-color":"","background-image":"","background-repeat":"repeat","background-position":"center center","background-size":"auto","background-attachment":"scroll","background-type":"","background-media":"","overlay-type":"","overlay-color":"","overlay-opacity":"","overlay-gradient":""},"tablet":{"background-color":"","background-image":"","background-repeat":"repeat","background-position":"center center","background-size":"auto","background-attachment":"scroll","background-type":"","background-media":"","overlay-type":"","overlay-color":"","overlay-opacity":"","overlay-gradient":""},"mobile":{"background-color":"","background-image":"","background-repeat":"repeat","background-position":"center center","background-size":"auto","background-attachment":"scroll","background-type":"","background-media":"","overlay-type":"","overlay-color":"","overlay-opacity":"","overlay-gradient":""}},"ast-content-background-meta":{"desktop":{"background-color":"var(--ast-global-color-5)","background-image":"","background-repeat":"repeat","background-position":"center center","background-size":"auto","background-attachment":"scroll","background-type":"","background-media":"","overlay-type":"","overlay-color":"","overlay-opacity":"","overlay-gradient":""},"tablet":{"background-color":"var(--ast-global-color-5)","background-image":"","background-repeat":"repeat","background-position":"center center","background-size":"auto","background-attachment":"scroll","background-type":"","background-media":"","overlay-type":"","overlay-color":"","overlay-opacity":"","overlay-gradient":""},"mobile":{"background-color":"var(--ast-global-color-5)","background-image":"","background-repeat":"repeat","background-position":"center center","background-size":"auto","background-attachment":"scroll","background-type":"","background-media":"","overlay-type":"","overlay-color":"","overlay-opacity":"","overlay-gradient":""}},"footnotes":""},"class_list":["post-967","page","type-page","status-publish","hentry"],"yoast_head":"<!-- This site is optimized with the Yoast SEO plugin v25.4 - https:\/\/yoast.com\/wordpress\/plugins\/seo\/ -->\n<title>Empresa p\u00fablica - Garbitania<\/title>\n<meta name=\"robots\" content=\"index, follow, max-snippet:-1, max-image-preview:large, max-video-preview:-1\" \/>\n<link rel=\"canonical\" href=\"https:\/\/www.garbitania.eus\/es\/quienes-somos\/empresa-publica\/\" \/>\n<meta property=\"og:locale\" content=\"es_ES\" \/>\n<meta property=\"og:type\" content=\"article\" \/>\n<meta property=\"og:title\" content=\"Empresa p\u00fablica - Garbitania\" \/>\n<meta property=\"og:description\" content=\"Somos una entidad p\u00fablica que optimiza sus recursos para la recogida y gesti\u00f3n selectiva de los residuos. As\u00ed, proporcionamos a los ayuntamientos socios un servicio de calidad y un precio justo. A la hora de gestionar los residuos, no priorizamos las grandes inversiones, sino la participaci\u00f3n de la ciudadan\u00eda, as\u00ed como los sistemas que reparten [&hellip;]\" \/>\n<meta property=\"og:url\" content=\"https:\/\/www.garbitania.eus\/es\/quienes-somos\/empresa-publica\/\" \/>\n<meta property=\"og:site_name\" content=\"Garbitania\" \/>\n<meta property=\"article:modified_time\" content=\"2020-12-16T12:19:39+00:00\" \/>\n<meta property=\"og:image\" content=\"https:\/\/garbitania.eus\/wp-content\/uploads\/2020\/04\/mendia-natura-montana-1200x800.jpg\" \/>\n<meta name=\"twitter:card\" content=\"summary_large_image\" \/>\n<meta name=\"twitter:label1\" content=\"Tiempo de lectura\" \/>\n\t<meta name=\"twitter:data1\" content=\"2 minutos\" \/>\n<script type=\"application\/ld+json\" class=\"yoast-schema-graph\">{\"@context\":\"https:\/\/schema.org\",\"@graph\":[{\"@type\":\"WebPage\",\"@id\":\"https:\/\/www.garbitania.eus\/es\/quienes-somos\/empresa-publica\/\",\"url\":\"https:\/\/www.garbitania.eus\/es\/quienes-somos\/empresa-publica\/\",\"name\":\"Empresa p\u00fablica - Garbitania\",\"isPartOf\":{\"@id\":\"https:\/\/www.garbitania.eus\/es\/#website\"},\"primaryImageOfPage\":{\"@id\":\"https:\/\/www.garbitania.eus\/es\/quienes-somos\/empresa-publica\/#primaryimage\"},\"image\":{\"@id\":\"https:\/\/www.garbitania.eus\/es\/quienes-somos\/empresa-publica\/#primaryimage\"},\"thumbnailUrl\":\"https:\/\/garbitania.eus\/wp-content\/uploads\/2020\/04\/mendia-natura-montana-1200x800.jpg\",\"datePublished\":\"2020-04-21T07:33:39+00:00\",\"dateModified\":\"2020-12-16T12:19:39+00:00\",\"breadcrumb\":{\"@id\":\"https:\/\/www.garbitania.eus\/es\/quienes-somos\/empresa-publica\/#breadcrumb\"},\"inLanguage\":\"es\",\"potentialAction\":[{\"@type\":\"ReadAction\",\"target\":[\"https:\/\/www.garbitania.eus\/es\/quienes-somos\/empresa-publica\/\"]}]},{\"@type\":\"ImageObject\",\"inLanguage\":\"es\",\"@id\":\"https:\/\/www.garbitania.eus\/es\/quienes-somos\/empresa-publica\/#primaryimage\",\"url\":\"https:\/\/garbitania.eus\/wp-content\/uploads\/2020\/04\/mendia-natura-montana-1200x800.jpg\",\"contentUrl\":\"https:\/\/garbitania.eus\/wp-content\/uploads\/2020\/04\/mendia-natura-montana-1200x800.jpg\"},{\"@type\":\"BreadcrumbList\",\"@id\":\"https:\/\/www.garbitania.eus\/es\/quienes-somos\/empresa-publica\/#breadcrumb\",\"itemListElement\":[{\"@type\":\"ListItem\",\"position\":1,\"name\":\"Home\",\"item\":\"https:\/\/www.garbitania.eus\/es\/\"},{\"@type\":\"ListItem\",\"position\":2,\"name\":\"Qui\u00e9nes somos\",\"item\":\"https:\/\/www.garbitania.eus\/es\/quienes-somos\/\"},{\"@type\":\"ListItem\",\"position\":3,\"name\":\"Empresa p\u00fablica\"}]},{\"@type\":\"WebSite\",\"@id\":\"https:\/\/www.garbitania.eus\/es\/#website\",\"url\":\"https:\/\/www.garbitania.eus\/es\/\",\"name\":\"Garbitania\",\"description\":\"\",\"publisher\":{\"@id\":\"https:\/\/www.garbitania.eus\/es\/#organization\"},\"potentialAction\":[{\"@type\":\"SearchAction\",\"target\":{\"@type\":\"EntryPoint\",\"urlTemplate\":\"https:\/\/www.garbitania.eus\/es\/?s={search_term_string}\"},\"query-input\":{\"@type\":\"PropertyValueSpecification\",\"valueRequired\":true,\"valueName\":\"search_term_string\"}}],\"inLanguage\":\"es\"},{\"@type\":\"Organization\",\"@id\":\"https:\/\/www.garbitania.eus\/es\/#organization\",\"name\":\"Garbitania\",\"url\":\"https:\/\/www.garbitania.eus\/es\/\",\"logo\":{\"@type\":\"ImageObject\",\"inLanguage\":\"es\",\"@id\":\"https:\/\/www.garbitania.eus\/es\/#\/schema\/logo\/image\/\",\"url\":\"https:\/\/www.garbitania.eus\/wp-content\/uploads\/2020\/01\/cropped-Garbitania-logotipoa.png\",\"contentUrl\":\"https:\/\/www.garbitania.eus\/wp-content\/uploads\/2020\/01\/cropped-Garbitania-logotipoa.png\",\"width\":512,\"height\":137,\"caption\":\"Garbitania\"},\"image\":{\"@id\":\"https:\/\/www.garbitania.eus\/es\/#\/schema\/logo\/image\/\"}}]}<\/script>\n<!-- \/ Yoast SEO plugin. -->","yoast_head_json":{"title":"Empresa p\u00fablica - Garbitania","robots":{"index":"index","follow":"follow","max-snippet":"max-snippet:-1","max-image-preview":"max-image-preview:large","max-video-preview":"max-video-preview:-1"},"canonical":"https:\/\/www.garbitania.eus\/es\/quienes-somos\/empresa-publica\/","og_locale":"es_ES","og_type":"article","og_title":"Empresa p\u00fablica - Garbitania","og_description":"Somos una entidad p\u00fablica que optimiza sus recursos para la recogida y gesti\u00f3n selectiva de los residuos. As\u00ed, proporcionamos a los ayuntamientos socios un servicio de calidad y un precio justo. A la hora de gestionar los residuos, no priorizamos las grandes inversiones, sino la participaci\u00f3n de la ciudadan\u00eda, as\u00ed como los sistemas que reparten [&hellip;]","og_url":"https:\/\/www.garbitania.eus\/es\/quienes-somos\/empresa-publica\/","og_site_name":"Garbitania","article_modified_time":"2020-12-16T12:19:39+00:00","og_image":[{"url":"https:\/\/garbitania.eus\/wp-content\/uploads\/2020\/04\/mendia-natura-montana-1200x800.jpg","type":"","width":"","height":""}],"twitter_card":"summary_large_image","twitter_misc":{"Tiempo de lectura":"2 minutos"},"schema":{"@context":"https:\/\/schema.org","@graph":[{"@type":"WebPage","@id":"https:\/\/www.garbitania.eus\/es\/quienes-somos\/empresa-publica\/","url":"https:\/\/www.garbitania.eus\/es\/quienes-somos\/empresa-publica\/","name":"Empresa p\u00fablica - Garbitania","isPartOf":{"@id":"https:\/\/www.garbitania.eus\/es\/#website"},"primaryImageOfPage":{"@id":"https:\/\/www.garbitania.eus\/es\/quienes-somos\/empresa-publica\/#primaryimage"},"image":{"@id":"https:\/\/www.garbitania.eus\/es\/quienes-somos\/empresa-publica\/#primaryimage"},"thumbnailUrl":"https:\/\/garbitania.eus\/wp-content\/uploads\/2020\/04\/mendia-natura-montana-1200x800.jpg","datePublished":"2020-04-21T07:33:39+00:00","dateModified":"2020-12-16T12:19:39+00:00","breadcrumb":{"@id":"https:\/\/www.garbitania.eus\/es\/quienes-somos\/empresa-publica\/#breadcrumb"},"inLanguage":"es","potentialAction":[{"@type":"ReadAction","target":["https:\/\/www.garbitania.eus\/es\/quienes-somos\/empresa-publica\/"]}]},{"@type":"ImageObject","inLanguage":"es","@id":"https:\/\/www.garbitania.eus\/es\/quienes-somos\/empresa-publica\/#primaryimage","url":"https:\/\/garbitania.eus\/wp-content\/uploads\/2020\/04\/mendia-natura-montana-1200x800.jpg","contentUrl":"https:\/\/garbitania.eus\/wp-content\/uploads\/2020\/04\/mendia-natura-montana-1200x800.jpg"},{"@type":"BreadcrumbList","@id":"https:\/\/www.garbitania.eus\/es\/quienes-somos\/empresa-publica\/#breadcrumb","itemListElement":[{"@type":"ListItem","position":1,"name":"Home","item":"https:\/\/www.garbitania.eus\/es\/"},{"@type":"ListItem","position":2,"name":"Qui\u00e9nes somos","item":"https:\/\/www.garbitania.eus\/es\/quienes-somos\/"},{"@type":"ListItem","position":3,"name":"Empresa p\u00fablica"}]},{"@type":"WebSite","@id":"https:\/\/www.garbitania.eus\/es\/#website","url":"https:\/\/www.garbitania.eus\/es\/","name":"Garbitania","description":"","publisher":{"@id":"https:\/\/www.garbitania.eus\/es\/#organization"},"potentialAction":[{"@type":"SearchAction","target":{"@type":"EntryPoint","urlTemplate":"https:\/\/www.garbitania.eus\/es\/?s={search_term_string}"},"query-input":{"@type":"PropertyValueSpecification","valueRequired":true,"valueName":"search_term_string"}}],"inLanguage":"es"},{"@type":"Organization","@id":"https:\/\/www.garbitania.eus\/es\/#organization","name":"Garbitania","url":"https:\/\/www.garbitania.eus\/es\/","logo":{"@type":"ImageObject","inLanguage":"es","@id":"https:\/\/www.garbitania.eus\/es\/#\/schema\/logo\/image\/","url":"https:\/\/www.garbitania.eus\/wp-content\/uploads\/2020\/01\/cropped-Garbitania-logotipoa.png","contentUrl":"https:\/\/www.garbitania.eus\/wp-content\/uploads\/2020\/01\/cropped-Garbitania-logotipoa.png","width":512,"height":137,"caption":"Garbitania"},"image":{"@id":"https:\/\/www.garbitania.eus\/es\/#\/schema\/logo\/image\/"}}]}},"_links":{"self":[{"href":"https:\/\/www.garbitania.eus\/es\/wp-json\/wp\/v2\/pages\/967","targetHints":{"allow":["GET"]}}],"collection":[{"href":"https:\/\/www.garbitania.eus\/es\/wp-json\/wp\/v2\/pages"}],"about":[{"href":"https:\/\/www.garbitania.eus\/es\/wp-json\/wp\/v2\/types\/page"}],"author":[{"embeddable":true,"href":"https:\/\/www.garbitania.eus\/es\/wp-json\/wp\/v2\/users\/1"}],"replies":[{"embeddable":true,"href":"https:\/\/www.garbitania.eus\/es\/wp-json\/wp\/v2\/comments?post=967"}],"version-history":[{"count":6,"href":"https:\/\/www.garbitania.eus\/es\/wp-json\/wp\/v2\/pages\/967\/revisions"}],"predecessor-version":[{"id":2502,"href":"https:\/\/www.garbitania.eus\/es\/wp-json\/wp\/v2\/pages\/967\/revisions\/2502"}],"up":[{"embeddable":true,"href":"https:\/\/www.garbitania.eus\/es\/wp-json\/wp\/v2\/pages\/963"}],"wp:attachment":[{"href":"https:\/\/www.garbitania.eus\/es\/wp-json\/wp\/v2\/media?parent=967"}],"curies":[{"name":"wp","href":"https:\/\/api.w.org\/{rel}","templated":true}]}}