{"id":965,"date":"2020-04-21T09:32:42","date_gmt":"2020-04-21T07:32:42","guid":{"rendered":"http:\/\/garbitania.eus\/?page_id=965"},"modified":"2020-04-22T19:55:14","modified_gmt":"2020-04-22T17:55:14","slug":"innovacion","status":"publish","type":"page","link":"https:\/\/www.garbitania.eus\/es\/quienes-somos\/innovacion\/","title":{"rendered":"Innovaci\u00f3n"},"content":{"rendered":"\t\t<div data-elementor-type=\"wp-page\" data-elementor-id=\"965\" class=\"elementor elementor-965 elementor-570\" data-elementor-post-type=\"page\">\n\t\t\t\t\t\t<section class=\"elementor-section elementor-top-section elementor-element elementor-element-ff01e7c elementor-section-boxed elementor-section-height-default elementor-section-height-default\" data-id=\"ff01e7c\" data-element_type=\"section\">\n\t\t\t\t\t\t<div class=\"elementor-container elementor-column-gap-default\">\n\t\t\t\t\t<div class=\"elementor-column elementor-col-33 elementor-top-column elementor-element elementor-element-66d6efb8\" data-id=\"66d6efb8\" data-element_type=\"column\">\n\t\t\t<div class=\"elementor-widget-wrap elementor-element-populated\">\n\t\t\t\t\t\t<div class=\"elementor-element elementor-element-2b8bafa2 elementor-view-framed elementor-shape-circle elementor-position-top elementor-mobile-position-top elementor-widget elementor-widget-icon-box\" data-id=\"2b8bafa2\" data-element_type=\"widget\" data-widget_type=\"icon-box.default\">\n\t\t\t\t<div class=\"elementor-widget-container\">\n\t\t\t\t\t\t\t<div class=\"elementor-icon-box-wrapper\">\n\n\t\t\t\t\t\t<div class=\"elementor-icon-box-icon\">\n\t\t\t\t<span  class=\"elementor-icon\">\n\t\t\t\t<i aria-hidden=\"true\" class=\"fas fa-flask\"><\/i>\t\t\t\t<\/span>\n\t\t\t<\/div>\n\t\t\t\n\t\t\t\t\t\t<div class=\"elementor-icon-box-content\">\n\n\t\t\t\t\t\t\t\t\t<h3 class=\"elementor-icon-box-title\">\n\t\t\t\t\t\t<span  >\n\t\t\t\t\t\t\tInnovaci\u00f3n\t\t\t\t\t\t<\/span>\n\t\t\t\t\t<\/h3>\n\t\t\t\t\n\t\t\t\t\t\t\t\t\t<p class=\"elementor-icon-box-description\">\n\t\t\t\t\t\tNuestra principal responsabilidad es trabajar y desarrollar la investigaci\u00f3n, la industria y la educaci\u00f3n referente a los residuos, ya que uno de los pilares del desarrollo sostenible es la gesti\u00f3n eficaz de los residuos. Trabajamos para que los residuos dejen de ser un problema y se conviertan en fuente de riqueza, para que Euskal Herria se posicione entre los pa\u00edses m\u00e1s avanzados en materia de residuos.\t\t\t\t\t<\/p>\n\t\t\t\t\n\t\t\t<\/div>\n\t\t\t\n\t\t<\/div>\n\t\t\t\t\t\t<\/div>\n\t\t\t\t<\/div>\n\t\t\t\t\t<\/div>\n\t\t<\/div>\n\t\t\t\t<div class=\"elementor-column elementor-col-33 elementor-top-column elementor-element elementor-element-5ba1ac24\" data-id=\"5ba1ac24\" data-element_type=\"column\">\n\t\t\t<div class=\"elementor-widget-wrap elementor-element-populated\">\n\t\t\t\t\t\t<div class=\"elementor-element elementor-element-6cc9b8bc elementor-view-framed elementor-shape-circle elementor-position-top elementor-mobile-position-top elementor-widget elementor-widget-icon-box\" data-id=\"6cc9b8bc\" data-element_type=\"widget\" data-widget_type=\"icon-box.default\">\n\t\t\t\t<div class=\"elementor-widget-container\">\n\t\t\t\t\t\t\t<div class=\"elementor-icon-box-wrapper\">\n\n\t\t\t\t\t\t<div class=\"elementor-icon-box-icon\">\n\t\t\t\t<span  class=\"elementor-icon\">\n\t\t\t\t<i aria-hidden=\"true\" class=\"fas fa-chalkboard-teacher\"><\/i>\t\t\t\t<\/span>\n\t\t\t<\/div>\n\t\t\t\n\t\t\t\t\t\t<div class=\"elementor-icon-box-content\">\n\n\t\t\t\t\t\t\t\t\t<h3 class=\"elementor-icon-box-title\">\n\t\t\t\t\t\t<span  >\n\t\t\t\t\t\t\tConocimiento\t\t\t\t\t\t<\/span>\n\t\t\t\t\t<\/h3>\n\t\t\t\t\n\t\t\t\t\t\t\t\t\t<p class=\"elementor-icon-box-description\">\n\t\t\t\t\t\tGarbitania fue creada para ser un actor activo del desarrollo sostenible. Nuestra vocaci\u00f3n principal es concentrar el conocimiento y los recursos existentes en torno al sistema del puerta a puerta y ponerlos a disposici\u00f3n de los municipios y mancomunidades de Euskal Herria.\t\t\t\t\t<\/p>\n\t\t\t\t\n\t\t\t<\/div>\n\t\t\t\n\t\t<\/div>\n\t\t\t\t\t\t<\/div>\n\t\t\t\t<\/div>\n\t\t\t\t\t<\/div>\n\t\t<\/div>\n\t\t\t\t<div class=\"elementor-column elementor-col-33 elementor-top-column elementor-element elementor-element-6cb0b21e\" data-id=\"6cb0b21e\" data-element_type=\"column\">\n\t\t\t<div class=\"elementor-widget-wrap elementor-element-populated\">\n\t\t\t\t\t\t<div class=\"elementor-element elementor-element-12fb74ae elementor-view-framed elementor-shape-circle elementor-position-top elementor-mobile-position-top elementor-widget elementor-widget-icon-box\" data-id=\"12fb74ae\" data-element_type=\"widget\" data-widget_type=\"icon-box.default\">\n\t\t\t\t<div class=\"elementor-widget-container\">\n\t\t\t\t\t\t\t<div class=\"elementor-icon-box-wrapper\">\n\n\t\t\t\t\t\t<div class=\"elementor-icon-box-icon\">\n\t\t\t\t<span  class=\"elementor-icon\">\n\t\t\t\t<i aria-hidden=\"true\" class=\"fas fa-clipboard-check\"><\/i>\t\t\t\t<\/span>\n\t\t\t<\/div>\n\t\t\t\n\t\t\t\t\t\t<div class=\"elementor-icon-box-content\">\n\n\t\t\t\t\t\t\t\t\t<h3 class=\"elementor-icon-box-title\">\n\t\t\t\t\t\t<span  >\n\t\t\t\t\t\t\tEficiencia\t\t\t\t\t\t<\/span>\n\t\t\t\t\t<\/h3>\n\t\t\t\t\n\t\t\t\t\t\t\t\t\t<p class=\"elementor-icon-box-description\">\n\t\t\t\t\t\tNuestro objetivo es recoger y tratar los residuos dom\u00e9sticos de la manera m\u00e1s eficaz. Es nuestra obligaci\u00f3n proporcionar el sistema de recogida y tratamiento m\u00e1s econ\u00f3mico, sostenible, educativo, solidario y en realidad, el m\u00e1s conveniente. Ofrecemos a los municipios y a las mancomunidades un servicio personalizado para que disminuyan su huella ecol\u00f3gica y para que cumplan con sus obligaciones legislativas vigentes.\t\t\t\t\t<\/p>\n\t\t\t\t\n\t\t\t<\/div>\n\t\t\t\n\t\t<\/div>\n\t\t\t\t\t\t<\/div>\n\t\t\t\t<\/div>\n\t\t\t\t\t<\/div>\n\t\t<\/div>\n\t\t\t\t\t<\/div>\n\t\t<\/section>\n\t\t\t\t<\/div>\n\t\t","protected":false},"excerpt":{"rendered":"<p>Innovaci\u00f3n Nuestra principal responsabilidad es trabajar y desarrollar la investigaci\u00f3n, la industria y la educaci\u00f3n referente a los residuos, ya que uno de los pilares del desarrollo sostenible es la gesti\u00f3n eficaz de los residuos. Trabajamos para que los residuos dejen de ser un problema y se conviertan en fuente de riqueza, para que Euskal [&hellip;]<\/p>\n","protected":false},"author":1,"featured_media":0,"parent":963,"menu_order":0,"comment_status":"closed","ping_status":"closed","template":"","meta":{"site-sidebar-layout":"no-sidebar","site-content-layout":"page-builder","ast-site-content-layout":"default","site-content-style":"default","site-sidebar-style":"default","ast-global-header-display":"","ast-banner-title-visibility":"","ast-main-header-display":"","ast-hfb-above-header-display":"","ast-hfb-below-header-display":"","ast-hfb-mobile-header-display":"","site-post-title":"","ast-breadcrumbs-content":"","ast-featured-img":"disabled","footer-sml-layout":"","theme-transparent-header-meta":"default","adv-header-id-meta":"","stick-header-meta":"","header-above-stick-meta":"","header-main-stick-meta":"","header-below-stick-meta":"","astra-migrate-meta-layouts":"default","ast-page-background-enabled":"default","ast-page-background-meta":{"desktop":{"background-color":"","background-image":"","background-repeat":"repeat","background-position":"center center","background-size":"auto","background-attachment":"scroll","background-type":"","background-media":"","overlay-type":"","overlay-color":"","overlay-opacity":"","overlay-gradient":""},"tablet":{"background-color":"","background-image":"","background-repeat":"repeat","background-position":"center center","background-size":"auto","background-attachment":"scroll","background-type":"","background-media":"","overlay-type":"","overlay-color":"","overlay-opacity":"","overlay-gradient":""},"mobile":{"background-color":"","background-image":"","background-repeat":"repeat","background-position":"center center","background-size":"auto","background-attachment":"scroll","background-type":"","background-media":"","overlay-type":"","overlay-color":"","overlay-opacity":"","overlay-gradient":""}},"ast-content-background-meta":{"desktop":{"background-color":"var(--ast-global-color-5)","background-image":"","background-repeat":"repeat","background-position":"center center","background-size":"auto","background-attachment":"scroll","background-type":"","background-media":"","overlay-type":"","overlay-color":"","overlay-opacity":"","overlay-gradient":""},"tablet":{"background-color":"var(--ast-global-color-5)","background-image":"","background-repeat":"repeat","background-position":"center center","background-size":"auto","background-attachment":"scroll","background-type":"","background-media":"","overlay-type":"","overlay-color":"","overlay-opacity":"","overlay-gradient":""},"mobile":{"background-color":"var(--ast-global-color-5)","background-image":"","background-repeat":"repeat","background-position":"center center","background-size":"auto","background-attachment":"scroll","background-type":"","background-media":"","overlay-type":"","overlay-color":"","overlay-opacity":"","overlay-gradient":""}},"footnotes":""},"class_list":["post-965","page","type-page","status-publish","hentry"],"yoast_head":"<!-- This site is optimized with the Yoast SEO plugin v25.4 - https:\/\/yoast.com\/wordpress\/plugins\/seo\/ -->\n<title>Innovaci\u00f3n - Garbitania<\/title>\n<meta name=\"robots\" content=\"index, follow, max-snippet:-1, max-image-preview:large, max-video-preview:-1\" \/>\n<link rel=\"canonical\" href=\"https:\/\/www.garbitania.eus\/es\/quienes-somos\/innovacion\/\" \/>\n<meta property=\"og:locale\" content=\"es_ES\" \/>\n<meta property=\"og:type\" content=\"article\" \/>\n<meta property=\"og:title\" content=\"Innovaci\u00f3n - Garbitania\" \/>\n<meta property=\"og:description\" content=\"Innovaci\u00f3n Nuestra principal responsabilidad es trabajar y desarrollar la investigaci\u00f3n, la industria y la educaci\u00f3n referente a los residuos, ya que uno de los pilares del desarrollo sostenible es la gesti\u00f3n eficaz de los residuos. Trabajamos para que los residuos dejen de ser un problema y se conviertan en fuente de riqueza, para que Euskal [&hellip;]\" \/>\n<meta property=\"og:url\" content=\"https:\/\/www.garbitania.eus\/es\/quienes-somos\/innovacion\/\" \/>\n<meta property=\"og:site_name\" content=\"Garbitania\" \/>\n<meta property=\"article:modified_time\" content=\"2020-04-22T17:55:14+00:00\" \/>\n<meta name=\"twitter:card\" content=\"summary_large_image\" \/>\n<meta name=\"twitter:label1\" content=\"Tiempo de lectura\" \/>\n\t<meta name=\"twitter:data1\" content=\"1 minuto\" \/>\n<script type=\"application\/ld+json\" class=\"yoast-schema-graph\">{\"@context\":\"https:\/\/schema.org\",\"@graph\":[{\"@type\":\"WebPage\",\"@id\":\"https:\/\/www.garbitania.eus\/es\/quienes-somos\/innovacion\/\",\"url\":\"https:\/\/www.garbitania.eus\/es\/quienes-somos\/innovacion\/\",\"name\":\"Innovaci\u00f3n - Garbitania\",\"isPartOf\":{\"@id\":\"https:\/\/www.garbitania.eus\/es\/#website\"},\"datePublished\":\"2020-04-21T07:32:42+00:00\",\"dateModified\":\"2020-04-22T17:55:14+00:00\",\"breadcrumb\":{\"@id\":\"https:\/\/www.garbitania.eus\/es\/quienes-somos\/innovacion\/#breadcrumb\"},\"inLanguage\":\"es\",\"potentialAction\":[{\"@type\":\"ReadAction\",\"target\":[\"https:\/\/www.garbitania.eus\/es\/quienes-somos\/innovacion\/\"]}]},{\"@type\":\"BreadcrumbList\",\"@id\":\"https:\/\/www.garbitania.eus\/es\/quienes-somos\/innovacion\/#breadcrumb\",\"itemListElement\":[{\"@type\":\"ListItem\",\"position\":1,\"name\":\"Home\",\"item\":\"https:\/\/www.garbitania.eus\/es\/\"},{\"@type\":\"ListItem\",\"position\":2,\"name\":\"Qui\u00e9nes somos\",\"item\":\"https:\/\/www.garbitania.eus\/es\/quienes-somos\/\"},{\"@type\":\"ListItem\",\"position\":3,\"name\":\"Innovaci\u00f3n\"}]},{\"@type\":\"WebSite\",\"@id\":\"https:\/\/www.garbitania.eus\/es\/#website\",\"url\":\"https:\/\/www.garbitania.eus\/es\/\",\"name\":\"Garbitania\",\"description\":\"\",\"publisher\":{\"@id\":\"https:\/\/www.garbitania.eus\/es\/#organization\"},\"potentialAction\":[{\"@type\":\"SearchAction\",\"target\":{\"@type\":\"EntryPoint\",\"urlTemplate\":\"https:\/\/www.garbitania.eus\/es\/?s={search_term_string}\"},\"query-input\":{\"@type\":\"PropertyValueSpecification\",\"valueRequired\":true,\"valueName\":\"search_term_string\"}}],\"inLanguage\":\"es\"},{\"@type\":\"Organization\",\"@id\":\"https:\/\/www.garbitania.eus\/es\/#organization\",\"name\":\"Garbitania\",\"url\":\"https:\/\/www.garbitania.eus\/es\/\",\"logo\":{\"@type\":\"ImageObject\",\"inLanguage\":\"es\",\"@id\":\"https:\/\/www.garbitania.eus\/es\/#\/schema\/logo\/image\/\",\"url\":\"https:\/\/www.garbitania.eus\/wp-content\/uploads\/2020\/01\/cropped-Garbitania-logotipoa.png\",\"contentUrl\":\"https:\/\/www.garbitania.eus\/wp-content\/uploads\/2020\/01\/cropped-Garbitania-logotipoa.png\",\"width\":512,\"height\":137,\"caption\":\"Garbitania\"},\"image\":{\"@id\":\"https:\/\/www.garbitania.eus\/es\/#\/schema\/logo\/image\/\"}}]}<\/script>\n<!-- \/ Yoast SEO plugin. -->","yoast_head_json":{"title":"Innovaci\u00f3n - Garbitania","robots":{"index":"index","follow":"follow","max-snippet":"max-snippet:-1","max-image-preview":"max-image-preview:large","max-video-preview":"max-video-preview:-1"},"canonical":"https:\/\/www.garbitania.eus\/es\/quienes-somos\/innovacion\/","og_locale":"es_ES","og_type":"article","og_title":"Innovaci\u00f3n - Garbitania","og_description":"Innovaci\u00f3n Nuestra principal responsabilidad es trabajar y desarrollar la investigaci\u00f3n, la industria y la educaci\u00f3n referente a los residuos, ya que uno de los pilares del desarrollo sostenible es la gesti\u00f3n eficaz de los residuos. Trabajamos para que los residuos dejen de ser un problema y se conviertan en fuente de riqueza, para que Euskal [&hellip;]","og_url":"https:\/\/www.garbitania.eus\/es\/quienes-somos\/innovacion\/","og_site_name":"Garbitania","article_modified_time":"2020-04-22T17:55:14+00:00","twitter_card":"summary_large_image","twitter_misc":{"Tiempo de lectura":"1 minuto"},"schema":{"@context":"https:\/\/schema.org","@graph":[{"@type":"WebPage","@id":"https:\/\/www.garbitania.eus\/es\/quienes-somos\/innovacion\/","url":"https:\/\/www.garbitania.eus\/es\/quienes-somos\/innovacion\/","name":"Innovaci\u00f3n - Garbitania","isPartOf":{"@id":"https:\/\/www.garbitania.eus\/es\/#website"},"datePublished":"2020-04-21T07:32:42+00:00","dateModified":"2020-04-22T17:55:14+00:00","breadcrumb":{"@id":"https:\/\/www.garbitania.eus\/es\/quienes-somos\/innovacion\/#breadcrumb"},"inLanguage":"es","potentialAction":[{"@type":"ReadAction","target":["https:\/\/www.garbitania.eus\/es\/quienes-somos\/innovacion\/"]}]},{"@type":"BreadcrumbList","@id":"https:\/\/www.garbitania.eus\/es\/quienes-somos\/innovacion\/#breadcrumb","itemListElement":[{"@type":"ListItem","position":1,"name":"Home","item":"https:\/\/www.garbitania.eus\/es\/"},{"@type":"ListItem","position":2,"name":"Qui\u00e9nes somos","item":"https:\/\/www.garbitania.eus\/es\/quienes-somos\/"},{"@type":"ListItem","position":3,"name":"Innovaci\u00f3n"}]},{"@type":"WebSite","@id":"https:\/\/www.garbitania.eus\/es\/#website","url":"https:\/\/www.garbitania.eus\/es\/","name":"Garbitania","description":"","publisher":{"@id":"https:\/\/www.garbitania.eus\/es\/#organization"},"potentialAction":[{"@type":"SearchAction","target":{"@type":"EntryPoint","urlTemplate":"https:\/\/www.garbitania.eus\/es\/?s={search_term_string}"},"query-input":{"@type":"PropertyValueSpecification","valueRequired":true,"valueName":"search_term_string"}}],"inLanguage":"es"},{"@type":"Organization","@id":"https:\/\/www.garbitania.eus\/es\/#organization","name":"Garbitania","url":"https:\/\/www.garbitania.eus\/es\/","logo":{"@type":"ImageObject","inLanguage":"es","@id":"https:\/\/www.garbitania.eus\/es\/#\/schema\/logo\/image\/","url":"https:\/\/www.garbitania.eus\/wp-content\/uploads\/2020\/01\/cropped-Garbitania-logotipoa.png","contentUrl":"https:\/\/www.garbitania.eus\/wp-content\/uploads\/2020\/01\/cropped-Garbitania-logotipoa.png","width":512,"height":137,"caption":"Garbitania"},"image":{"@id":"https:\/\/www.garbitania.eus\/es\/#\/schema\/logo\/image\/"}}]}},"_links":{"self":[{"href":"https:\/\/www.garbitania.eus\/es\/wp-json\/wp\/v2\/pages\/965","targetHints":{"allow":["GET"]}}],"collection":[{"href":"https:\/\/www.garbitania.eus\/es\/wp-json\/wp\/v2\/pages"}],"about":[{"href":"https:\/\/www.garbitania.eus\/es\/wp-json\/wp\/v2\/types\/page"}],"author":[{"embeddable":true,"href":"https:\/\/www.garbitania.eus\/es\/wp-json\/wp\/v2\/users\/1"}],"replies":[{"embeddable":true,"href":"https:\/\/www.garbitania.eus\/es\/wp-json\/wp\/v2\/comments?post=965"}],"version-history":[{"count":3,"href":"https:\/\/www.garbitania.eus\/es\/wp-json\/wp\/v2\/pages\/965\/revisions"}],"predecessor-version":[{"id":1102,"href":"https:\/\/www.garbitania.eus\/es\/wp-json\/wp\/v2\/pages\/965\/revisions\/1102"}],"up":[{"embeddable":true,"href":"https:\/\/www.garbitania.eus\/es\/wp-json\/wp\/v2\/pages\/963"}],"wp:attachment":[{"href":"https:\/\/www.garbitania.eus\/es\/wp-json\/wp\/v2\/media?parent=965"}],"curies":[{"name":"wp","href":"https:\/\/api.w.org\/{rel}","templated":true}]}}