{"id":949,"date":"2020-04-20T21:08:46","date_gmt":"2020-04-20T19:08:46","guid":{"rendered":"http:\/\/garbitania.eus\/?page_id=949"},"modified":"2020-04-22T13:14:07","modified_gmt":"2020-04-22T11:14:07","slug":"que-es-el-autocompostaje","status":"publish","type":"page","link":"https:\/\/www.garbitania.eus\/es\/aprende\/que-es-el-autocompostaje\/","title":{"rendered":"\u00bfQu\u00e9 es el autocompostaje?"},"content":{"rendered":"\t\t<div data-elementor-type=\"wp-page\" data-elementor-id=\"949\" class=\"elementor elementor-949 elementor-33\" data-elementor-post-type=\"page\">\n\t\t\t\t\t\t<section class=\"elementor-section elementor-top-section elementor-element elementor-element-8e91245 elementor-section-boxed elementor-section-height-default elementor-section-height-default\" data-id=\"8e91245\" data-element_type=\"section\">\n\t\t\t\t\t\t<div class=\"elementor-container elementor-column-gap-default\">\n\t\t\t\t\t<div class=\"elementor-column elementor-col-50 elementor-top-column elementor-element elementor-element-cb11117\" data-id=\"cb11117\" data-element_type=\"column\">\n\t\t\t<div class=\"elementor-widget-wrap elementor-element-populated\">\n\t\t\t\t\t\t<div class=\"elementor-element elementor-element-61209f1 elementor-widget elementor-widget-text-editor\" data-id=\"61209f1\" data-element_type=\"widget\" data-widget_type=\"text-editor.default\">\n\t\t\t\t<div class=\"elementor-widget-container\">\n\t\t\t\t\t\t\t\t\t<p>Compostar es transformar los residuos org\u00e1nicos de la cocina y del jard\u00edn o el huerto en abono. El compostaje dom\u00e9stico consiste en llevar a cabo este proceso en nuestra propia casa, en nuestro propio jard\u00edn. As\u00ed, obtendremos compost para nuestra tierra y nuestras plantas crecer\u00e1n m\u00e1s sanas.<\/p><p>Se utilizan dos m\u00e9todos principales para el compostaje dom\u00e9stico. Cada uno de ellos tiene sus propias caracter\u00edsticas y potencialidades, y por tanto, se deben estudiar las posibilidades del municipio y la poblaci\u00f3n para poder realizar la campa\u00f1a m\u00e1s id\u00f3nea y optimizar los resultados.<\/p><p>Los dos m\u00e9todos principales son los siguientes:<\/p>\t\t\t\t\t\t\t\t<\/div>\n\t\t\t\t<\/div>\n\t\t\t\t\t<\/div>\n\t\t<\/div>\n\t\t\t\t<div class=\"elementor-column elementor-col-50 elementor-top-column elementor-element elementor-element-9b99db2\" data-id=\"9b99db2\" data-element_type=\"column\">\n\t\t\t<div class=\"elementor-widget-wrap elementor-element-populated\">\n\t\t\t\t\t\t<div class=\"elementor-element elementor-element-cfa0c4f elementor-widget elementor-widget-image\" data-id=\"cfa0c4f\" data-element_type=\"widget\" data-widget_type=\"image.default\">\n\t\t\t\t<div class=\"elementor-widget-container\">\n\t\t\t\t\t\t\t\t\t\t\t\t\t\t\t<img fetchpriority=\"high\" decoding=\"async\" width=\"1200\" height=\"800\" src=\"https:\/\/www.garbitania.eus\/wp-content\/uploads\/2020\/01\/konpost-1200x800.jpg\" class=\"attachment-large size-large wp-image-226\" alt=\"\" srcset=\"https:\/\/www.garbitania.eus\/wp-content\/uploads\/2020\/01\/konpost-1200x800.jpg 1200w, https:\/\/www.garbitania.eus\/wp-content\/uploads\/2020\/01\/konpost-600x400.jpg 600w, https:\/\/www.garbitania.eus\/wp-content\/uploads\/2020\/01\/konpost-768x512.jpg 768w, https:\/\/www.garbitania.eus\/wp-content\/uploads\/2020\/01\/konpost-500x333.jpg 500w, https:\/\/www.garbitania.eus\/wp-content\/uploads\/2020\/01\/konpost-800x533.jpg 800w, https:\/\/www.garbitania.eus\/wp-content\/uploads\/2020\/01\/konpost-1280x853.jpg 1280w, https:\/\/www.garbitania.eus\/wp-content\/uploads\/2020\/01\/konpost.jpg 1500w\" sizes=\"(max-width: 1200px) 100vw, 1200px\" \/>\t\t\t\t\t\t\t\t\t\t\t\t\t\t\t<\/div>\n\t\t\t\t<\/div>\n\t\t\t\t\t<\/div>\n\t\t<\/div>\n\t\t\t\t\t<\/div>\n\t\t<\/section>\n\t\t\t\t<section class=\"elementor-section elementor-top-section elementor-element elementor-element-17168068 fondo-grisa elementor-section-boxed elementor-section-height-default elementor-section-height-default\" data-id=\"17168068\" data-element_type=\"section\" data-settings=\"{&quot;background_background&quot;:&quot;classic&quot;}\">\n\t\t\t\t\t\t<div class=\"elementor-container elementor-column-gap-default\">\n\t\t\t\t\t<div class=\"elementor-column elementor-col-50 elementor-top-column elementor-element elementor-element-22f63c9f\" data-id=\"22f63c9f\" data-element_type=\"column\">\n\t\t\t<div class=\"elementor-widget-wrap elementor-element-populated\">\n\t\t\t\t\t\t<div class=\"elementor-element elementor-element-1367d3b4 elementor-widget elementor-widget-text-editor\" data-id=\"1367d3b4\" data-element_type=\"widget\" data-widget_type=\"text-editor.default\">\n\t\t\t\t<div class=\"elementor-widget-container\">\n\t\t\t\t\t\t\t\t\t<h3>Termocompostaje<\/h3><h4>1. Colocar la caja compostadora directamente sobre la tierra.<\/h4><p>Los jugos que se derivan de la descomposici\u00f3n de la materia org\u00e1nica se drenan y son aprovechados por la vegetaci\u00f3n de los alrededores. <\/p><p>Nunca instalaremos la caja compostadora sobre pavimento o enladrillado.<\/p><h4>2. Mezclar vol\u00famenes iguales de materia h\u00fameda y seca.<\/h4><p>Los restos de cocina, la hierba fresca y las partes tiernas de las plantas son materia h\u00fameda y muy rica en nitr\u00f3geno. Las hojas, la hierba seca, los restos de poda, la paja, las virutas y el serr\u00edn son la parte seca, con un alto contenido en carbono.<\/p><h4>3. Remover la pila.<\/h4><p>Cuando removemos la pila, solo tenemos que remover la capa superior. Se airea la caja y se evita que los restos org\u00e1nicos se compacten. No hay que remover toda la pila.<\/p><h4>4. Controlar la humedad.<\/h4><p>La pila no debe secarse. La regaremos con difusor para asegurarnos de que el agua impregna toda la pila.<\/p>\t\t\t\t\t\t\t\t<\/div>\n\t\t\t\t<\/div>\n\t\t\t\t\t<\/div>\n\t\t<\/div>\n\t\t\t\t<div class=\"elementor-column elementor-col-50 elementor-top-column elementor-element elementor-element-39097fac\" data-id=\"39097fac\" data-element_type=\"column\">\n\t\t\t<div class=\"elementor-widget-wrap elementor-element-populated\">\n\t\t\t\t\t\t<div class=\"elementor-element elementor-element-5e97d982 elementor-widget elementor-widget-text-editor\" data-id=\"5e97d982\" data-element_type=\"widget\" data-widget_type=\"text-editor.default\">\n\t\t\t\t<div class=\"elementor-widget-container\">\n\t\t\t\t\t\t\t\t\t<h3>Vermicompostaje<\/h3><p>En este caso, el compost se realiza a trav\u00e9s de lombrices. La vermicompostadora es una caja que tiene un espacio especial para las lombrices, por lo que se puede colocar en cualquier tipo de superficie. Es un m\u00e9todo un poco m\u00e1s complejo y caro, pero, al contrario que el termocompostaje, cualquier familia puede practicarlo. En efecto, se puede hacer en el balc\u00f3n, y no necesariamente en el jard\u00edn o la huerta.<\/p><p>Tal y como se ha mencionado, el vermicompostaje se realiza a trav\u00e9s de las lombrices y, por lo tanto,\u00a0 no se deben echar a la pila de compost aquellos residuos que puedan perjudicar su salud. No todos los residuos org\u00e1nicos son aptos para el vermicompostaje. Se deben evitar los limones, las c\u00e1scaras de pl\u00e1tano, la carne, los huesos, etc. <\/p>\t\t\t\t\t\t\t\t<\/div>\n\t\t\t\t<\/div>\n\t\t\t\t\t<\/div>\n\t\t<\/div>\n\t\t\t\t\t<\/div>\n\t\t<\/section>\n\t\t\t\t<section class=\"elementor-section elementor-top-section elementor-element elementor-element-657351ab elementor-section-boxed elementor-section-height-default elementor-section-height-default\" data-id=\"657351ab\" data-element_type=\"section\">\n\t\t\t\t\t\t<div class=\"elementor-container elementor-column-gap-default\">\n\t\t\t\t\t<div class=\"elementor-column elementor-col-25 elementor-top-column elementor-element elementor-element-298d0344\" data-id=\"298d0344\" data-element_type=\"column\">\n\t\t\t<div class=\"elementor-widget-wrap\">\n\t\t\t\t\t\t\t<\/div>\n\t\t<\/div>\n\t\t\t\t<div class=\"elementor-column elementor-col-50 elementor-top-column elementor-element elementor-element-279dd4e4\" data-id=\"279dd4e4\" data-element_type=\"column\">\n\t\t\t<div class=\"elementor-widget-wrap elementor-element-populated\">\n\t\t\t\t\t\t<div class=\"elementor-element elementor-element-e58c506 elementor-widget elementor-widget-text-editor\" data-id=\"e58c506\" data-element_type=\"widget\" data-widget_type=\"text-editor.default\">\n\t\t\t\t<div class=\"elementor-widget-container\">\n\t\t\t\t\t\t\t\t\t<h3>El autocompostaje en la comunidad, otra alternativa<\/h3><p>Hoy en d\u00eda, el compostaje comunitario es una alternativa real en los alrededores del centro urbano. En estos casos se practica el termocompostaje: aquellas familias que no tienen la oportunidad de tener su propia caja compostadora se unen y practican el compostaje comunitario.<\/p><p>Se coloca la caja compostadora en el lugar acordado entre todas las familias participantes; siendo \u00e9sta del tama\u00f1o oportuno para gestionar los restos org\u00e1nicos de todas las familias participantes. Se les ofrece formaci\u00f3n a todas aqu\u00e9llas y se nombra una persona responsable para realizar el seguimiento y estar en contacto directo con la persona t\u00e9cnica responsable.<\/p>\t\t\t\t\t\t\t\t<\/div>\n\t\t\t\t<\/div>\n\t\t\t\t\t<\/div>\n\t\t<\/div>\n\t\t\t\t<div class=\"elementor-column elementor-col-25 elementor-top-column elementor-element elementor-element-10d6d256\" data-id=\"10d6d256\" data-element_type=\"column\">\n\t\t\t<div class=\"elementor-widget-wrap\">\n\t\t\t\t\t\t\t<\/div>\n\t\t<\/div>\n\t\t\t\t\t<\/div>\n\t\t<\/section>\n\t\t\t\t<\/div>\n\t\t","protected":false},"excerpt":{"rendered":"<p>Compostar es transformar los residuos org\u00e1nicos de la cocina y del jard\u00edn o el huerto en abono. El compostaje dom\u00e9stico consiste en llevar a cabo este proceso en nuestra propia casa, en nuestro propio jard\u00edn. As\u00ed, obtendremos compost para nuestra tierra y nuestras plantas crecer\u00e1n m\u00e1s sanas. Se utilizan dos m\u00e9todos principales para el compostaje [&hellip;]<\/p>\n","protected":false},"author":1,"featured_media":631,"parent":941,"menu_order":0,"comment_status":"closed","ping_status":"closed","template":"","meta":{"site-sidebar-layout":"no-sidebar","site-content-layout":"page-builder","ast-site-content-layout":"default","site-content-style":"default","site-sidebar-style":"default","ast-global-header-display":"","ast-banner-title-visibility":"","ast-main-header-display":"","ast-hfb-above-header-display":"","ast-hfb-below-header-display":"","ast-hfb-mobile-header-display":"","site-post-title":"","ast-breadcrumbs-content":"","ast-featured-img":"","footer-sml-layout":"","theme-transparent-header-meta":"default","adv-header-id-meta":"","stick-header-meta":"","header-above-stick-meta":"","header-main-stick-meta":"","header-below-stick-meta":"","astra-migrate-meta-layouts":"default","ast-page-background-enabled":"default","ast-page-background-meta":{"desktop":{"background-color":"","background-image":"","background-repeat":"repeat","background-position":"center center","background-size":"auto","background-attachment":"scroll","background-type":"","background-media":"","overlay-type":"","overlay-color":"","overlay-opacity":"","overlay-gradient":""},"tablet":{"background-color":"","background-image":"","background-repeat":"repeat","background-position":"center center","background-size":"auto","background-attachment":"scroll","background-type":"","background-media":"","overlay-type":"","overlay-color":"","overlay-opacity":"","overlay-gradient":""},"mobile":{"background-color":"","background-image":"","background-repeat":"repeat","background-position":"center center","background-size":"auto","background-attachment":"scroll","background-type":"","background-media":"","overlay-type":"","overlay-color":"","overlay-opacity":"","overlay-gradient":""}},"ast-content-background-meta":{"desktop":{"background-color":"var(--ast-global-color-5)","background-image":"","background-repeat":"repeat","background-position":"center center","background-size":"auto","background-attachment":"scroll","background-type":"","background-media":"","overlay-type":"","overlay-color":"","overlay-opacity":"","overlay-gradient":""},"tablet":{"background-color":"var(--ast-global-color-5)","background-image":"","background-repeat":"repeat","background-position":"center center","background-size":"auto","background-attachment":"scroll","background-type":"","background-media":"","overlay-type":"","overlay-color":"","overlay-opacity":"","overlay-gradient":""},"mobile":{"background-color":"var(--ast-global-color-5)","background-image":"","background-repeat":"repeat","background-position":"center center","background-size":"auto","background-attachment":"scroll","background-type":"","background-media":"","overlay-type":"","overlay-color":"","overlay-opacity":"","overlay-gradient":""}},"footnotes":""},"class_list":["post-949","page","type-page","status-publish","has-post-thumbnail","hentry"],"yoast_head":"<!-- This site is optimized with the Yoast SEO plugin v25.4 - https:\/\/yoast.com\/wordpress\/plugins\/seo\/ -->\n<title>\u00bfQu\u00e9 es el autocompostaje? - Garbitania<\/title>\n<meta name=\"robots\" content=\"index, follow, max-snippet:-1, max-image-preview:large, max-video-preview:-1\" \/>\n<link rel=\"canonical\" href=\"https:\/\/www.garbitania.eus\/es\/aprende\/que-es-el-autocompostaje\/\" \/>\n<meta property=\"og:locale\" content=\"es_ES\" \/>\n<meta property=\"og:type\" content=\"article\" \/>\n<meta property=\"og:title\" content=\"\u00bfQu\u00e9 es el autocompostaje? - Garbitania\" \/>\n<meta property=\"og:description\" content=\"Compostar es transformar los residuos org\u00e1nicos de la cocina y del jard\u00edn o el huerto en abono. El compostaje dom\u00e9stico consiste en llevar a cabo este proceso en nuestra propia casa, en nuestro propio jard\u00edn. As\u00ed, obtendremos compost para nuestra tierra y nuestras plantas crecer\u00e1n m\u00e1s sanas. Se utilizan dos m\u00e9todos principales para el compostaje [&hellip;]\" \/>\n<meta property=\"og:url\" content=\"https:\/\/www.garbitania.eus\/es\/aprende\/que-es-el-autocompostaje\/\" \/>\n<meta property=\"og:site_name\" content=\"Garbitania\" \/>\n<meta property=\"article:modified_time\" content=\"2020-04-22T11:14:07+00:00\" \/>\n<meta property=\"og:image\" content=\"https:\/\/www.garbitania.eus\/wp-content\/uploads\/2020\/04\/paisaia-berdea-paisaje-verde.jpg\" \/>\n\t<meta property=\"og:image:width\" content=\"1500\" \/>\n\t<meta property=\"og:image:height\" content=\"1001\" \/>\n\t<meta property=\"og:image:type\" content=\"image\/jpeg\" \/>\n<meta name=\"twitter:card\" content=\"summary_large_image\" \/>\n<meta name=\"twitter:label1\" content=\"Tiempo de lectura\" \/>\n\t<meta name=\"twitter:data1\" content=\"3 minutos\" \/>\n<script type=\"application\/ld+json\" class=\"yoast-schema-graph\">{\"@context\":\"https:\/\/schema.org\",\"@graph\":[{\"@type\":\"WebPage\",\"@id\":\"https:\/\/www.garbitania.eus\/es\/aprende\/que-es-el-autocompostaje\/\",\"url\":\"https:\/\/www.garbitania.eus\/es\/aprende\/que-es-el-autocompostaje\/\",\"name\":\"\u00bfQu\u00e9 es el autocompostaje? - Garbitania\",\"isPartOf\":{\"@id\":\"https:\/\/www.garbitania.eus\/es\/#website\"},\"primaryImageOfPage\":{\"@id\":\"https:\/\/www.garbitania.eus\/es\/aprende\/que-es-el-autocompostaje\/#primaryimage\"},\"image\":{\"@id\":\"https:\/\/www.garbitania.eus\/es\/aprende\/que-es-el-autocompostaje\/#primaryimage\"},\"thumbnailUrl\":\"https:\/\/www.garbitania.eus\/wp-content\/uploads\/2020\/04\/paisaia-berdea-paisaje-verde.jpg\",\"datePublished\":\"2020-04-20T19:08:46+00:00\",\"dateModified\":\"2020-04-22T11:14:07+00:00\",\"breadcrumb\":{\"@id\":\"https:\/\/www.garbitania.eus\/es\/aprende\/que-es-el-autocompostaje\/#breadcrumb\"},\"inLanguage\":\"es\",\"potentialAction\":[{\"@type\":\"ReadAction\",\"target\":[\"https:\/\/www.garbitania.eus\/es\/aprende\/que-es-el-autocompostaje\/\"]}]},{\"@type\":\"ImageObject\",\"inLanguage\":\"es\",\"@id\":\"https:\/\/www.garbitania.eus\/es\/aprende\/que-es-el-autocompostaje\/#primaryimage\",\"url\":\"https:\/\/www.garbitania.eus\/wp-content\/uploads\/2020\/04\/paisaia-berdea-paisaje-verde.jpg\",\"contentUrl\":\"https:\/\/www.garbitania.eus\/wp-content\/uploads\/2020\/04\/paisaia-berdea-paisaje-verde.jpg\",\"width\":1500,\"height\":1001},{\"@type\":\"BreadcrumbList\",\"@id\":\"https:\/\/www.garbitania.eus\/es\/aprende\/que-es-el-autocompostaje\/#breadcrumb\",\"itemListElement\":[{\"@type\":\"ListItem\",\"position\":1,\"name\":\"Home\",\"item\":\"https:\/\/www.garbitania.eus\/es\/\"},{\"@type\":\"ListItem\",\"position\":2,\"name\":\"Aprende\",\"item\":\"https:\/\/www.garbitania.eus\/es\/aprende\/\"},{\"@type\":\"ListItem\",\"position\":3,\"name\":\"\u00bfQu\u00e9 es el autocompostaje?\"}]},{\"@type\":\"WebSite\",\"@id\":\"https:\/\/www.garbitania.eus\/es\/#website\",\"url\":\"https:\/\/www.garbitania.eus\/es\/\",\"name\":\"Garbitania\",\"description\":\"\",\"publisher\":{\"@id\":\"https:\/\/www.garbitania.eus\/es\/#organization\"},\"potentialAction\":[{\"@type\":\"SearchAction\",\"target\":{\"@type\":\"EntryPoint\",\"urlTemplate\":\"https:\/\/www.garbitania.eus\/es\/?s={search_term_string}\"},\"query-input\":{\"@type\":\"PropertyValueSpecification\",\"valueRequired\":true,\"valueName\":\"search_term_string\"}}],\"inLanguage\":\"es\"},{\"@type\":\"Organization\",\"@id\":\"https:\/\/www.garbitania.eus\/es\/#organization\",\"name\":\"Garbitania\",\"url\":\"https:\/\/www.garbitania.eus\/es\/\",\"logo\":{\"@type\":\"ImageObject\",\"inLanguage\":\"es\",\"@id\":\"https:\/\/www.garbitania.eus\/es\/#\/schema\/logo\/image\/\",\"url\":\"https:\/\/www.garbitania.eus\/wp-content\/uploads\/2020\/01\/cropped-Garbitania-logotipoa.png\",\"contentUrl\":\"https:\/\/www.garbitania.eus\/wp-content\/uploads\/2020\/01\/cropped-Garbitania-logotipoa.png\",\"width\":512,\"height\":137,\"caption\":\"Garbitania\"},\"image\":{\"@id\":\"https:\/\/www.garbitania.eus\/es\/#\/schema\/logo\/image\/\"}}]}<\/script>\n<!-- \/ Yoast SEO plugin. -->","yoast_head_json":{"title":"\u00bfQu\u00e9 es el autocompostaje? - Garbitania","robots":{"index":"index","follow":"follow","max-snippet":"max-snippet:-1","max-image-preview":"max-image-preview:large","max-video-preview":"max-video-preview:-1"},"canonical":"https:\/\/www.garbitania.eus\/es\/aprende\/que-es-el-autocompostaje\/","og_locale":"es_ES","og_type":"article","og_title":"\u00bfQu\u00e9 es el autocompostaje? - Garbitania","og_description":"Compostar es transformar los residuos org\u00e1nicos de la cocina y del jard\u00edn o el huerto en abono. El compostaje dom\u00e9stico consiste en llevar a cabo este proceso en nuestra propia casa, en nuestro propio jard\u00edn. As\u00ed, obtendremos compost para nuestra tierra y nuestras plantas crecer\u00e1n m\u00e1s sanas. Se utilizan dos m\u00e9todos principales para el compostaje [&hellip;]","og_url":"https:\/\/www.garbitania.eus\/es\/aprende\/que-es-el-autocompostaje\/","og_site_name":"Garbitania","article_modified_time":"2020-04-22T11:14:07+00:00","og_image":[{"width":1500,"height":1001,"url":"https:\/\/www.garbitania.eus\/wp-content\/uploads\/2020\/04\/paisaia-berdea-paisaje-verde.jpg","type":"image\/jpeg"}],"twitter_card":"summary_large_image","twitter_misc":{"Tiempo de lectura":"3 minutos"},"schema":{"@context":"https:\/\/schema.org","@graph":[{"@type":"WebPage","@id":"https:\/\/www.garbitania.eus\/es\/aprende\/que-es-el-autocompostaje\/","url":"https:\/\/www.garbitania.eus\/es\/aprende\/que-es-el-autocompostaje\/","name":"\u00bfQu\u00e9 es el autocompostaje? - Garbitania","isPartOf":{"@id":"https:\/\/www.garbitania.eus\/es\/#website"},"primaryImageOfPage":{"@id":"https:\/\/www.garbitania.eus\/es\/aprende\/que-es-el-autocompostaje\/#primaryimage"},"image":{"@id":"https:\/\/www.garbitania.eus\/es\/aprende\/que-es-el-autocompostaje\/#primaryimage"},"thumbnailUrl":"https:\/\/www.garbitania.eus\/wp-content\/uploads\/2020\/04\/paisaia-berdea-paisaje-verde.jpg","datePublished":"2020-04-20T19:08:46+00:00","dateModified":"2020-04-22T11:14:07+00:00","breadcrumb":{"@id":"https:\/\/www.garbitania.eus\/es\/aprende\/que-es-el-autocompostaje\/#breadcrumb"},"inLanguage":"es","potentialAction":[{"@type":"ReadAction","target":["https:\/\/www.garbitania.eus\/es\/aprende\/que-es-el-autocompostaje\/"]}]},{"@type":"ImageObject","inLanguage":"es","@id":"https:\/\/www.garbitania.eus\/es\/aprende\/que-es-el-autocompostaje\/#primaryimage","url":"https:\/\/www.garbitania.eus\/wp-content\/uploads\/2020\/04\/paisaia-berdea-paisaje-verde.jpg","contentUrl":"https:\/\/www.garbitania.eus\/wp-content\/uploads\/2020\/04\/paisaia-berdea-paisaje-verde.jpg","width":1500,"height":1001},{"@type":"BreadcrumbList","@id":"https:\/\/www.garbitania.eus\/es\/aprende\/que-es-el-autocompostaje\/#breadcrumb","itemListElement":[{"@type":"ListItem","position":1,"name":"Home","item":"https:\/\/www.garbitania.eus\/es\/"},{"@type":"ListItem","position":2,"name":"Aprende","item":"https:\/\/www.garbitania.eus\/es\/aprende\/"},{"@type":"ListItem","position":3,"name":"\u00bfQu\u00e9 es el autocompostaje?"}]},{"@type":"WebSite","@id":"https:\/\/www.garbitania.eus\/es\/#website","url":"https:\/\/www.garbitania.eus\/es\/","name":"Garbitania","description":"","publisher":{"@id":"https:\/\/www.garbitania.eus\/es\/#organization"},"potentialAction":[{"@type":"SearchAction","target":{"@type":"EntryPoint","urlTemplate":"https:\/\/www.garbitania.eus\/es\/?s={search_term_string}"},"query-input":{"@type":"PropertyValueSpecification","valueRequired":true,"valueName":"search_term_string"}}],"inLanguage":"es"},{"@type":"Organization","@id":"https:\/\/www.garbitania.eus\/es\/#organization","name":"Garbitania","url":"https:\/\/www.garbitania.eus\/es\/","logo":{"@type":"ImageObject","inLanguage":"es","@id":"https:\/\/www.garbitania.eus\/es\/#\/schema\/logo\/image\/","url":"https:\/\/www.garbitania.eus\/wp-content\/uploads\/2020\/01\/cropped-Garbitania-logotipoa.png","contentUrl":"https:\/\/www.garbitania.eus\/wp-content\/uploads\/2020\/01\/cropped-Garbitania-logotipoa.png","width":512,"height":137,"caption":"Garbitania"},"image":{"@id":"https:\/\/www.garbitania.eus\/es\/#\/schema\/logo\/image\/"}}]}},"_links":{"self":[{"href":"https:\/\/www.garbitania.eus\/es\/wp-json\/wp\/v2\/pages\/949","targetHints":{"allow":["GET"]}}],"collection":[{"href":"https:\/\/www.garbitania.eus\/es\/wp-json\/wp\/v2\/pages"}],"about":[{"href":"https:\/\/www.garbitania.eus\/es\/wp-json\/wp\/v2\/types\/page"}],"author":[{"embeddable":true,"href":"https:\/\/www.garbitania.eus\/es\/wp-json\/wp\/v2\/users\/1"}],"replies":[{"embeddable":true,"href":"https:\/\/www.garbitania.eus\/es\/wp-json\/wp\/v2\/comments?post=949"}],"version-history":[{"count":3,"href":"https:\/\/www.garbitania.eus\/es\/wp-json\/wp\/v2\/pages\/949\/revisions"}],"predecessor-version":[{"id":1061,"href":"https:\/\/www.garbitania.eus\/es\/wp-json\/wp\/v2\/pages\/949\/revisions\/1061"}],"up":[{"embeddable":true,"href":"https:\/\/www.garbitania.eus\/es\/wp-json\/wp\/v2\/pages\/941"}],"wp:featuredmedia":[{"embeddable":true,"href":"https:\/\/www.garbitania.eus\/es\/wp-json\/wp\/v2\/media\/631"}],"wp:attachment":[{"href":"https:\/\/www.garbitania.eus\/es\/wp-json\/wp\/v2\/media?parent=949"}],"curies":[{"name":"wp","href":"https:\/\/api.w.org\/{rel}","templated":true}]}}