{"id":945,"date":"2020-04-20T21:06:47","date_gmt":"2020-04-20T19:06:47","guid":{"rendered":"http:\/\/garbitania.eus\/?page_id=945"},"modified":"2020-06-03T11:50:53","modified_gmt":"2020-06-03T09:50:53","slug":"la-recogida-puerta-a-puerta-por-el-mundo","status":"publish","type":"page","link":"https:\/\/www.garbitania.eus\/es\/aprende\/la-recogida-puerta-a-puerta-por-el-mundo\/","title":{"rendered":"La recogida puerta a puerta por el mundo"},"content":{"rendered":"\t\t<div data-elementor-type=\"wp-page\" data-elementor-id=\"945\" class=\"elementor elementor-945 elementor-580\" data-elementor-post-type=\"page\">\n\t\t\t\t\t\t<section class=\"elementor-section elementor-top-section elementor-element elementor-element-2cbaf86d elementor-section-boxed elementor-section-height-default elementor-section-height-default\" data-id=\"2cbaf86d\" data-element_type=\"section\">\n\t\t\t\t\t\t<div class=\"elementor-container elementor-column-gap-default\">\n\t\t\t\t\t<div class=\"elementor-column elementor-col-33 elementor-top-column elementor-element elementor-element-6ad8a86f\" data-id=\"6ad8a86f\" data-element_type=\"column\">\n\t\t\t<div class=\"elementor-widget-wrap elementor-element-populated\">\n\t\t\t\t\t\t<div class=\"elementor-element elementor-element-6a3b215 elementor-widget elementor-widget-text-editor\" data-id=\"6a3b215\" data-element_type=\"widget\" data-widget_type=\"text-editor.default\">\n\t\t\t\t<div class=\"elementor-widget-container\">\n\t\t\t\t\t\t\t\t\t<h3>Pa\u00efsos Catalans<\/h3><p>En Catalu\u00f1a son m\u00e1s de 200 pueblos los que est\u00e1n recogiendo sus residuos puerta a puerta. Comenzaron hace 20 a\u00f1os. <\/p><p>A su vez existen pueblos en las Islas Baleares donde se realiza la recogida de residuos puerta a puerta. No hay que olvidar que son Islas y, por lo tanto, no disponen de espacio para depositar los residuos y transportarlos al exterior es econ\u00f3micamente muy caro, por lo que deben gestionar con mucho cuidado sus residuos.<\/p><p><a href=\"https:\/\/portaaporta.cat\/es\/index.php\" target=\"_blank\" rel=\"noopener\"><i class=\"fas fa-link\"><\/i> portaaporta.cat<\/a><\/p>\t\t\t\t\t\t\t\t<\/div>\n\t\t\t\t<\/div>\n\t\t\t\t\t<\/div>\n\t\t<\/div>\n\t\t\t\t<div class=\"elementor-column elementor-col-33 elementor-top-column elementor-element elementor-element-38b8ffe3\" data-id=\"38b8ffe3\" data-element_type=\"column\">\n\t\t\t<div class=\"elementor-widget-wrap elementor-element-populated\">\n\t\t\t\t\t\t<div class=\"elementor-element elementor-element-18aafb9 elementor-widget elementor-widget-text-editor\" data-id=\"18aafb9\" data-element_type=\"widget\" data-widget_type=\"text-editor.default\">\n\t\t\t\t<div class=\"elementor-widget-container\">\n\t\t\t\t\t\t\t\t\t<h3>San Francisco<\/h3><p>Entre las ciudades de Estados Unidos, San Francisco es ejemplar.<\/p><p>Cada d\u00eda recogen m\u00e1s de 600 toneladas de materia org\u00e1nica.<\/p><p><a href=\"https:\/\/sfenvironment.org\/zero-waste-in-SF-is-recycling-composting-and-reuse\" target=\"_blank\" rel=\"noopener\"><i class=\"fas fa-link\"><\/i> sfenvironment.org<\/a><\/p>\t\t\t\t\t\t\t\t<\/div>\n\t\t\t\t<\/div>\n\t\t\t\t\t<\/div>\n\t\t<\/div>\n\t\t\t\t<div class=\"elementor-column elementor-col-33 elementor-top-column elementor-element elementor-element-164bfe02\" data-id=\"164bfe02\" data-element_type=\"column\">\n\t\t\t<div class=\"elementor-widget-wrap elementor-element-populated\">\n\t\t\t\t\t\t<div class=\"elementor-element elementor-element-f5f49fb elementor-widget elementor-widget-text-editor\" data-id=\"f5f49fb\" data-element_type=\"widget\" data-widget_type=\"text-editor.default\">\n\t\t\t\t<div class=\"elementor-widget-container\">\n\t\t\t\t\t\t\t\t\t<h3>Liubliana<\/h3><p>En el caso de Europa, Liubliana es la capital m\u00e1s ejemplar.<\/p><p><a href=\"https:\/\/www.vokasnaga.si\/en\/about-us-0\" target=\"_blank\" rel=\"noopener\"><i class=\"fas fa-link\"><\/i> vokasnaga.si<\/a><\/p>\t\t\t\t\t\t\t\t<\/div>\n\t\t\t\t<\/div>\n\t\t\t\t\t<\/div>\n\t\t<\/div>\n\t\t\t\t\t<\/div>\n\t\t<\/section>\n\t\t\t\t<section class=\"elementor-section elementor-top-section elementor-element elementor-element-2a55ee3 elementor-section-boxed elementor-section-height-default elementor-section-height-default\" data-id=\"2a55ee3\" data-element_type=\"section\">\n\t\t\t\t\t\t<div class=\"elementor-container elementor-column-gap-default\">\n\t\t\t\t\t<div class=\"elementor-column elementor-col-33 elementor-top-column elementor-element elementor-element-be39304\" data-id=\"be39304\" data-element_type=\"column\">\n\t\t\t<div class=\"elementor-widget-wrap elementor-element-populated\">\n\t\t\t\t\t\t<div class=\"elementor-element elementor-element-7b908b7 elementor-widget elementor-widget-text-editor\" data-id=\"7b908b7\" data-element_type=\"widget\" data-widget_type=\"text-editor.default\">\n\t\t\t\t<div class=\"elementor-widget-container\">\n\t\t\t\t\t\t\t\t\t<h3>San Remo<\/h3>\n<a href=\"http:\/\/www.amaie-energia.it\/igieneurbana\/raccolte\" target=\"_blank\" rel=\"noopener\"><i class=\"fas fa-link\"><\/i> amaie-energia.it<\/a>\t\t\t\t\t\t\t\t<\/div>\n\t\t\t\t<\/div>\n\t\t\t\t\t<\/div>\n\t\t<\/div>\n\t\t\t\t<div class=\"elementor-column elementor-col-33 elementor-top-column elementor-element elementor-element-9f62b35\" data-id=\"9f62b35\" data-element_type=\"column\">\n\t\t\t<div class=\"elementor-widget-wrap elementor-element-populated\">\n\t\t\t\t\t\t<div class=\"elementor-element elementor-element-e6e031c elementor-widget elementor-widget-text-editor\" data-id=\"e6e031c\" data-element_type=\"widget\" data-widget_type=\"text-editor.default\">\n\t\t\t\t<div class=\"elementor-widget-container\">\n\t\t\t\t\t\t\t\t\t<h3>Croacia<\/h3><p><a href=\"http:\/\/www.ekootokkrk.hr\/en\" target=\"_blank\" rel=\"noopener\"><i class=\"fas fa-link\"><\/i> ekootokkrk.hr<\/a><\/p>\t\t\t\t\t\t\t\t<\/div>\n\t\t\t\t<\/div>\n\t\t\t\t\t<\/div>\n\t\t<\/div>\n\t\t\t\t<div class=\"elementor-column elementor-col-33 elementor-top-column elementor-element elementor-element-4f46cf2\" data-id=\"4f46cf2\" data-element_type=\"column\">\n\t\t\t<div class=\"elementor-widget-wrap elementor-element-populated\">\n\t\t\t\t\t\t<div class=\"elementor-element elementor-element-b4d70da elementor-widget elementor-widget-text-editor\" data-id=\"b4d70da\" data-element_type=\"widget\" data-widget_type=\"text-editor.default\">\n\t\t\t\t<div class=\"elementor-widget-container\">\n\t\t\t\t\t\t\t\t\t<h3>Milan<\/h3><p><a href=\"https:\/\/www.amsa.it\/cittadini\/milano\/raccolta-differenziata\" target=\"_blank\" rel=\"noopener\"><i class=\"fas fa-link\"><\/i> amsa.it<\/a><\/p>\t\t\t\t\t\t\t\t<\/div>\n\t\t\t\t<\/div>\n\t\t\t\t\t<\/div>\n\t\t<\/div>\n\t\t\t\t\t<\/div>\n\t\t<\/section>\n\t\t\t\t<section class=\"elementor-section elementor-top-section elementor-element elementor-element-e409295 elementor-section-boxed elementor-section-height-default elementor-section-height-default\" data-id=\"e409295\" data-element_type=\"section\">\n\t\t\t\t\t\t<div class=\"elementor-container elementor-column-gap-default\">\n\t\t\t\t\t<div class=\"elementor-column elementor-col-33 elementor-top-column elementor-element elementor-element-4ddb94a\" data-id=\"4ddb94a\" data-element_type=\"column\">\n\t\t\t<div class=\"elementor-widget-wrap elementor-element-populated\">\n\t\t\t\t\t\t<div class=\"elementor-element elementor-element-554591e elementor-widget elementor-widget-text-editor\" data-id=\"554591e\" data-element_type=\"widget\" data-widget_type=\"text-editor.default\">\n\t\t\t\t<div class=\"elementor-widget-container\">\n\t\t\t\t\t\t\t\t\t<h3>Capannori<\/h3><p><a href=\"http:\/\/www.ascit.it\/raccolta-rifiuti\/capannori\" target=\"_blank\" rel=\"noopener\"><i><\/i><i class=\"fas fa-link\"><\/i> ascit.it<\/a><\/p>\t\t\t\t\t\t\t\t<\/div>\n\t\t\t\t<\/div>\n\t\t\t\t\t<\/div>\n\t\t<\/div>\n\t\t\t\t<div class=\"elementor-column elementor-col-33 elementor-top-column elementor-element elementor-element-5cf6c74\" data-id=\"5cf6c74\" data-element_type=\"column\">\n\t\t\t<div class=\"elementor-widget-wrap elementor-element-populated\">\n\t\t\t\t\t\t<div class=\"elementor-element elementor-element-bdebdb4 elementor-widget elementor-widget-text-editor\" data-id=\"bdebdb4\" data-element_type=\"widget\" data-widget_type=\"text-editor.default\">\n\t\t\t\t<div class=\"elementor-widget-container\">\n\t\t\t\t\t\t\t\t\t<h3>Priula y Treviso<\/h3><p><a href=\"https:\/\/contarina.it\/cittadino\/raccolta-differenziata\" target=\"_blank\" rel=\"noopener\"><i class=\"fas fa-link\"><\/i> contarina.it<\/a><\/p>\t\t\t\t\t\t\t\t<\/div>\n\t\t\t\t<\/div>\n\t\t\t\t\t<\/div>\n\t\t<\/div>\n\t\t\t\t<div class=\"elementor-column elementor-col-33 elementor-top-column elementor-element elementor-element-0385ded\" data-id=\"0385ded\" data-element_type=\"column\">\n\t\t\t<div class=\"elementor-widget-wrap\">\n\t\t\t\t\t\t\t<\/div>\n\t\t<\/div>\n\t\t\t\t\t<\/div>\n\t\t<\/section>\n\t\t\t\t<\/div>\n\t\t","protected":false},"excerpt":{"rendered":"<p>Pa\u00efsos Catalans En Catalu\u00f1a son m\u00e1s de 200 pueblos los que est\u00e1n recogiendo sus residuos puerta a puerta. Comenzaron hace 20 a\u00f1os. A su vez existen pueblos en las Islas Baleares donde se realiza la recogida de residuos puerta a puerta. No hay que olvidar que son Islas y, por lo tanto, no disponen de [&hellip;]<\/p>\n","protected":false},"author":1,"featured_media":647,"parent":941,"menu_order":0,"comment_status":"closed","ping_status":"closed","template":"","meta":{"site-sidebar-layout":"no-sidebar","site-content-layout":"page-builder","ast-site-content-layout":"default","site-content-style":"default","site-sidebar-style":"default","ast-global-header-display":"","ast-banner-title-visibility":"","ast-main-header-display":"","ast-hfb-above-header-display":"","ast-hfb-below-header-display":"","ast-hfb-mobile-header-display":"","site-post-title":"","ast-breadcrumbs-content":"","ast-featured-img":"","footer-sml-layout":"","theme-transparent-header-meta":"default","adv-header-id-meta":"","stick-header-meta":"","header-above-stick-meta":"","header-main-stick-meta":"","header-below-stick-meta":"","astra-migrate-meta-layouts":"default","ast-page-background-enabled":"default","ast-page-background-meta":{"desktop":{"background-color":"","background-image":"","background-repeat":"repeat","background-position":"center center","background-size":"auto","background-attachment":"scroll","background-type":"","background-media":"","overlay-type":"","overlay-color":"","overlay-opacity":"","overlay-gradient":""},"tablet":{"background-color":"","background-image":"","background-repeat":"repeat","background-position":"center center","background-size":"auto","background-attachment":"scroll","background-type":"","background-media":"","overlay-type":"","overlay-color":"","overlay-opacity":"","overlay-gradient":""},"mobile":{"background-color":"","background-image":"","background-repeat":"repeat","background-position":"center center","background-size":"auto","background-attachment":"scroll","background-type":"","background-media":"","overlay-type":"","overlay-color":"","overlay-opacity":"","overlay-gradient":""}},"ast-content-background-meta":{"desktop":{"background-color":"var(--ast-global-color-5)","background-image":"","background-repeat":"repeat","background-position":"center center","background-size":"auto","background-attachment":"scroll","background-type":"","background-media":"","overlay-type":"","overlay-color":"","overlay-opacity":"","overlay-gradient":""},"tablet":{"background-color":"var(--ast-global-color-5)","background-image":"","background-repeat":"repeat","background-position":"center center","background-size":"auto","background-attachment":"scroll","background-type":"","background-media":"","overlay-type":"","overlay-color":"","overlay-opacity":"","overlay-gradient":""},"mobile":{"background-color":"var(--ast-global-color-5)","background-image":"","background-repeat":"repeat","background-position":"center center","background-size":"auto","background-attachment":"scroll","background-type":"","background-media":"","overlay-type":"","overlay-color":"","overlay-opacity":"","overlay-gradient":""}},"footnotes":""},"class_list":["post-945","page","type-page","status-publish","has-post-thumbnail","hentry"],"yoast_head":"<!-- This site is optimized with the Yoast SEO plugin v25.4 - https:\/\/yoast.com\/wordpress\/plugins\/seo\/ -->\n<title>La recogida puerta a puerta por el mundo - Garbitania<\/title>\n<meta name=\"robots\" content=\"index, follow, max-snippet:-1, max-image-preview:large, max-video-preview:-1\" \/>\n<link rel=\"canonical\" href=\"https:\/\/www.garbitania.eus\/es\/aprende\/la-recogida-puerta-a-puerta-por-el-mundo\/\" \/>\n<meta property=\"og:locale\" content=\"es_ES\" \/>\n<meta property=\"og:type\" content=\"article\" \/>\n<meta property=\"og:title\" content=\"La recogida puerta a puerta por el mundo - Garbitania\" \/>\n<meta property=\"og:description\" content=\"Pa\u00efsos Catalans En Catalu\u00f1a son m\u00e1s de 200 pueblos los que est\u00e1n recogiendo sus residuos puerta a puerta. Comenzaron hace 20 a\u00f1os. A su vez existen pueblos en las Islas Baleares donde se realiza la recogida de residuos puerta a puerta. No hay que olvidar que son Islas y, por lo tanto, no disponen de [&hellip;]\" \/>\n<meta property=\"og:url\" content=\"https:\/\/www.garbitania.eus\/es\/aprende\/la-recogida-puerta-a-puerta-por-el-mundo\/\" \/>\n<meta property=\"og:site_name\" content=\"Garbitania\" \/>\n<meta property=\"article:modified_time\" content=\"2020-06-03T09:50:53+00:00\" \/>\n<meta property=\"og:image\" content=\"https:\/\/www.garbitania.eus\/wp-content\/uploads\/2020\/04\/atez-ate-detailea.jpg\" \/>\n\t<meta property=\"og:image:width\" content=\"1500\" \/>\n\t<meta property=\"og:image:height\" content=\"1001\" \/>\n\t<meta property=\"og:image:type\" content=\"image\/jpeg\" \/>\n<meta name=\"twitter:card\" content=\"summary_large_image\" \/>\n<meta name=\"twitter:label1\" content=\"Tiempo de lectura\" \/>\n\t<meta name=\"twitter:data1\" content=\"1 minuto\" \/>\n<script type=\"application\/ld+json\" class=\"yoast-schema-graph\">{\"@context\":\"https:\/\/schema.org\",\"@graph\":[{\"@type\":\"WebPage\",\"@id\":\"https:\/\/www.garbitania.eus\/es\/aprende\/la-recogida-puerta-a-puerta-por-el-mundo\/\",\"url\":\"https:\/\/www.garbitania.eus\/es\/aprende\/la-recogida-puerta-a-puerta-por-el-mundo\/\",\"name\":\"La recogida puerta a puerta por el mundo - Garbitania\",\"isPartOf\":{\"@id\":\"https:\/\/www.garbitania.eus\/es\/#website\"},\"primaryImageOfPage\":{\"@id\":\"https:\/\/www.garbitania.eus\/es\/aprende\/la-recogida-puerta-a-puerta-por-el-mundo\/#primaryimage\"},\"image\":{\"@id\":\"https:\/\/www.garbitania.eus\/es\/aprende\/la-recogida-puerta-a-puerta-por-el-mundo\/#primaryimage\"},\"thumbnailUrl\":\"https:\/\/www.garbitania.eus\/wp-content\/uploads\/2020\/04\/atez-ate-detailea.jpg\",\"datePublished\":\"2020-04-20T19:06:47+00:00\",\"dateModified\":\"2020-06-03T09:50:53+00:00\",\"breadcrumb\":{\"@id\":\"https:\/\/www.garbitania.eus\/es\/aprende\/la-recogida-puerta-a-puerta-por-el-mundo\/#breadcrumb\"},\"inLanguage\":\"es\",\"potentialAction\":[{\"@type\":\"ReadAction\",\"target\":[\"https:\/\/www.garbitania.eus\/es\/aprende\/la-recogida-puerta-a-puerta-por-el-mundo\/\"]}]},{\"@type\":\"ImageObject\",\"inLanguage\":\"es\",\"@id\":\"https:\/\/www.garbitania.eus\/es\/aprende\/la-recogida-puerta-a-puerta-por-el-mundo\/#primaryimage\",\"url\":\"https:\/\/www.garbitania.eus\/wp-content\/uploads\/2020\/04\/atez-ate-detailea.jpg\",\"contentUrl\":\"https:\/\/www.garbitania.eus\/wp-content\/uploads\/2020\/04\/atez-ate-detailea.jpg\",\"width\":1500,\"height\":1001},{\"@type\":\"BreadcrumbList\",\"@id\":\"https:\/\/www.garbitania.eus\/es\/aprende\/la-recogida-puerta-a-puerta-por-el-mundo\/#breadcrumb\",\"itemListElement\":[{\"@type\":\"ListItem\",\"position\":1,\"name\":\"Home\",\"item\":\"https:\/\/www.garbitania.eus\/es\/\"},{\"@type\":\"ListItem\",\"position\":2,\"name\":\"Aprende\",\"item\":\"https:\/\/www.garbitania.eus\/es\/aprende\/\"},{\"@type\":\"ListItem\",\"position\":3,\"name\":\"La recogida puerta a puerta por el mundo\"}]},{\"@type\":\"WebSite\",\"@id\":\"https:\/\/www.garbitania.eus\/es\/#website\",\"url\":\"https:\/\/www.garbitania.eus\/es\/\",\"name\":\"Garbitania\",\"description\":\"\",\"publisher\":{\"@id\":\"https:\/\/www.garbitania.eus\/es\/#organization\"},\"potentialAction\":[{\"@type\":\"SearchAction\",\"target\":{\"@type\":\"EntryPoint\",\"urlTemplate\":\"https:\/\/www.garbitania.eus\/es\/?s={search_term_string}\"},\"query-input\":{\"@type\":\"PropertyValueSpecification\",\"valueRequired\":true,\"valueName\":\"search_term_string\"}}],\"inLanguage\":\"es\"},{\"@type\":\"Organization\",\"@id\":\"https:\/\/www.garbitania.eus\/es\/#organization\",\"name\":\"Garbitania\",\"url\":\"https:\/\/www.garbitania.eus\/es\/\",\"logo\":{\"@type\":\"ImageObject\",\"inLanguage\":\"es\",\"@id\":\"https:\/\/www.garbitania.eus\/es\/#\/schema\/logo\/image\/\",\"url\":\"https:\/\/www.garbitania.eus\/wp-content\/uploads\/2020\/01\/cropped-Garbitania-logotipoa.png\",\"contentUrl\":\"https:\/\/www.garbitania.eus\/wp-content\/uploads\/2020\/01\/cropped-Garbitania-logotipoa.png\",\"width\":512,\"height\":137,\"caption\":\"Garbitania\"},\"image\":{\"@id\":\"https:\/\/www.garbitania.eus\/es\/#\/schema\/logo\/image\/\"}}]}<\/script>\n<!-- \/ Yoast SEO plugin. -->","yoast_head_json":{"title":"La recogida puerta a puerta por el mundo - Garbitania","robots":{"index":"index","follow":"follow","max-snippet":"max-snippet:-1","max-image-preview":"max-image-preview:large","max-video-preview":"max-video-preview:-1"},"canonical":"https:\/\/www.garbitania.eus\/es\/aprende\/la-recogida-puerta-a-puerta-por-el-mundo\/","og_locale":"es_ES","og_type":"article","og_title":"La recogida puerta a puerta por el mundo - Garbitania","og_description":"Pa\u00efsos Catalans En Catalu\u00f1a son m\u00e1s de 200 pueblos los que est\u00e1n recogiendo sus residuos puerta a puerta. Comenzaron hace 20 a\u00f1os. A su vez existen pueblos en las Islas Baleares donde se realiza la recogida de residuos puerta a puerta. No hay que olvidar que son Islas y, por lo tanto, no disponen de [&hellip;]","og_url":"https:\/\/www.garbitania.eus\/es\/aprende\/la-recogida-puerta-a-puerta-por-el-mundo\/","og_site_name":"Garbitania","article_modified_time":"2020-06-03T09:50:53+00:00","og_image":[{"width":1500,"height":1001,"url":"https:\/\/www.garbitania.eus\/wp-content\/uploads\/2020\/04\/atez-ate-detailea.jpg","type":"image\/jpeg"}],"twitter_card":"summary_large_image","twitter_misc":{"Tiempo de lectura":"1 minuto"},"schema":{"@context":"https:\/\/schema.org","@graph":[{"@type":"WebPage","@id":"https:\/\/www.garbitania.eus\/es\/aprende\/la-recogida-puerta-a-puerta-por-el-mundo\/","url":"https:\/\/www.garbitania.eus\/es\/aprende\/la-recogida-puerta-a-puerta-por-el-mundo\/","name":"La recogida puerta a puerta por el mundo - Garbitania","isPartOf":{"@id":"https:\/\/www.garbitania.eus\/es\/#website"},"primaryImageOfPage":{"@id":"https:\/\/www.garbitania.eus\/es\/aprende\/la-recogida-puerta-a-puerta-por-el-mundo\/#primaryimage"},"image":{"@id":"https:\/\/www.garbitania.eus\/es\/aprende\/la-recogida-puerta-a-puerta-por-el-mundo\/#primaryimage"},"thumbnailUrl":"https:\/\/www.garbitania.eus\/wp-content\/uploads\/2020\/04\/atez-ate-detailea.jpg","datePublished":"2020-04-20T19:06:47+00:00","dateModified":"2020-06-03T09:50:53+00:00","breadcrumb":{"@id":"https:\/\/www.garbitania.eus\/es\/aprende\/la-recogida-puerta-a-puerta-por-el-mundo\/#breadcrumb"},"inLanguage":"es","potentialAction":[{"@type":"ReadAction","target":["https:\/\/www.garbitania.eus\/es\/aprende\/la-recogida-puerta-a-puerta-por-el-mundo\/"]}]},{"@type":"ImageObject","inLanguage":"es","@id":"https:\/\/www.garbitania.eus\/es\/aprende\/la-recogida-puerta-a-puerta-por-el-mundo\/#primaryimage","url":"https:\/\/www.garbitania.eus\/wp-content\/uploads\/2020\/04\/atez-ate-detailea.jpg","contentUrl":"https:\/\/www.garbitania.eus\/wp-content\/uploads\/2020\/04\/atez-ate-detailea.jpg","width":1500,"height":1001},{"@type":"BreadcrumbList","@id":"https:\/\/www.garbitania.eus\/es\/aprende\/la-recogida-puerta-a-puerta-por-el-mundo\/#breadcrumb","itemListElement":[{"@type":"ListItem","position":1,"name":"Home","item":"https:\/\/www.garbitania.eus\/es\/"},{"@type":"ListItem","position":2,"name":"Aprende","item":"https:\/\/www.garbitania.eus\/es\/aprende\/"},{"@type":"ListItem","position":3,"name":"La recogida puerta a puerta por el mundo"}]},{"@type":"WebSite","@id":"https:\/\/www.garbitania.eus\/es\/#website","url":"https:\/\/www.garbitania.eus\/es\/","name":"Garbitania","description":"","publisher":{"@id":"https:\/\/www.garbitania.eus\/es\/#organization"},"potentialAction":[{"@type":"SearchAction","target":{"@type":"EntryPoint","urlTemplate":"https:\/\/www.garbitania.eus\/es\/?s={search_term_string}"},"query-input":{"@type":"PropertyValueSpecification","valueRequired":true,"valueName":"search_term_string"}}],"inLanguage":"es"},{"@type":"Organization","@id":"https:\/\/www.garbitania.eus\/es\/#organization","name":"Garbitania","url":"https:\/\/www.garbitania.eus\/es\/","logo":{"@type":"ImageObject","inLanguage":"es","@id":"https:\/\/www.garbitania.eus\/es\/#\/schema\/logo\/image\/","url":"https:\/\/www.garbitania.eus\/wp-content\/uploads\/2020\/01\/cropped-Garbitania-logotipoa.png","contentUrl":"https:\/\/www.garbitania.eus\/wp-content\/uploads\/2020\/01\/cropped-Garbitania-logotipoa.png","width":512,"height":137,"caption":"Garbitania"},"image":{"@id":"https:\/\/www.garbitania.eus\/es\/#\/schema\/logo\/image\/"}}]}},"_links":{"self":[{"href":"https:\/\/www.garbitania.eus\/es\/wp-json\/wp\/v2\/pages\/945","targetHints":{"allow":["GET"]}}],"collection":[{"href":"https:\/\/www.garbitania.eus\/es\/wp-json\/wp\/v2\/pages"}],"about":[{"href":"https:\/\/www.garbitania.eus\/es\/wp-json\/wp\/v2\/types\/page"}],"author":[{"embeddable":true,"href":"https:\/\/www.garbitania.eus\/es\/wp-json\/wp\/v2\/users\/1"}],"replies":[{"embeddable":true,"href":"https:\/\/www.garbitania.eus\/es\/wp-json\/wp\/v2\/comments?post=945"}],"version-history":[{"count":5,"href":"https:\/\/www.garbitania.eus\/es\/wp-json\/wp\/v2\/pages\/945\/revisions"}],"predecessor-version":[{"id":2147,"href":"https:\/\/www.garbitania.eus\/es\/wp-json\/wp\/v2\/pages\/945\/revisions\/2147"}],"up":[{"embeddable":true,"href":"https:\/\/www.garbitania.eus\/es\/wp-json\/wp\/v2\/pages\/941"}],"wp:featuredmedia":[{"embeddable":true,"href":"https:\/\/www.garbitania.eus\/es\/wp-json\/wp\/v2\/media\/647"}],"wp:attachment":[{"href":"https:\/\/www.garbitania.eus\/es\/wp-json\/wp\/v2\/media?parent=945"}],"curies":[{"name":"wp","href":"https:\/\/api.w.org\/{rel}","templated":true}]}}