{"id":943,"date":"2020-04-20T21:01:24","date_gmt":"2020-04-20T19:01:24","guid":{"rendered":"http:\/\/garbitania.eus\/?page_id=943"},"modified":"2020-04-22T13:23:07","modified_gmt":"2020-04-22T11:23:07","slug":"la-recogida-puerta-a-puerta-en-9-pasos","status":"publish","type":"page","link":"https:\/\/www.garbitania.eus\/es\/aprende\/la-recogida-puerta-a-puerta-en-9-pasos\/","title":{"rendered":"La recogida puerta a puerta en 9 pasos"},"content":{"rendered":"\t\t<div data-elementor-type=\"wp-page\" data-elementor-id=\"943\" class=\"elementor elementor-943 elementor-35\" data-elementor-post-type=\"page\">\n\t\t\t\t\t\t<section class=\"elementor-section elementor-top-section elementor-element elementor-element-b519112 elementor-section-boxed elementor-section-height-default elementor-section-height-default\" data-id=\"b519112\" data-element_type=\"section\">\n\t\t\t\t\t\t<div class=\"elementor-container elementor-column-gap-default\">\n\t\t\t\t\t<div class=\"elementor-column elementor-col-25 elementor-top-column elementor-element elementor-element-f92b666\" data-id=\"f92b666\" data-element_type=\"column\">\n\t\t\t<div class=\"elementor-widget-wrap\">\n\t\t\t\t\t\t\t<\/div>\n\t\t<\/div>\n\t\t\t\t<div class=\"elementor-column elementor-col-50 elementor-top-column elementor-element elementor-element-c18719a\" data-id=\"c18719a\" data-element_type=\"column\">\n\t\t\t<div class=\"elementor-widget-wrap elementor-element-populated\">\n\t\t\t\t\t\t<div class=\"elementor-element elementor-element-1bc685f elementor-widget elementor-widget-text-editor\" data-id=\"1bc685f\" data-element_type=\"widget\" data-widget_type=\"text-editor.default\">\n\t\t\t\t<div class=\"elementor-widget-container\">\n\t\t\t\t\t\t\t\t\t<h3>Sensibilizaci\u00f3n y participaci\u00f3n<\/h3><p>Para poner en marcha la recogida selectiva puerta a puerta y as\u00ed evitar el problema de los residuos, es necesario sensibilizar a la ciudadan\u00eda y contar con su participaci\u00f3n. Gracias a la participaci\u00f3n y la sensibilizaci\u00f3n ciudadana, los residuos dejan de ser un problema<\/p>\t\t\t\t\t\t\t\t<\/div>\n\t\t\t\t<\/div>\n\t\t\t\t\t<\/div>\n\t\t<\/div>\n\t\t\t\t<div class=\"elementor-column elementor-col-25 elementor-top-column elementor-element elementor-element-a682280\" data-id=\"a682280\" data-element_type=\"column\">\n\t\t\t<div class=\"elementor-widget-wrap\">\n\t\t\t\t\t\t\t<\/div>\n\t\t<\/div>\n\t\t\t\t\t<\/div>\n\t\t<\/section>\n\t\t\t\t<section class=\"elementor-section elementor-top-section elementor-element elementor-element-485a2c7 pausuak pausuak_1 elementor-section-boxed elementor-section-height-default elementor-section-height-default\" data-id=\"485a2c7\" data-element_type=\"section\">\n\t\t\t\t\t\t<div class=\"elementor-container elementor-column-gap-default\">\n\t\t\t\t\t<div class=\"elementor-column elementor-col-33 elementor-top-column elementor-element elementor-element-cd74907\" data-id=\"cd74907\" data-element_type=\"column\">\n\t\t\t<div class=\"elementor-widget-wrap elementor-element-populated\">\n\t\t\t\t\t\t<div class=\"elementor-element elementor-element-c558b94 elementor-widget elementor-widget-text-editor\" data-id=\"c558b94\" data-element_type=\"widget\" data-widget_type=\"text-editor.default\">\n\t\t\t\t<div class=\"elementor-widget-container\">\n\t\t\t\t\t\t\t\t\t<h3>Definici\u00f3n de los objetivos<\/h3><p>Es el momento de fijar los objetivos. Teniendo en cuenta la poblaci\u00f3n, tipolog\u00eda y cuant\u00eda de comercios y pol\u00edgonos industriales, es el momento de marcar los ritmos de la implantaci\u00f3n en cada zona. <\/p>\t\t\t\t\t\t\t\t<\/div>\n\t\t\t\t<\/div>\n\t\t\t\t\t<\/div>\n\t\t<\/div>\n\t\t\t\t<div class=\"elementor-column elementor-col-33 elementor-top-column elementor-element elementor-element-37f30a9\" data-id=\"37f30a9\" data-element_type=\"column\">\n\t\t\t<div class=\"elementor-widget-wrap elementor-element-populated\">\n\t\t\t\t\t\t<div class=\"elementor-element elementor-element-5faca21 elementor-widget elementor-widget-text-editor\" data-id=\"5faca21\" data-element_type=\"widget\" data-widget_type=\"text-editor.default\">\n\t\t\t\t<div class=\"elementor-widget-container\">\n\t\t\t\t\t\t\t\t\t<h3>Dimensionar la recogida<\/h3><p>Para dimensionar la recogida tendremos en cuenta la dimensi\u00f3n de la implantaci\u00f3n, las necesidades de la ciudadan\u00eda y las caracter\u00edsticas del municipio. El sistema puerta a puerta tiene la capacidad de adaptarse a las necesidades, las costumbres y los h\u00e1bitos de desplazamiento del municipio.<\/p>\t\t\t\t\t\t\t\t<\/div>\n\t\t\t\t<\/div>\n\t\t\t\t\t<\/div>\n\t\t<\/div>\n\t\t\t\t<div class=\"elementor-column elementor-col-33 elementor-top-column elementor-element elementor-element-6075328\" data-id=\"6075328\" data-element_type=\"column\">\n\t\t\t<div class=\"elementor-widget-wrap elementor-element-populated\">\n\t\t\t\t\t\t<div class=\"elementor-element elementor-element-2e97111 elementor-widget elementor-widget-text-editor\" data-id=\"2e97111\" data-element_type=\"widget\" data-widget_type=\"text-editor.default\">\n\t\t\t\t<div class=\"elementor-widget-container\">\n\t\t\t\t\t\t\t\t\t<h3>Gestionar, coordinar y preparar la oficina de informaci\u00f3n<\/h3><p>Hay que poner en marcha la oficina de informaci\u00f3n. Para los trabajos de coordinaci\u00f3n es necesario nombrar una persona como coordinadora general.<\/p>\t\t\t\t\t\t\t\t<\/div>\n\t\t\t\t<\/div>\n\t\t\t\t\t<\/div>\n\t\t<\/div>\n\t\t\t\t\t<\/div>\n\t\t<\/section>\n\t\t\t\t<section class=\"elementor-section elementor-top-section elementor-element elementor-element-5a9cbd6 pausuak pausuak_2 elementor-section-boxed elementor-section-height-default elementor-section-height-default\" data-id=\"5a9cbd6\" data-element_type=\"section\">\n\t\t\t\t\t\t<div class=\"elementor-container elementor-column-gap-default\">\n\t\t\t\t\t<div class=\"elementor-column elementor-col-33 elementor-top-column elementor-element elementor-element-52f2d5f\" data-id=\"52f2d5f\" data-element_type=\"column\">\n\t\t\t<div class=\"elementor-widget-wrap elementor-element-populated\">\n\t\t\t\t\t\t<div class=\"elementor-element elementor-element-d39ff75 elementor-widget elementor-widget-text-editor\" data-id=\"d39ff75\" data-element_type=\"widget\" data-widget_type=\"text-editor.default\">\n\t\t\t\t<div class=\"elementor-widget-container\">\n\t\t\t\t\t\t\t\t\t<h3>Realizar la campa\u00f1a de participaci\u00f3n<\/h3><p>La miel es trabajo de todos y todas. Es necesario compartir con la ciudadan\u00eda la informaci\u00f3n obtenida en el estudio de dimensionamiento, as\u00ed como conocer sus necesidades y recibir sus aportaciones. Hay que consensuar con los y las vecinas de la localidad las principales caracter\u00edsticas del puerta a puerta: el horario, el calendario, los puntos de aportaci\u00f3n, etc<\/p>\t\t\t\t\t\t\t\t<\/div>\n\t\t\t\t<\/div>\n\t\t\t\t\t<\/div>\n\t\t<\/div>\n\t\t\t\t<div class=\"elementor-column elementor-col-33 elementor-top-column elementor-element elementor-element-2137b99\" data-id=\"2137b99\" data-element_type=\"column\">\n\t\t\t<div class=\"elementor-widget-wrap elementor-element-populated\">\n\t\t\t\t\t\t<div class=\"elementor-element elementor-element-2e9b69f elementor-widget elementor-widget-text-editor\" data-id=\"2e9b69f\" data-element_type=\"widget\" data-widget_type=\"text-editor.default\">\n\t\t\t\t<div class=\"elementor-widget-container\">\n\t\t\t\t\t\t\t\t\t<h3>Impulsar el autocompostaje dom\u00e9stico, en casa o en la comunidad<\/h3><p>Son materia org\u00e1nica el 41% de los residuos que se queman en las incineradoras o se vierten en los vertederos. La materia org\u00e1nica resulta problem\u00e1tica si se mezcla con otras materias primas, pero si se recoge de manera selectiva, es la fracci\u00f3n m\u00e1s f\u00e1cil de reciclar y tambi\u00e9n la m\u00e1s econ\u00f3mica.<\/p>\t\t\t\t\t\t\t\t<\/div>\n\t\t\t\t<\/div>\n\t\t\t\t\t<\/div>\n\t\t<\/div>\n\t\t\t\t<div class=\"elementor-column elementor-col-33 elementor-top-column elementor-element elementor-element-cbcaf45\" data-id=\"cbcaf45\" data-element_type=\"column\">\n\t\t\t<div class=\"elementor-widget-wrap elementor-element-populated\">\n\t\t\t\t\t\t<div class=\"elementor-element elementor-element-dc0b836 elementor-widget elementor-widget-text-editor\" data-id=\"dc0b836\" data-element_type=\"widget\" data-widget_type=\"text-editor.default\">\n\t\t\t\t<div class=\"elementor-widget-container\">\n\t\t\t\t\t\t\t\t\t<h3>Ayudar a la ciudadan\u00eda con una campa\u00f1a informativa<\/h3><p>Hay que ofrecer a cada familia material did\u00e1ctico de f\u00e1cil comprensi\u00f3n: gu\u00edas, imanes, carteles para la cocina, etc.<\/p>\t\t\t\t\t\t\t\t<\/div>\n\t\t\t\t<\/div>\n\t\t\t\t\t<\/div>\n\t\t<\/div>\n\t\t\t\t\t<\/div>\n\t\t<\/section>\n\t\t\t\t<section class=\"elementor-section elementor-top-section elementor-element elementor-element-1cd80a3 pausuak pausuak_3 elementor-section-boxed elementor-section-height-default elementor-section-height-default\" data-id=\"1cd80a3\" data-element_type=\"section\">\n\t\t\t\t\t\t<div class=\"elementor-container elementor-column-gap-default\">\n\t\t\t\t\t<div class=\"elementor-column elementor-col-33 elementor-top-column elementor-element elementor-element-72e44cc\" data-id=\"72e44cc\" data-element_type=\"column\">\n\t\t\t<div class=\"elementor-widget-wrap elementor-element-populated\">\n\t\t\t\t\t\t<div class=\"elementor-element elementor-element-a394ac1 elementor-widget elementor-widget-text-editor\" data-id=\"a394ac1\" data-element_type=\"widget\" data-widget_type=\"text-editor.default\">\n\t\t\t\t<div class=\"elementor-widget-container\">\n\t\t\t\t\t\t\t\t\t<h3>Ajustar las infraestructuras y la recogida<\/h3><p>Una vez finalizado el estudio sobre el municipio y conociendo bien la situaci\u00f3n, llega el momento de poner en marcha el puerta a puerta. Durante este proceso adaptaremos el proyecto inicial a esas caracter\u00edsticas y cerraremos el proyecto definitivo. Podemos definir tres fases:<\/p><ol><li>Antes de empezar con la recogida puerta a puerta, preparamos las infraestructuras.<\/li><li>Comienzo de la recogida puerta a puerta.<\/li><li>Hacemos el seguimiento y mejoramos el sistema de recogida.<\/li><\/ol>\t\t\t\t\t\t\t\t<\/div>\n\t\t\t\t<\/div>\n\t\t\t\t\t<\/div>\n\t\t<\/div>\n\t\t\t\t<div class=\"elementor-column elementor-col-33 elementor-top-column elementor-element elementor-element-34df291\" data-id=\"34df291\" data-element_type=\"column\">\n\t\t\t<div class=\"elementor-widget-wrap elementor-element-populated\">\n\t\t\t\t\t\t<div class=\"elementor-element elementor-element-c80b42c elementor-widget elementor-widget-text-editor\" data-id=\"c80b42c\" data-element_type=\"widget\" data-widget_type=\"text-editor.default\">\n\t\t\t\t<div class=\"elementor-widget-container\">\n\t\t\t\t\t\t\t\t\t<h3>Realizar el seguimiento de la recogida y asesorar sobre las posibles mejoras<\/h3><p>Una vez implantado el sistema del puerta a puerta, es necesario llevar a cabo unas mejoras. Es la optimizaci\u00f3n de la recogida. Es el momento de adaptar las estimaciones iniciales a la realidad actual.<\/p>\t\t\t\t\t\t\t\t<\/div>\n\t\t\t\t<\/div>\n\t\t\t\t\t<\/div>\n\t\t<\/div>\n\t\t\t\t<div class=\"elementor-column elementor-col-33 elementor-top-column elementor-element elementor-element-4852378\" data-id=\"4852378\" data-element_type=\"column\">\n\t\t\t<div class=\"elementor-widget-wrap elementor-element-populated\">\n\t\t\t\t\t\t<div class=\"elementor-element elementor-element-001222e elementor-widget elementor-widget-text-editor\" data-id=\"001222e\" data-element_type=\"widget\" data-widget_type=\"text-editor.default\">\n\t\t\t\t<div class=\"elementor-widget-container\">\n\t\t\t\t\t\t\t\t\t<h3>Comunicar los resultados obtenidos<\/h3><p>Conocemos con exactitud los datos del primer mes de recogida selectiva, al cabo de un mes y medio aproximadamente. Es importante informar a la ciudadan\u00eda de los resultados obtenidos. El objetivo es seguir mejor\u00e1ndolos, para que la miel que recogemos sea cada vez mejor.<\/p>\t\t\t\t\t\t\t\t<\/div>\n\t\t\t\t<\/div>\n\t\t\t\t\t<\/div>\n\t\t<\/div>\n\t\t\t\t\t<\/div>\n\t\t<\/section>\n\t\t\t\t<\/div>\n\t\t","protected":false},"excerpt":{"rendered":"<p>Sensibilizaci\u00f3n y participaci\u00f3n Para poner en marcha la recogida selectiva puerta a puerta y as\u00ed evitar el problema de los residuos, es necesario sensibilizar a la ciudadan\u00eda y contar con su participaci\u00f3n. Gracias a la participaci\u00f3n y la sensibilizaci\u00f3n ciudadana, los residuos dejan de ser un problema Definici\u00f3n de los objetivos Es el momento de [&hellip;]<\/p>\n","protected":false},"author":1,"featured_media":759,"parent":941,"menu_order":0,"comment_status":"closed","ping_status":"closed","template":"","meta":{"site-sidebar-layout":"no-sidebar","site-content-layout":"page-builder","ast-site-content-layout":"default","site-content-style":"default","site-sidebar-style":"default","ast-global-header-display":"","ast-banner-title-visibility":"","ast-main-header-display":"","ast-hfb-above-header-display":"","ast-hfb-below-header-display":"","ast-hfb-mobile-header-display":"","site-post-title":"","ast-breadcrumbs-content":"","ast-featured-img":"","footer-sml-layout":"","theme-transparent-header-meta":"default","adv-header-id-meta":"","stick-header-meta":"","header-above-stick-meta":"","header-main-stick-meta":"","header-below-stick-meta":"","astra-migrate-meta-layouts":"default","ast-page-background-enabled":"default","ast-page-background-meta":{"desktop":{"background-color":"","background-image":"","background-repeat":"repeat","background-position":"center center","background-size":"auto","background-attachment":"scroll","background-type":"","background-media":"","overlay-type":"","overlay-color":"","overlay-opacity":"","overlay-gradient":""},"tablet":{"background-color":"","background-image":"","background-repeat":"repeat","background-position":"center center","background-size":"auto","background-attachment":"scroll","background-type":"","background-media":"","overlay-type":"","overlay-color":"","overlay-opacity":"","overlay-gradient":""},"mobile":{"background-color":"","background-image":"","background-repeat":"repeat","background-position":"center center","background-size":"auto","background-attachment":"scroll","background-type":"","background-media":"","overlay-type":"","overlay-color":"","overlay-opacity":"","overlay-gradient":""}},"ast-content-background-meta":{"desktop":{"background-color":"var(--ast-global-color-5)","background-image":"","background-repeat":"repeat","background-position":"center center","background-size":"auto","background-attachment":"scroll","background-type":"","background-media":"","overlay-type":"","overlay-color":"","overlay-opacity":"","overlay-gradient":""},"tablet":{"background-color":"var(--ast-global-color-5)","background-image":"","background-repeat":"repeat","background-position":"center center","background-size":"auto","background-attachment":"scroll","background-type":"","background-media":"","overlay-type":"","overlay-color":"","overlay-opacity":"","overlay-gradient":""},"mobile":{"background-color":"var(--ast-global-color-5)","background-image":"","background-repeat":"repeat","background-position":"center center","background-size":"auto","background-attachment":"scroll","background-type":"","background-media":"","overlay-type":"","overlay-color":"","overlay-opacity":"","overlay-gradient":""}},"footnotes":""},"class_list":["post-943","page","type-page","status-publish","has-post-thumbnail","hentry"],"yoast_head":"<!-- This site is optimized with the Yoast SEO plugin v25.4 - https:\/\/yoast.com\/wordpress\/plugins\/seo\/ -->\n<title>La recogida puerta a puerta en 9 pasos - Garbitania<\/title>\n<meta name=\"robots\" content=\"index, follow, max-snippet:-1, max-image-preview:large, max-video-preview:-1\" \/>\n<link rel=\"canonical\" href=\"https:\/\/www.garbitania.eus\/es\/aprende\/la-recogida-puerta-a-puerta-en-9-pasos\/\" \/>\n<meta property=\"og:locale\" content=\"es_ES\" \/>\n<meta property=\"og:type\" content=\"article\" \/>\n<meta property=\"og:title\" content=\"La recogida puerta a puerta en 9 pasos - Garbitania\" \/>\n<meta property=\"og:description\" content=\"Sensibilizaci\u00f3n y participaci\u00f3n Para poner en marcha la recogida selectiva puerta a puerta y as\u00ed evitar el problema de los residuos, es necesario sensibilizar a la ciudadan\u00eda y contar con su participaci\u00f3n. Gracias a la participaci\u00f3n y la sensibilizaci\u00f3n ciudadana, los residuos dejan de ser un problema Definici\u00f3n de los objetivos Es el momento de [&hellip;]\" \/>\n<meta property=\"og:url\" content=\"https:\/\/www.garbitania.eus\/es\/aprende\/la-recogida-puerta-a-puerta-en-9-pasos\/\" \/>\n<meta property=\"og:site_name\" content=\"Garbitania\" \/>\n<meta property=\"article:modified_time\" content=\"2020-04-22T11:23:07+00:00\" \/>\n<meta property=\"og:image\" content=\"https:\/\/www.garbitania.eus\/wp-content\/uploads\/2020\/04\/atez-ate-erabiltzen-1.jpg\" \/>\n\t<meta property=\"og:image:width\" content=\"1500\" \/>\n\t<meta property=\"og:image:height\" content=\"1001\" \/>\n\t<meta property=\"og:image:type\" content=\"image\/jpeg\" \/>\n<meta name=\"twitter:card\" content=\"summary_large_image\" \/>\n<meta name=\"twitter:label1\" content=\"Tiempo de lectura\" \/>\n\t<meta name=\"twitter:data1\" content=\"3 minutos\" \/>\n<script type=\"application\/ld+json\" class=\"yoast-schema-graph\">{\"@context\":\"https:\/\/schema.org\",\"@graph\":[{\"@type\":\"WebPage\",\"@id\":\"https:\/\/www.garbitania.eus\/es\/aprende\/la-recogida-puerta-a-puerta-en-9-pasos\/\",\"url\":\"https:\/\/www.garbitania.eus\/es\/aprende\/la-recogida-puerta-a-puerta-en-9-pasos\/\",\"name\":\"La recogida puerta a puerta en 9 pasos - Garbitania\",\"isPartOf\":{\"@id\":\"https:\/\/www.garbitania.eus\/es\/#website\"},\"primaryImageOfPage\":{\"@id\":\"https:\/\/www.garbitania.eus\/es\/aprende\/la-recogida-puerta-a-puerta-en-9-pasos\/#primaryimage\"},\"image\":{\"@id\":\"https:\/\/www.garbitania.eus\/es\/aprende\/la-recogida-puerta-a-puerta-en-9-pasos\/#primaryimage\"},\"thumbnailUrl\":\"https:\/\/www.garbitania.eus\/wp-content\/uploads\/2020\/04\/atez-ate-erabiltzen-1.jpg\",\"datePublished\":\"2020-04-20T19:01:24+00:00\",\"dateModified\":\"2020-04-22T11:23:07+00:00\",\"breadcrumb\":{\"@id\":\"https:\/\/www.garbitania.eus\/es\/aprende\/la-recogida-puerta-a-puerta-en-9-pasos\/#breadcrumb\"},\"inLanguage\":\"es\",\"potentialAction\":[{\"@type\":\"ReadAction\",\"target\":[\"https:\/\/www.garbitania.eus\/es\/aprende\/la-recogida-puerta-a-puerta-en-9-pasos\/\"]}]},{\"@type\":\"ImageObject\",\"inLanguage\":\"es\",\"@id\":\"https:\/\/www.garbitania.eus\/es\/aprende\/la-recogida-puerta-a-puerta-en-9-pasos\/#primaryimage\",\"url\":\"https:\/\/www.garbitania.eus\/wp-content\/uploads\/2020\/04\/atez-ate-erabiltzen-1.jpg\",\"contentUrl\":\"https:\/\/www.garbitania.eus\/wp-content\/uploads\/2020\/04\/atez-ate-erabiltzen-1.jpg\",\"width\":1500,\"height\":1001},{\"@type\":\"BreadcrumbList\",\"@id\":\"https:\/\/www.garbitania.eus\/es\/aprende\/la-recogida-puerta-a-puerta-en-9-pasos\/#breadcrumb\",\"itemListElement\":[{\"@type\":\"ListItem\",\"position\":1,\"name\":\"Home\",\"item\":\"https:\/\/www.garbitania.eus\/es\/\"},{\"@type\":\"ListItem\",\"position\":2,\"name\":\"Aprende\",\"item\":\"https:\/\/www.garbitania.eus\/es\/aprende\/\"},{\"@type\":\"ListItem\",\"position\":3,\"name\":\"La recogida puerta a puerta en 9 pasos\"}]},{\"@type\":\"WebSite\",\"@id\":\"https:\/\/www.garbitania.eus\/es\/#website\",\"url\":\"https:\/\/www.garbitania.eus\/es\/\",\"name\":\"Garbitania\",\"description\":\"\",\"publisher\":{\"@id\":\"https:\/\/www.garbitania.eus\/es\/#organization\"},\"potentialAction\":[{\"@type\":\"SearchAction\",\"target\":{\"@type\":\"EntryPoint\",\"urlTemplate\":\"https:\/\/www.garbitania.eus\/es\/?s={search_term_string}\"},\"query-input\":{\"@type\":\"PropertyValueSpecification\",\"valueRequired\":true,\"valueName\":\"search_term_string\"}}],\"inLanguage\":\"es\"},{\"@type\":\"Organization\",\"@id\":\"https:\/\/www.garbitania.eus\/es\/#organization\",\"name\":\"Garbitania\",\"url\":\"https:\/\/www.garbitania.eus\/es\/\",\"logo\":{\"@type\":\"ImageObject\",\"inLanguage\":\"es\",\"@id\":\"https:\/\/www.garbitania.eus\/es\/#\/schema\/logo\/image\/\",\"url\":\"https:\/\/www.garbitania.eus\/wp-content\/uploads\/2020\/01\/cropped-Garbitania-logotipoa.png\",\"contentUrl\":\"https:\/\/www.garbitania.eus\/wp-content\/uploads\/2020\/01\/cropped-Garbitania-logotipoa.png\",\"width\":512,\"height\":137,\"caption\":\"Garbitania\"},\"image\":{\"@id\":\"https:\/\/www.garbitania.eus\/es\/#\/schema\/logo\/image\/\"}}]}<\/script>\n<!-- \/ Yoast SEO plugin. -->","yoast_head_json":{"title":"La recogida puerta a puerta en 9 pasos - Garbitania","robots":{"index":"index","follow":"follow","max-snippet":"max-snippet:-1","max-image-preview":"max-image-preview:large","max-video-preview":"max-video-preview:-1"},"canonical":"https:\/\/www.garbitania.eus\/es\/aprende\/la-recogida-puerta-a-puerta-en-9-pasos\/","og_locale":"es_ES","og_type":"article","og_title":"La recogida puerta a puerta en 9 pasos - Garbitania","og_description":"Sensibilizaci\u00f3n y participaci\u00f3n Para poner en marcha la recogida selectiva puerta a puerta y as\u00ed evitar el problema de los residuos, es necesario sensibilizar a la ciudadan\u00eda y contar con su participaci\u00f3n. Gracias a la participaci\u00f3n y la sensibilizaci\u00f3n ciudadana, los residuos dejan de ser un problema Definici\u00f3n de los objetivos Es el momento de [&hellip;]","og_url":"https:\/\/www.garbitania.eus\/es\/aprende\/la-recogida-puerta-a-puerta-en-9-pasos\/","og_site_name":"Garbitania","article_modified_time":"2020-04-22T11:23:07+00:00","og_image":[{"width":1500,"height":1001,"url":"https:\/\/www.garbitania.eus\/wp-content\/uploads\/2020\/04\/atez-ate-erabiltzen-1.jpg","type":"image\/jpeg"}],"twitter_card":"summary_large_image","twitter_misc":{"Tiempo de lectura":"3 minutos"},"schema":{"@context":"https:\/\/schema.org","@graph":[{"@type":"WebPage","@id":"https:\/\/www.garbitania.eus\/es\/aprende\/la-recogida-puerta-a-puerta-en-9-pasos\/","url":"https:\/\/www.garbitania.eus\/es\/aprende\/la-recogida-puerta-a-puerta-en-9-pasos\/","name":"La recogida puerta a puerta en 9 pasos - Garbitania","isPartOf":{"@id":"https:\/\/www.garbitania.eus\/es\/#website"},"primaryImageOfPage":{"@id":"https:\/\/www.garbitania.eus\/es\/aprende\/la-recogida-puerta-a-puerta-en-9-pasos\/#primaryimage"},"image":{"@id":"https:\/\/www.garbitania.eus\/es\/aprende\/la-recogida-puerta-a-puerta-en-9-pasos\/#primaryimage"},"thumbnailUrl":"https:\/\/www.garbitania.eus\/wp-content\/uploads\/2020\/04\/atez-ate-erabiltzen-1.jpg","datePublished":"2020-04-20T19:01:24+00:00","dateModified":"2020-04-22T11:23:07+00:00","breadcrumb":{"@id":"https:\/\/www.garbitania.eus\/es\/aprende\/la-recogida-puerta-a-puerta-en-9-pasos\/#breadcrumb"},"inLanguage":"es","potentialAction":[{"@type":"ReadAction","target":["https:\/\/www.garbitania.eus\/es\/aprende\/la-recogida-puerta-a-puerta-en-9-pasos\/"]}]},{"@type":"ImageObject","inLanguage":"es","@id":"https:\/\/www.garbitania.eus\/es\/aprende\/la-recogida-puerta-a-puerta-en-9-pasos\/#primaryimage","url":"https:\/\/www.garbitania.eus\/wp-content\/uploads\/2020\/04\/atez-ate-erabiltzen-1.jpg","contentUrl":"https:\/\/www.garbitania.eus\/wp-content\/uploads\/2020\/04\/atez-ate-erabiltzen-1.jpg","width":1500,"height":1001},{"@type":"BreadcrumbList","@id":"https:\/\/www.garbitania.eus\/es\/aprende\/la-recogida-puerta-a-puerta-en-9-pasos\/#breadcrumb","itemListElement":[{"@type":"ListItem","position":1,"name":"Home","item":"https:\/\/www.garbitania.eus\/es\/"},{"@type":"ListItem","position":2,"name":"Aprende","item":"https:\/\/www.garbitania.eus\/es\/aprende\/"},{"@type":"ListItem","position":3,"name":"La recogida puerta a puerta en 9 pasos"}]},{"@type":"WebSite","@id":"https:\/\/www.garbitania.eus\/es\/#website","url":"https:\/\/www.garbitania.eus\/es\/","name":"Garbitania","description":"","publisher":{"@id":"https:\/\/www.garbitania.eus\/es\/#organization"},"potentialAction":[{"@type":"SearchAction","target":{"@type":"EntryPoint","urlTemplate":"https:\/\/www.garbitania.eus\/es\/?s={search_term_string}"},"query-input":{"@type":"PropertyValueSpecification","valueRequired":true,"valueName":"search_term_string"}}],"inLanguage":"es"},{"@type":"Organization","@id":"https:\/\/www.garbitania.eus\/es\/#organization","name":"Garbitania","url":"https:\/\/www.garbitania.eus\/es\/","logo":{"@type":"ImageObject","inLanguage":"es","@id":"https:\/\/www.garbitania.eus\/es\/#\/schema\/logo\/image\/","url":"https:\/\/www.garbitania.eus\/wp-content\/uploads\/2020\/01\/cropped-Garbitania-logotipoa.png","contentUrl":"https:\/\/www.garbitania.eus\/wp-content\/uploads\/2020\/01\/cropped-Garbitania-logotipoa.png","width":512,"height":137,"caption":"Garbitania"},"image":{"@id":"https:\/\/www.garbitania.eus\/es\/#\/schema\/logo\/image\/"}}]}},"_links":{"self":[{"href":"https:\/\/www.garbitania.eus\/es\/wp-json\/wp\/v2\/pages\/943","targetHints":{"allow":["GET"]}}],"collection":[{"href":"https:\/\/www.garbitania.eus\/es\/wp-json\/wp\/v2\/pages"}],"about":[{"href":"https:\/\/www.garbitania.eus\/es\/wp-json\/wp\/v2\/types\/page"}],"author":[{"embeddable":true,"href":"https:\/\/www.garbitania.eus\/es\/wp-json\/wp\/v2\/users\/1"}],"replies":[{"embeddable":true,"href":"https:\/\/www.garbitania.eus\/es\/wp-json\/wp\/v2\/comments?post=943"}],"version-history":[{"count":3,"href":"https:\/\/www.garbitania.eus\/es\/wp-json\/wp\/v2\/pages\/943\/revisions"}],"predecessor-version":[{"id":1063,"href":"https:\/\/www.garbitania.eus\/es\/wp-json\/wp\/v2\/pages\/943\/revisions\/1063"}],"up":[{"embeddable":true,"href":"https:\/\/www.garbitania.eus\/es\/wp-json\/wp\/v2\/pages\/941"}],"wp:featuredmedia":[{"embeddable":true,"href":"https:\/\/www.garbitania.eus\/es\/wp-json\/wp\/v2\/media\/759"}],"wp:attachment":[{"href":"https:\/\/www.garbitania.eus\/es\/wp-json\/wp\/v2\/media?parent=943"}],"curies":[{"name":"wp","href":"https:\/\/api.w.org\/{rel}","templated":true}]}}