{"id":3338,"date":"2024-08-08T12:26:29","date_gmt":"2024-08-08T10:26:29","guid":{"rendered":"https:\/\/www.garbitania.eus\/berdintasun-plana\/"},"modified":"2024-09-04T13:39:18","modified_gmt":"2024-09-04T11:39:18","slug":"plan-de-igualdad","status":"publish","type":"page","link":"https:\/\/www.garbitania.eus\/es\/plan-de-igualdad\/","title":{"rendered":"Plan de Igualdad"},"content":{"rendered":"\t\t<div data-elementor-type=\"wp-page\" data-elementor-id=\"3338\" class=\"elementor elementor-3338 elementor-3258\" data-elementor-post-type=\"page\">\n\t\t\t\t\t\t<section class=\"elementor-section elementor-top-section elementor-element elementor-element-2d63ec8 elementor-section-boxed elementor-section-height-default elementor-section-height-default\" data-id=\"2d63ec8\" data-element_type=\"section\">\n\t\t\t\t\t\t<div class=\"elementor-container elementor-column-gap-default\">\n\t\t\t\t\t<div class=\"elementor-column elementor-col-100 elementor-top-column elementor-element elementor-element-57f69d4\" data-id=\"57f69d4\" data-element_type=\"column\">\n\t\t\t<div class=\"elementor-widget-wrap elementor-element-populated\">\n\t\t\t\t\t\t<div class=\"elementor-element elementor-element-69cd945 elementor-widget elementor-widget-heading\" data-id=\"69cd945\" data-element_type=\"widget\" data-widget_type=\"heading.default\">\n\t\t\t\t<div class=\"elementor-widget-container\">\n\t\t\t\t\t<h1 class=\"elementor-heading-title elementor-size-default\">Plan de Igualdad<\/h1>\t\t\t\t<\/div>\n\t\t\t\t<\/div>\n\t\t\t\t\t<\/div>\n\t\t<\/div>\n\t\t\t\t\t<\/div>\n\t\t<\/section>\n\t\t\t\t<section class=\"elementor-section elementor-top-section elementor-element elementor-element-ecf2170 elementor-section-boxed elementor-section-height-default elementor-section-height-default\" data-id=\"ecf2170\" data-element_type=\"section\">\n\t\t\t\t\t\t<div class=\"elementor-container elementor-column-gap-default\">\n\t\t\t\t\t<div class=\"elementor-column elementor-col-50 elementor-top-column elementor-element elementor-element-0a1ed36\" data-id=\"0a1ed36\" data-element_type=\"column\">\n\t\t\t<div class=\"elementor-widget-wrap elementor-element-populated\">\n\t\t\t\t\t\t<div class=\"elementor-element elementor-element-4b60d19 elementor-widget elementor-widget-text-editor\" data-id=\"4b60d19\" data-element_type=\"widget\" data-widget_type=\"text-editor.default\">\n\t\t\t\t<div class=\"elementor-widget-container\">\n\t\t\t\t\t\t\t\t\t<p>En Garbitania Zero Zabor S.L. ratificamos nuestro compromiso con el #pactomundial y la Agenda 2030 para el Desarrollo Sostenible, cuyo #ODS5 persigue lograr la igualdad entre los g\u00e9neros y empoderar a todas las mujeres y ni\u00f1as.<\/p><p>La igualdad de mujeres y hombres es un camino que se est\u00e1 fraguando, y hoy en d\u00eda es incontestable que la presencia de mujeres en todos los \u00e1mbitos sociales (econ\u00f3mico, social, pol\u00edtico, etc.) ha aumentado considerablemente en los \u00faltimos tiempos. Pero a\u00fan estando en pleno siglo XXI, siguen existiendo desigualdades y situaciones en las que las mujeres son discriminadas por ley y por acci\u00f3n. Desde instancias regladas de la vida cotidiana y siguiendo por todos los \u00e1mbitos sociales, hay barreras que a\u00fan no se han roto ni superado.<\/p>\t\t\t\t\t\t\t\t<\/div>\n\t\t\t\t<\/div>\n\t\t\t\t<div class=\"elementor-element elementor-element-cacf211 elementor-hidden-desktop elementor-hidden-tablet elementor-widget elementor-widget-image\" data-id=\"cacf211\" data-element_type=\"widget\" data-widget_type=\"image.default\">\n\t\t\t\t<div class=\"elementor-widget-container\">\n\t\t\t\t\t\t\t\t\t\t\t\t\t\t\t<img fetchpriority=\"high\" decoding=\"async\" width=\"1200\" height=\"800\" src=\"https:\/\/www.garbitania.eus\/wp-content\/uploads\/2024\/09\/berdintasun-plana-2-1200x800.jpg\" class=\"attachment-large size-large wp-image-3323\" alt=\"\" srcset=\"https:\/\/www.garbitania.eus\/wp-content\/uploads\/2024\/09\/berdintasun-plana-2-1200x800.jpg 1200w, https:\/\/www.garbitania.eus\/wp-content\/uploads\/2024\/09\/berdintasun-plana-2-600x400.jpg 600w, https:\/\/www.garbitania.eus\/wp-content\/uploads\/2024\/09\/berdintasun-plana-2-768x512.jpg 768w, https:\/\/www.garbitania.eus\/wp-content\/uploads\/2024\/09\/berdintasun-plana-2.jpg 1500w\" sizes=\"(max-width: 1200px) 100vw, 1200px\" \/>\t\t\t\t\t\t\t\t\t\t\t\t\t\t\t<\/div>\n\t\t\t\t<\/div>\n\t\t\t\t<div class=\"elementor-element elementor-element-f76bc65 elementor-widget elementor-widget-text-editor\" data-id=\"f76bc65\" data-element_type=\"widget\" data-widget_type=\"text-editor.default\">\n\t\t\t\t<div class=\"elementor-widget-container\">\n\t\t\t\t\t\t\t\t\t<p>La sociedad en la que vivimos, al igual que muchas otras que han existido a lo largo de la historia, ya sea en nuestro territorio como en otros muchos lugares del planeta, tiene sus cimientos en el sistema patriarcal. De acuerdo con esta forma de organizaci\u00f3n social, los hombres ocupan, total o mayoritariamente, los principales o m\u00e1s importantes puestos de poder. Por ejemplo, en el plano pol\u00edtico y econ\u00f3mico.<\/p><p>Para superarlos, Garbitania tiene el marco, la responsabilidad y el compromiso para incidir en ellos. Y as\u00ed lo haremos, siendo el Plan de Igualdad nuestra hoja de ruta para ello.<\/p>\t\t\t\t\t\t\t\t<\/div>\n\t\t\t\t<\/div>\n\t\t\t\t<div class=\"elementor-element elementor-element-284d23b elementor-button-warning elementor-align-left elementor-widget elementor-widget-button\" data-id=\"284d23b\" data-element_type=\"widget\" data-widget_type=\"button.default\">\n\t\t\t\t<div class=\"elementor-widget-container\">\n\t\t\t\t\t\t\t\t\t<div class=\"elementor-button-wrapper\">\n\t\t\t\t\t<a class=\"elementor-button elementor-button-link elementor-size-md\" href=\"https:\/\/www.garbitania.eus\/wp-content\/uploads\/2024\/08\/Berdintasun-plana-2023-2027-sinatuta.pdf\" download=\"\">\n\t\t\t\t\t\t<span class=\"elementor-button-content-wrapper\">\n\t\t\t\t\t\t<span class=\"elementor-button-icon\">\n\t\t\t\t<i aria-hidden=\"true\" class=\"far fa-file-pdf\"><\/i>\t\t\t<\/span>\n\t\t\t\t\t\t\t\t\t<span class=\"elementor-button-text\">Ver Plan de Igualdad<\/span>\n\t\t\t\t\t<\/span>\n\t\t\t\t\t<\/a>\n\t\t\t\t<\/div>\n\t\t\t\t\t\t\t\t<\/div>\n\t\t\t\t<\/div>\n\t\t\t\t\t<\/div>\n\t\t<\/div>\n\t\t\t\t<div class=\"elementor-column elementor-col-50 elementor-top-column elementor-element elementor-element-ab8d08d\" data-id=\"ab8d08d\" data-element_type=\"column\">\n\t\t\t<div class=\"elementor-widget-wrap elementor-element-populated\">\n\t\t\t\t\t\t<div class=\"elementor-element elementor-element-935eac3 elementor-hidden-mobile elementor-widget elementor-widget-image\" data-id=\"935eac3\" data-element_type=\"widget\" data-widget_type=\"image.default\">\n\t\t\t\t<div class=\"elementor-widget-container\">\n\t\t\t\t\t\t\t\t\t\t\t\t\t\t\t<img decoding=\"async\" width=\"600\" height=\"800\" src=\"https:\/\/www.garbitania.eus\/wp-content\/uploads\/2024\/09\/berdintasun-plana-600x800.jpg\" class=\"attachment-large size-large wp-image-3329\" alt=\"\" srcset=\"https:\/\/www.garbitania.eus\/wp-content\/uploads\/2024\/09\/berdintasun-plana-600x800.jpg 600w, https:\/\/www.garbitania.eus\/wp-content\/uploads\/2024\/09\/berdintasun-plana-450x600.jpg 450w, https:\/\/www.garbitania.eus\/wp-content\/uploads\/2024\/09\/berdintasun-plana-768x1024.jpg 768w, https:\/\/www.garbitania.eus\/wp-content\/uploads\/2024\/09\/berdintasun-plana-1152x1536.jpg 1152w, https:\/\/www.garbitania.eus\/wp-content\/uploads\/2024\/09\/berdintasun-plana-1536x2048.jpg 1536w, https:\/\/www.garbitania.eus\/wp-content\/uploads\/2024\/09\/berdintasun-plana.jpg 1862w\" sizes=\"(max-width: 600px) 100vw, 600px\" \/>\t\t\t\t\t\t\t\t\t\t\t\t\t\t\t<\/div>\n\t\t\t\t<\/div>\n\t\t\t\t\t<\/div>\n\t\t<\/div>\n\t\t\t\t\t<\/div>\n\t\t<\/section>\n\t\t\t\t<\/div>\n\t\t","protected":false},"excerpt":{"rendered":"<p>Plan de Igualdad En Garbitania Zero Zabor S.L. ratificamos nuestro compromiso con el #pactomundial y la Agenda 2030 para el Desarrollo Sostenible, cuyo #ODS5 persigue lograr la igualdad entre los g\u00e9neros y empoderar a todas las mujeres y ni\u00f1as. La igualdad de mujeres y hombres es un camino que se est\u00e1 fraguando, y hoy en [&hellip;]<\/p>\n","protected":false},"author":1,"featured_media":0,"parent":0,"menu_order":0,"comment_status":"closed","ping_status":"closed","template":"","meta":{"site-sidebar-layout":"no-sidebar","site-content-layout":"page-builder","ast-site-content-layout":"full-width-container","site-content-style":"default","site-sidebar-style":"default","ast-global-header-display":"","ast-banner-title-visibility":"","ast-main-header-display":"","ast-hfb-above-header-display":"","ast-hfb-below-header-display":"","ast-hfb-mobile-header-display":"","site-post-title":"disabled","ast-breadcrumbs-content":"","ast-featured-img":"disabled","footer-sml-layout":"","theme-transparent-header-meta":"","adv-header-id-meta":"","stick-header-meta":"","header-above-stick-meta":"","header-main-stick-meta":"","header-below-stick-meta":"","astra-migrate-meta-layouts":"set","ast-page-background-enabled":"default","ast-page-background-meta":{"desktop":{"background-color":"","background-image":"","background-repeat":"repeat","background-position":"center center","background-size":"auto","background-attachment":"scroll","background-type":"","background-media":"","overlay-type":"","overlay-color":"","overlay-opacity":"","overlay-gradient":""},"tablet":{"background-color":"","background-image":"","background-repeat":"repeat","background-position":"center center","background-size":"auto","background-attachment":"scroll","background-type":"","background-media":"","overlay-type":"","overlay-color":"","overlay-opacity":"","overlay-gradient":""},"mobile":{"background-color":"","background-image":"","background-repeat":"repeat","background-position":"center center","background-size":"auto","background-attachment":"scroll","background-type":"","background-media":"","overlay-type":"","overlay-color":"","overlay-opacity":"","overlay-gradient":""}},"ast-content-background-meta":{"desktop":{"background-color":"var(--ast-global-color-5)","background-image":"","background-repeat":"repeat","background-position":"center center","background-size":"auto","background-attachment":"scroll","background-type":"","background-media":"","overlay-type":"","overlay-color":"","overlay-opacity":"","overlay-gradient":""},"tablet":{"background-color":"var(--ast-global-color-5)","background-image":"","background-repeat":"repeat","background-position":"center center","background-size":"auto","background-attachment":"scroll","background-type":"","background-media":"","overlay-type":"","overlay-color":"","overlay-opacity":"","overlay-gradient":""},"mobile":{"background-color":"var(--ast-global-color-5)","background-image":"","background-repeat":"repeat","background-position":"center center","background-size":"auto","background-attachment":"scroll","background-type":"","background-media":"","overlay-type":"","overlay-color":"","overlay-opacity":"","overlay-gradient":""}},"footnotes":""},"class_list":["post-3338","page","type-page","status-publish","hentry"],"yoast_head":"<!-- This site is optimized with the Yoast SEO plugin v25.4 - https:\/\/yoast.com\/wordpress\/plugins\/seo\/ -->\n<title>Plan de Igualdad - Garbitania<\/title>\n<meta name=\"robots\" content=\"index, follow, max-snippet:-1, max-image-preview:large, max-video-preview:-1\" \/>\n<link rel=\"canonical\" href=\"https:\/\/www.garbitania.eus\/es\/plan-de-igualdad\/\" \/>\n<meta property=\"og:locale\" content=\"es_ES\" \/>\n<meta property=\"og:type\" content=\"article\" \/>\n<meta property=\"og:title\" content=\"Plan de Igualdad - Garbitania\" \/>\n<meta property=\"og:description\" content=\"Plan de Igualdad En Garbitania Zero Zabor S.L. ratificamos nuestro compromiso con el #pactomundial y la Agenda 2030 para el Desarrollo Sostenible, cuyo #ODS5 persigue lograr la igualdad entre los g\u00e9neros y empoderar a todas las mujeres y ni\u00f1as. La igualdad de mujeres y hombres es un camino que se est\u00e1 fraguando, y hoy en [&hellip;]\" \/>\n<meta property=\"og:url\" content=\"https:\/\/www.garbitania.eus\/es\/plan-de-igualdad\/\" \/>\n<meta property=\"og:site_name\" content=\"Garbitania\" \/>\n<meta property=\"article:modified_time\" content=\"2024-09-04T11:39:18+00:00\" \/>\n<meta property=\"og:image\" content=\"https:\/\/www.garbitania.eus\/wp-content\/uploads\/2024\/09\/berdintasun-plana-2-1200x800.jpg\" \/>\n<meta name=\"twitter:card\" content=\"summary_large_image\" \/>\n<meta name=\"twitter:label1\" content=\"Tiempo de lectura\" \/>\n\t<meta name=\"twitter:data1\" content=\"2 minutos\" \/>\n<script type=\"application\/ld+json\" class=\"yoast-schema-graph\">{\"@context\":\"https:\/\/schema.org\",\"@graph\":[{\"@type\":\"WebPage\",\"@id\":\"https:\/\/www.garbitania.eus\/es\/plan-de-igualdad\/\",\"url\":\"https:\/\/www.garbitania.eus\/es\/plan-de-igualdad\/\",\"name\":\"Plan de Igualdad - Garbitania\",\"isPartOf\":{\"@id\":\"https:\/\/www.garbitania.eus\/es\/#website\"},\"primaryImageOfPage\":{\"@id\":\"https:\/\/www.garbitania.eus\/es\/plan-de-igualdad\/#primaryimage\"},\"image\":{\"@id\":\"https:\/\/www.garbitania.eus\/es\/plan-de-igualdad\/#primaryimage\"},\"thumbnailUrl\":\"https:\/\/www.garbitania.eus\/wp-content\/uploads\/2024\/09\/berdintasun-plana-2-1200x800.jpg\",\"datePublished\":\"2024-08-08T10:26:29+00:00\",\"dateModified\":\"2024-09-04T11:39:18+00:00\",\"breadcrumb\":{\"@id\":\"https:\/\/www.garbitania.eus\/es\/plan-de-igualdad\/#breadcrumb\"},\"inLanguage\":\"es\",\"potentialAction\":[{\"@type\":\"ReadAction\",\"target\":[\"https:\/\/www.garbitania.eus\/es\/plan-de-igualdad\/\"]}]},{\"@type\":\"ImageObject\",\"inLanguage\":\"es\",\"@id\":\"https:\/\/www.garbitania.eus\/es\/plan-de-igualdad\/#primaryimage\",\"url\":\"https:\/\/www.garbitania.eus\/wp-content\/uploads\/2024\/09\/berdintasun-plana-2-1200x800.jpg\",\"contentUrl\":\"https:\/\/www.garbitania.eus\/wp-content\/uploads\/2024\/09\/berdintasun-plana-2-1200x800.jpg\"},{\"@type\":\"BreadcrumbList\",\"@id\":\"https:\/\/www.garbitania.eus\/es\/plan-de-igualdad\/#breadcrumb\",\"itemListElement\":[{\"@type\":\"ListItem\",\"position\":1,\"name\":\"Home\",\"item\":\"https:\/\/www.garbitania.eus\/es\/\"},{\"@type\":\"ListItem\",\"position\":2,\"name\":\"Plan de Igualdad\"}]},{\"@type\":\"WebSite\",\"@id\":\"https:\/\/www.garbitania.eus\/es\/#website\",\"url\":\"https:\/\/www.garbitania.eus\/es\/\",\"name\":\"Garbitania\",\"description\":\"\",\"publisher\":{\"@id\":\"https:\/\/www.garbitania.eus\/es\/#organization\"},\"potentialAction\":[{\"@type\":\"SearchAction\",\"target\":{\"@type\":\"EntryPoint\",\"urlTemplate\":\"https:\/\/www.garbitania.eus\/es\/?s={search_term_string}\"},\"query-input\":{\"@type\":\"PropertyValueSpecification\",\"valueRequired\":true,\"valueName\":\"search_term_string\"}}],\"inLanguage\":\"es\"},{\"@type\":\"Organization\",\"@id\":\"https:\/\/www.garbitania.eus\/es\/#organization\",\"name\":\"Garbitania\",\"url\":\"https:\/\/www.garbitania.eus\/es\/\",\"logo\":{\"@type\":\"ImageObject\",\"inLanguage\":\"es\",\"@id\":\"https:\/\/www.garbitania.eus\/es\/#\/schema\/logo\/image\/\",\"url\":\"https:\/\/www.garbitania.eus\/wp-content\/uploads\/2020\/01\/cropped-Garbitania-logotipoa.png\",\"contentUrl\":\"https:\/\/www.garbitania.eus\/wp-content\/uploads\/2020\/01\/cropped-Garbitania-logotipoa.png\",\"width\":512,\"height\":137,\"caption\":\"Garbitania\"},\"image\":{\"@id\":\"https:\/\/www.garbitania.eus\/es\/#\/schema\/logo\/image\/\"}}]}<\/script>\n<!-- \/ Yoast SEO plugin. -->","yoast_head_json":{"title":"Plan de Igualdad - Garbitania","robots":{"index":"index","follow":"follow","max-snippet":"max-snippet:-1","max-image-preview":"max-image-preview:large","max-video-preview":"max-video-preview:-1"},"canonical":"https:\/\/www.garbitania.eus\/es\/plan-de-igualdad\/","og_locale":"es_ES","og_type":"article","og_title":"Plan de Igualdad - Garbitania","og_description":"Plan de Igualdad En Garbitania Zero Zabor S.L. ratificamos nuestro compromiso con el #pactomundial y la Agenda 2030 para el Desarrollo Sostenible, cuyo #ODS5 persigue lograr la igualdad entre los g\u00e9neros y empoderar a todas las mujeres y ni\u00f1as. La igualdad de mujeres y hombres es un camino que se est\u00e1 fraguando, y hoy en [&hellip;]","og_url":"https:\/\/www.garbitania.eus\/es\/plan-de-igualdad\/","og_site_name":"Garbitania","article_modified_time":"2024-09-04T11:39:18+00:00","og_image":[{"url":"https:\/\/www.garbitania.eus\/wp-content\/uploads\/2024\/09\/berdintasun-plana-2-1200x800.jpg","type":"","width":"","height":""}],"twitter_card":"summary_large_image","twitter_misc":{"Tiempo de lectura":"2 minutos"},"schema":{"@context":"https:\/\/schema.org","@graph":[{"@type":"WebPage","@id":"https:\/\/www.garbitania.eus\/es\/plan-de-igualdad\/","url":"https:\/\/www.garbitania.eus\/es\/plan-de-igualdad\/","name":"Plan de Igualdad - Garbitania","isPartOf":{"@id":"https:\/\/www.garbitania.eus\/es\/#website"},"primaryImageOfPage":{"@id":"https:\/\/www.garbitania.eus\/es\/plan-de-igualdad\/#primaryimage"},"image":{"@id":"https:\/\/www.garbitania.eus\/es\/plan-de-igualdad\/#primaryimage"},"thumbnailUrl":"https:\/\/www.garbitania.eus\/wp-content\/uploads\/2024\/09\/berdintasun-plana-2-1200x800.jpg","datePublished":"2024-08-08T10:26:29+00:00","dateModified":"2024-09-04T11:39:18+00:00","breadcrumb":{"@id":"https:\/\/www.garbitania.eus\/es\/plan-de-igualdad\/#breadcrumb"},"inLanguage":"es","potentialAction":[{"@type":"ReadAction","target":["https:\/\/www.garbitania.eus\/es\/plan-de-igualdad\/"]}]},{"@type":"ImageObject","inLanguage":"es","@id":"https:\/\/www.garbitania.eus\/es\/plan-de-igualdad\/#primaryimage","url":"https:\/\/www.garbitania.eus\/wp-content\/uploads\/2024\/09\/berdintasun-plana-2-1200x800.jpg","contentUrl":"https:\/\/www.garbitania.eus\/wp-content\/uploads\/2024\/09\/berdintasun-plana-2-1200x800.jpg"},{"@type":"BreadcrumbList","@id":"https:\/\/www.garbitania.eus\/es\/plan-de-igualdad\/#breadcrumb","itemListElement":[{"@type":"ListItem","position":1,"name":"Home","item":"https:\/\/www.garbitania.eus\/es\/"},{"@type":"ListItem","position":2,"name":"Plan de Igualdad"}]},{"@type":"WebSite","@id":"https:\/\/www.garbitania.eus\/es\/#website","url":"https:\/\/www.garbitania.eus\/es\/","name":"Garbitania","description":"","publisher":{"@id":"https:\/\/www.garbitania.eus\/es\/#organization"},"potentialAction":[{"@type":"SearchAction","target":{"@type":"EntryPoint","urlTemplate":"https:\/\/www.garbitania.eus\/es\/?s={search_term_string}"},"query-input":{"@type":"PropertyValueSpecification","valueRequired":true,"valueName":"search_term_string"}}],"inLanguage":"es"},{"@type":"Organization","@id":"https:\/\/www.garbitania.eus\/es\/#organization","name":"Garbitania","url":"https:\/\/www.garbitania.eus\/es\/","logo":{"@type":"ImageObject","inLanguage":"es","@id":"https:\/\/www.garbitania.eus\/es\/#\/schema\/logo\/image\/","url":"https:\/\/www.garbitania.eus\/wp-content\/uploads\/2020\/01\/cropped-Garbitania-logotipoa.png","contentUrl":"https:\/\/www.garbitania.eus\/wp-content\/uploads\/2020\/01\/cropped-Garbitania-logotipoa.png","width":512,"height":137,"caption":"Garbitania"},"image":{"@id":"https:\/\/www.garbitania.eus\/es\/#\/schema\/logo\/image\/"}}]}},"_links":{"self":[{"href":"https:\/\/www.garbitania.eus\/es\/wp-json\/wp\/v2\/pages\/3338","targetHints":{"allow":["GET"]}}],"collection":[{"href":"https:\/\/www.garbitania.eus\/es\/wp-json\/wp\/v2\/pages"}],"about":[{"href":"https:\/\/www.garbitania.eus\/es\/wp-json\/wp\/v2\/types\/page"}],"author":[{"embeddable":true,"href":"https:\/\/www.garbitania.eus\/es\/wp-json\/wp\/v2\/users\/1"}],"replies":[{"embeddable":true,"href":"https:\/\/www.garbitania.eus\/es\/wp-json\/wp\/v2\/comments?post=3338"}],"version-history":[{"count":4,"href":"https:\/\/www.garbitania.eus\/es\/wp-json\/wp\/v2\/pages\/3338\/revisions"}],"predecessor-version":[{"id":3342,"href":"https:\/\/www.garbitania.eus\/es\/wp-json\/wp\/v2\/pages\/3338\/revisions\/3342"}],"wp:attachment":[{"href":"https:\/\/www.garbitania.eus\/es\/wp-json\/wp\/v2\/media?parent=3338"}],"curies":[{"name":"wp","href":"https:\/\/api.w.org\/{rel}","templated":true}]}}