{"id":3333,"date":"2024-08-08T09:53:50","date_gmt":"2024-08-08T07:53:50","guid":{"rendered":"https:\/\/www.garbitania.eus\/gizarte-erantzukizuna\/"},"modified":"2024-09-04T13:36:26","modified_gmt":"2024-09-04T11:36:26","slug":"responsabilidad-social","status":"publish","type":"page","link":"https:\/\/www.garbitania.eus\/es\/responsabilidad-social\/","title":{"rendered":"Responsabilidad social"},"content":{"rendered":"\t\t<div data-elementor-type=\"wp-page\" data-elementor-id=\"3333\" class=\"elementor elementor-3333 elementor-3242\" data-elementor-post-type=\"page\">\n\t\t\t\t\t\t<section class=\"elementor-section elementor-top-section elementor-element elementor-element-aec66f6 elementor-section-boxed elementor-section-height-default elementor-section-height-default\" data-id=\"aec66f6\" data-element_type=\"section\">\n\t\t\t\t\t\t<div class=\"elementor-container elementor-column-gap-default\">\n\t\t\t\t\t<div class=\"elementor-column elementor-col-50 elementor-top-column elementor-element elementor-element-ca574d9\" data-id=\"ca574d9\" data-element_type=\"column\">\n\t\t\t<div class=\"elementor-widget-wrap elementor-element-populated\">\n\t\t\t\t\t\t<div class=\"elementor-element elementor-element-d478ed4 elementor-widget elementor-widget-text-editor\" data-id=\"d478ed4\" data-element_type=\"widget\" data-widget_type=\"text-editor.default\">\n\t\t\t\t<div class=\"elementor-widget-container\">\n\t\t\t\t\t\t\t\t\t<p>La Uni\u00f3n Europea, en su libro verde sobre Responsabilidad Social Empresarial, define la RSE como \u201cla integraci\u00f3n voluntaria por parte de las empresas de las preocupaciones sociales y medioambientales en sus operaciones comerciales y sus relaciones con sus interlocutores\u201d.<\/p><p>Seg\u00fan esa definici\u00f3n, la empresa est\u00e1 intr\u00ednsecamente vinculada al desarrollo sostenible, ya que sus actos inciden en la sociedad y el medioambiente, es por ello que las empresas deben integrar en sus operaciones los efectos econ\u00f3micos, sociales y medioambientales de estas.<\/p><p>Todo ello exige que la responsabilidad social est\u00e9 cimentada en el proyecto estrat\u00e9gico de la empresa.<\/p>\t\t\t\t\t\t\t\t<\/div>\n\t\t\t\t<\/div>\n\t\t\t\t<div class=\"elementor-element elementor-element-da34bc1 elementor-hidden-desktop elementor-hidden-tablet elementor-widget elementor-widget-image\" data-id=\"da34bc1\" data-element_type=\"widget\" data-widget_type=\"image.default\">\n\t\t\t\t<div class=\"elementor-widget-container\">\n\t\t\t\t\t\t\t\t\t\t\t\t\t\t\t<img fetchpriority=\"high\" decoding=\"async\" width=\"703\" height=\"800\" src=\"https:\/\/www.garbitania.eus\/wp-content\/uploads\/2024\/09\/gizarte-erantzukizuna-2-703x800.jpg\" class=\"attachment-large size-large wp-image-3321\" alt=\"\" srcset=\"https:\/\/www.garbitania.eus\/wp-content\/uploads\/2024\/09\/gizarte-erantzukizuna-2-703x800.jpg 703w, https:\/\/www.garbitania.eus\/wp-content\/uploads\/2024\/09\/gizarte-erantzukizuna-2-528x600.jpg 528w, https:\/\/www.garbitania.eus\/wp-content\/uploads\/2024\/09\/gizarte-erantzukizuna-2-768x873.jpg 768w, https:\/\/www.garbitania.eus\/wp-content\/uploads\/2024\/09\/gizarte-erantzukizuna-2.jpg 1319w\" sizes=\"(max-width: 703px) 100vw, 703px\" \/>\t\t\t\t\t\t\t\t\t\t\t\t\t\t\t<\/div>\n\t\t\t\t<\/div>\n\t\t\t\t<div class=\"elementor-element elementor-element-6a4b7f2 elementor-widget elementor-widget-text-editor\" data-id=\"6a4b7f2\" data-element_type=\"widget\" data-widget_type=\"text-editor.default\">\n\t\t\t\t<div class=\"elementor-widget-container\">\n\t\t\t\t\t\t\t\t\t<h2>\u00bfQu\u00e9 hacemos en Garbitania?<\/h2><p>As\u00ed naci\u00f3 Garbitania: desde el respeto al entorno y a las personas vinculadas, al ecosistema de sus relaciones. En el marco de una estrategia centrada en la salud y la prevenci\u00f3n de riesgos, una relaci\u00f3n econ\u00f3mica justa y el cuidado del medioambiente, y teniendo a la mujer, el euskera y nuestro territorio como punto de partida.<\/p><p>As\u00ed fue, es y ser\u00e1. Porque hacemos el camino como las abejas, de lo particular a lo colectivo. Porque ofrecemos lo individual al bien com\u00fan, con el fin de crear un todo mejor y sostenible.<\/p>\t\t\t\t\t\t\t\t<\/div>\n\t\t\t\t<\/div>\n\t\t\t\t\t<\/div>\n\t\t<\/div>\n\t\t\t\t<div class=\"elementor-column elementor-col-50 elementor-top-column elementor-element elementor-element-e643e1c\" data-id=\"e643e1c\" data-element_type=\"column\">\n\t\t\t<div class=\"elementor-widget-wrap elementor-element-populated\">\n\t\t\t\t\t\t<div class=\"elementor-element elementor-element-aa4dc1f elementor-hidden-mobile elementor-widget elementor-widget-image\" data-id=\"aa4dc1f\" data-element_type=\"widget\" data-widget_type=\"image.default\">\n\t\t\t\t<div class=\"elementor-widget-container\">\n\t\t\t\t\t\t\t\t\t\t\t\t\t\t\t<img fetchpriority=\"high\" decoding=\"async\" width=\"703\" height=\"800\" src=\"https:\/\/www.garbitania.eus\/wp-content\/uploads\/2024\/09\/gizarte-erantzukizuna-2-703x800.jpg\" class=\"attachment-large size-large wp-image-3321\" alt=\"\" srcset=\"https:\/\/www.garbitania.eus\/wp-content\/uploads\/2024\/09\/gizarte-erantzukizuna-2-703x800.jpg 703w, https:\/\/www.garbitania.eus\/wp-content\/uploads\/2024\/09\/gizarte-erantzukizuna-2-528x600.jpg 528w, https:\/\/www.garbitania.eus\/wp-content\/uploads\/2024\/09\/gizarte-erantzukizuna-2-768x873.jpg 768w, https:\/\/www.garbitania.eus\/wp-content\/uploads\/2024\/09\/gizarte-erantzukizuna-2.jpg 1319w\" sizes=\"(max-width: 703px) 100vw, 703px\" \/>\t\t\t\t\t\t\t\t\t\t\t\t\t\t\t<\/div>\n\t\t\t\t<\/div>\n\t\t\t\t\t<\/div>\n\t\t<\/div>\n\t\t\t\t\t<\/div>\n\t\t<\/section>\n\t\t\t\t<section class=\"elementor-section elementor-top-section elementor-element elementor-element-f1d426e elementor-section-boxed elementor-section-height-default elementor-section-height-default\" data-id=\"f1d426e\" data-element_type=\"section\">\n\t\t\t\t\t\t<div class=\"elementor-container elementor-column-gap-default\">\n\t\t\t\t\t<div class=\"elementor-column elementor-col-33 elementor-top-column elementor-element elementor-element-09ffab1\" data-id=\"09ffab1\" data-element_type=\"column\">\n\t\t\t<div class=\"elementor-widget-wrap elementor-element-populated\">\n\t\t\t\t\t\t<div class=\"elementor-element elementor-element-33ed4bd elementor-widget elementor-widget-image\" data-id=\"33ed4bd\" data-element_type=\"widget\" data-widget_type=\"image.default\">\n\t\t\t\t<div class=\"elementor-widget-container\">\n\t\t\t\t\t\t\t\t\t\t\t\t\t\t\t\t<a href=\"https:\/\/www.garbitania.eus\/es\/plan-de-igualdad\/\">\n\t\t\t\t\t\t\t<img decoding=\"async\" width=\"1500\" height=\"1000\" src=\"https:\/\/www.garbitania.eus\/wp-content\/uploads\/2024\/09\/berdintasun-plana-2.jpg\" class=\"attachment-full size-full wp-image-3323\" alt=\"\" srcset=\"https:\/\/www.garbitania.eus\/wp-content\/uploads\/2024\/09\/berdintasun-plana-2.jpg 1500w, https:\/\/www.garbitania.eus\/wp-content\/uploads\/2024\/09\/berdintasun-plana-2-600x400.jpg 600w, https:\/\/www.garbitania.eus\/wp-content\/uploads\/2024\/09\/berdintasun-plana-2-1200x800.jpg 1200w, https:\/\/www.garbitania.eus\/wp-content\/uploads\/2024\/09\/berdintasun-plana-2-768x512.jpg 768w\" sizes=\"(max-width: 1500px) 100vw, 1500px\" \/>\t\t\t\t\t\t\t\t<\/a>\n\t\t\t\t\t\t\t\t\t\t\t\t\t\t\t<\/div>\n\t\t\t\t<\/div>\n\t\t\t\t<div class=\"elementor-element elementor-element-684c11c elementor-widget elementor-widget-heading\" data-id=\"684c11c\" data-element_type=\"widget\" data-widget_type=\"heading.default\">\n\t\t\t\t<div class=\"elementor-widget-container\">\n\t\t\t\t\t<h3 class=\"elementor-heading-title elementor-size-default\"><a href=\"https:\/\/www.garbitania.eus\/es\/plan-de-igualdad\/\">Plan de Igualdad<\/a><\/h3>\t\t\t\t<\/div>\n\t\t\t\t<\/div>\n\t\t\t\t<div class=\"elementor-element elementor-element-b529389 elementor-widget elementor-widget-text-editor\" data-id=\"b529389\" data-element_type=\"widget\" data-widget_type=\"text-editor.default\">\n\t\t\t\t<div class=\"elementor-widget-container\">\n\t\t\t\t\t\t\t\t\t<p>En Garbitania Zero Zabor S.L. ratificamos nuestro compromiso con el #pactomundial y la Agenda 2030 para el Desarrollo Sostenible, cuyo #ODS5 persigue lograr la igualdad entre los g\u00e9neros y empoderar a todas las mujeres y ni\u00f1as.<\/p>\t\t\t\t\t\t\t\t<\/div>\n\t\t\t\t<\/div>\n\t\t\t\t<div class=\"elementor-element elementor-element-7b103d2 elementor-widget elementor-widget-button\" data-id=\"7b103d2\" data-element_type=\"widget\" data-widget_type=\"button.default\">\n\t\t\t\t<div class=\"elementor-widget-container\">\n\t\t\t\t\t\t\t\t\t<div class=\"elementor-button-wrapper\">\n\t\t\t\t\t<a class=\"elementor-button elementor-button-link elementor-size-sm\" href=\"https:\/\/www.garbitania.eus\/es\/plan-de-igualdad\/\">\n\t\t\t\t\t\t<span class=\"elementor-button-content-wrapper\">\n\t\t\t\t\t\t\t\t\t<span class=\"elementor-button-text\">Ver +<\/span>\n\t\t\t\t\t<\/span>\n\t\t\t\t\t<\/a>\n\t\t\t\t<\/div>\n\t\t\t\t\t\t\t\t<\/div>\n\t\t\t\t<\/div>\n\t\t\t\t\t<\/div>\n\t\t<\/div>\n\t\t\t\t<div class=\"elementor-column elementor-col-33 elementor-top-column elementor-element elementor-element-12700c7\" data-id=\"12700c7\" data-element_type=\"column\">\n\t\t\t<div class=\"elementor-widget-wrap\">\n\t\t\t\t\t\t\t<\/div>\n\t\t<\/div>\n\t\t\t\t<div class=\"elementor-column elementor-col-33 elementor-top-column elementor-element elementor-element-9ae4933\" data-id=\"9ae4933\" data-element_type=\"column\">\n\t\t\t<div class=\"elementor-widget-wrap\">\n\t\t\t\t\t\t\t<\/div>\n\t\t<\/div>\n\t\t\t\t\t<\/div>\n\t\t<\/section>\n\t\t\t\t<\/div>\n\t\t","protected":false},"excerpt":{"rendered":"<p>La Uni\u00f3n Europea, en su libro verde sobre Responsabilidad Social Empresarial, define la RSE como \u201cla integraci\u00f3n voluntaria por parte de las empresas de las preocupaciones sociales y medioambientales en sus operaciones comerciales y sus relaciones con sus interlocutores\u201d. Seg\u00fan esa definici\u00f3n, la empresa est\u00e1 intr\u00ednsecamente vinculada al desarrollo sostenible, ya que sus actos inciden [&hellip;]<\/p>\n","protected":false},"author":1,"featured_media":3318,"parent":0,"menu_order":0,"comment_status":"closed","ping_status":"closed","template":"","meta":{"site-sidebar-layout":"no-sidebar","site-content-layout":"page-builder","ast-site-content-layout":"full-width-container","site-content-style":"default","site-sidebar-style":"default","ast-global-header-display":"","ast-banner-title-visibility":"","ast-main-header-display":"","ast-hfb-above-header-display":"","ast-hfb-below-header-display":"","ast-hfb-mobile-header-display":"","site-post-title":"","ast-breadcrumbs-content":"","ast-featured-img":"","footer-sml-layout":"","theme-transparent-header-meta":"","adv-header-id-meta":"","stick-header-meta":"","header-above-stick-meta":"","header-main-stick-meta":"","header-below-stick-meta":"","astra-migrate-meta-layouts":"set","ast-page-background-enabled":"default","ast-page-background-meta":{"desktop":{"background-color":"","background-image":"","background-repeat":"repeat","background-position":"center center","background-size":"auto","background-attachment":"scroll","background-type":"","background-media":"","overlay-type":"","overlay-color":"","overlay-opacity":"","overlay-gradient":""},"tablet":{"background-color":"","background-image":"","background-repeat":"repeat","background-position":"center center","background-size":"auto","background-attachment":"scroll","background-type":"","background-media":"","overlay-type":"","overlay-color":"","overlay-opacity":"","overlay-gradient":""},"mobile":{"background-color":"","background-image":"","background-repeat":"repeat","background-position":"center center","background-size":"auto","background-attachment":"scroll","background-type":"","background-media":"","overlay-type":"","overlay-color":"","overlay-opacity":"","overlay-gradient":""}},"ast-content-background-meta":{"desktop":{"background-color":"var(--ast-global-color-5)","background-image":"","background-repeat":"repeat","background-position":"center center","background-size":"auto","background-attachment":"scroll","background-type":"","background-media":"","overlay-type":"","overlay-color":"","overlay-opacity":"","overlay-gradient":""},"tablet":{"background-color":"var(--ast-global-color-5)","background-image":"","background-repeat":"repeat","background-position":"center center","background-size":"auto","background-attachment":"scroll","background-type":"","background-media":"","overlay-type":"","overlay-color":"","overlay-opacity":"","overlay-gradient":""},"mobile":{"background-color":"var(--ast-global-color-5)","background-image":"","background-repeat":"repeat","background-position":"center center","background-size":"auto","background-attachment":"scroll","background-type":"","background-media":"","overlay-type":"","overlay-color":"","overlay-opacity":"","overlay-gradient":""}},"footnotes":""},"class_list":["post-3333","page","type-page","status-publish","has-post-thumbnail","hentry"],"yoast_head":"<!-- This site is optimized with the Yoast SEO plugin v25.4 - https:\/\/yoast.com\/wordpress\/plugins\/seo\/ -->\n<title>Responsabilidad social - Garbitania<\/title>\n<meta name=\"robots\" content=\"index, follow, max-snippet:-1, max-image-preview:large, max-video-preview:-1\" \/>\n<link rel=\"canonical\" href=\"https:\/\/www.garbitania.eus\/es\/responsabilidad-social\/\" \/>\n<meta property=\"og:locale\" content=\"es_ES\" \/>\n<meta property=\"og:type\" content=\"article\" \/>\n<meta property=\"og:title\" content=\"Responsabilidad social - Garbitania\" \/>\n<meta property=\"og:description\" content=\"La Uni\u00f3n Europea, en su libro verde sobre Responsabilidad Social Empresarial, define la RSE como \u201cla integraci\u00f3n voluntaria por parte de las empresas de las preocupaciones sociales y medioambientales en sus operaciones comerciales y sus relaciones con sus interlocutores\u201d. Seg\u00fan esa definici\u00f3n, la empresa est\u00e1 intr\u00ednsecamente vinculada al desarrollo sostenible, ya que sus actos inciden [&hellip;]\" \/>\n<meta property=\"og:url\" content=\"https:\/\/www.garbitania.eus\/es\/responsabilidad-social\/\" \/>\n<meta property=\"og:site_name\" content=\"Garbitania\" \/>\n<meta property=\"article:modified_time\" content=\"2024-09-04T11:36:26+00:00\" \/>\n<meta property=\"og:image\" content=\"https:\/\/www.garbitania.eus\/wp-content\/uploads\/2024\/09\/gizarte-erantzukizuna.jpg\" \/>\n\t<meta property=\"og:image:width\" content=\"2482\" \/>\n\t<meta property=\"og:image:height\" content=\"1462\" \/>\n\t<meta property=\"og:image:type\" content=\"image\/jpeg\" \/>\n<meta name=\"twitter:card\" content=\"summary_large_image\" \/>\n<meta name=\"twitter:label1\" content=\"Tiempo de lectura\" \/>\n\t<meta name=\"twitter:data1\" content=\"2 minutos\" \/>\n<script type=\"application\/ld+json\" class=\"yoast-schema-graph\">{\"@context\":\"https:\/\/schema.org\",\"@graph\":[{\"@type\":\"WebPage\",\"@id\":\"https:\/\/www.garbitania.eus\/es\/responsabilidad-social\/\",\"url\":\"https:\/\/www.garbitania.eus\/es\/responsabilidad-social\/\",\"name\":\"Responsabilidad social - Garbitania\",\"isPartOf\":{\"@id\":\"https:\/\/www.garbitania.eus\/es\/#website\"},\"primaryImageOfPage\":{\"@id\":\"https:\/\/www.garbitania.eus\/es\/responsabilidad-social\/#primaryimage\"},\"image\":{\"@id\":\"https:\/\/www.garbitania.eus\/es\/responsabilidad-social\/#primaryimage\"},\"thumbnailUrl\":\"https:\/\/www.garbitania.eus\/wp-content\/uploads\/2024\/09\/gizarte-erantzukizuna.jpg\",\"datePublished\":\"2024-08-08T07:53:50+00:00\",\"dateModified\":\"2024-09-04T11:36:26+00:00\",\"breadcrumb\":{\"@id\":\"https:\/\/www.garbitania.eus\/es\/responsabilidad-social\/#breadcrumb\"},\"inLanguage\":\"es\",\"potentialAction\":[{\"@type\":\"ReadAction\",\"target\":[\"https:\/\/www.garbitania.eus\/es\/responsabilidad-social\/\"]}]},{\"@type\":\"ImageObject\",\"inLanguage\":\"es\",\"@id\":\"https:\/\/www.garbitania.eus\/es\/responsabilidad-social\/#primaryimage\",\"url\":\"https:\/\/www.garbitania.eus\/wp-content\/uploads\/2024\/09\/gizarte-erantzukizuna.jpg\",\"contentUrl\":\"https:\/\/www.garbitania.eus\/wp-content\/uploads\/2024\/09\/gizarte-erantzukizuna.jpg\",\"width\":2482,\"height\":1462},{\"@type\":\"BreadcrumbList\",\"@id\":\"https:\/\/www.garbitania.eus\/es\/responsabilidad-social\/#breadcrumb\",\"itemListElement\":[{\"@type\":\"ListItem\",\"position\":1,\"name\":\"Home\",\"item\":\"https:\/\/www.garbitania.eus\/es\/\"},{\"@type\":\"ListItem\",\"position\":2,\"name\":\"Responsabilidad social\"}]},{\"@type\":\"WebSite\",\"@id\":\"https:\/\/www.garbitania.eus\/es\/#website\",\"url\":\"https:\/\/www.garbitania.eus\/es\/\",\"name\":\"Garbitania\",\"description\":\"\",\"publisher\":{\"@id\":\"https:\/\/www.garbitania.eus\/es\/#organization\"},\"potentialAction\":[{\"@type\":\"SearchAction\",\"target\":{\"@type\":\"EntryPoint\",\"urlTemplate\":\"https:\/\/www.garbitania.eus\/es\/?s={search_term_string}\"},\"query-input\":{\"@type\":\"PropertyValueSpecification\",\"valueRequired\":true,\"valueName\":\"search_term_string\"}}],\"inLanguage\":\"es\"},{\"@type\":\"Organization\",\"@id\":\"https:\/\/www.garbitania.eus\/es\/#organization\",\"name\":\"Garbitania\",\"url\":\"https:\/\/www.garbitania.eus\/es\/\",\"logo\":{\"@type\":\"ImageObject\",\"inLanguage\":\"es\",\"@id\":\"https:\/\/www.garbitania.eus\/es\/#\/schema\/logo\/image\/\",\"url\":\"https:\/\/www.garbitania.eus\/wp-content\/uploads\/2020\/01\/cropped-Garbitania-logotipoa.png\",\"contentUrl\":\"https:\/\/www.garbitania.eus\/wp-content\/uploads\/2020\/01\/cropped-Garbitania-logotipoa.png\",\"width\":512,\"height\":137,\"caption\":\"Garbitania\"},\"image\":{\"@id\":\"https:\/\/www.garbitania.eus\/es\/#\/schema\/logo\/image\/\"}}]}<\/script>\n<!-- \/ Yoast SEO plugin. -->","yoast_head_json":{"title":"Responsabilidad social - Garbitania","robots":{"index":"index","follow":"follow","max-snippet":"max-snippet:-1","max-image-preview":"max-image-preview:large","max-video-preview":"max-video-preview:-1"},"canonical":"https:\/\/www.garbitania.eus\/es\/responsabilidad-social\/","og_locale":"es_ES","og_type":"article","og_title":"Responsabilidad social - Garbitania","og_description":"La Uni\u00f3n Europea, en su libro verde sobre Responsabilidad Social Empresarial, define la RSE como \u201cla integraci\u00f3n voluntaria por parte de las empresas de las preocupaciones sociales y medioambientales en sus operaciones comerciales y sus relaciones con sus interlocutores\u201d. Seg\u00fan esa definici\u00f3n, la empresa est\u00e1 intr\u00ednsecamente vinculada al desarrollo sostenible, ya que sus actos inciden [&hellip;]","og_url":"https:\/\/www.garbitania.eus\/es\/responsabilidad-social\/","og_site_name":"Garbitania","article_modified_time":"2024-09-04T11:36:26+00:00","og_image":[{"width":2482,"height":1462,"url":"https:\/\/www.garbitania.eus\/wp-content\/uploads\/2024\/09\/gizarte-erantzukizuna.jpg","type":"image\/jpeg"}],"twitter_card":"summary_large_image","twitter_misc":{"Tiempo de lectura":"2 minutos"},"schema":{"@context":"https:\/\/schema.org","@graph":[{"@type":"WebPage","@id":"https:\/\/www.garbitania.eus\/es\/responsabilidad-social\/","url":"https:\/\/www.garbitania.eus\/es\/responsabilidad-social\/","name":"Responsabilidad social - Garbitania","isPartOf":{"@id":"https:\/\/www.garbitania.eus\/es\/#website"},"primaryImageOfPage":{"@id":"https:\/\/www.garbitania.eus\/es\/responsabilidad-social\/#primaryimage"},"image":{"@id":"https:\/\/www.garbitania.eus\/es\/responsabilidad-social\/#primaryimage"},"thumbnailUrl":"https:\/\/www.garbitania.eus\/wp-content\/uploads\/2024\/09\/gizarte-erantzukizuna.jpg","datePublished":"2024-08-08T07:53:50+00:00","dateModified":"2024-09-04T11:36:26+00:00","breadcrumb":{"@id":"https:\/\/www.garbitania.eus\/es\/responsabilidad-social\/#breadcrumb"},"inLanguage":"es","potentialAction":[{"@type":"ReadAction","target":["https:\/\/www.garbitania.eus\/es\/responsabilidad-social\/"]}]},{"@type":"ImageObject","inLanguage":"es","@id":"https:\/\/www.garbitania.eus\/es\/responsabilidad-social\/#primaryimage","url":"https:\/\/www.garbitania.eus\/wp-content\/uploads\/2024\/09\/gizarte-erantzukizuna.jpg","contentUrl":"https:\/\/www.garbitania.eus\/wp-content\/uploads\/2024\/09\/gizarte-erantzukizuna.jpg","width":2482,"height":1462},{"@type":"BreadcrumbList","@id":"https:\/\/www.garbitania.eus\/es\/responsabilidad-social\/#breadcrumb","itemListElement":[{"@type":"ListItem","position":1,"name":"Home","item":"https:\/\/www.garbitania.eus\/es\/"},{"@type":"ListItem","position":2,"name":"Responsabilidad social"}]},{"@type":"WebSite","@id":"https:\/\/www.garbitania.eus\/es\/#website","url":"https:\/\/www.garbitania.eus\/es\/","name":"Garbitania","description":"","publisher":{"@id":"https:\/\/www.garbitania.eus\/es\/#organization"},"potentialAction":[{"@type":"SearchAction","target":{"@type":"EntryPoint","urlTemplate":"https:\/\/www.garbitania.eus\/es\/?s={search_term_string}"},"query-input":{"@type":"PropertyValueSpecification","valueRequired":true,"valueName":"search_term_string"}}],"inLanguage":"es"},{"@type":"Organization","@id":"https:\/\/www.garbitania.eus\/es\/#organization","name":"Garbitania","url":"https:\/\/www.garbitania.eus\/es\/","logo":{"@type":"ImageObject","inLanguage":"es","@id":"https:\/\/www.garbitania.eus\/es\/#\/schema\/logo\/image\/","url":"https:\/\/www.garbitania.eus\/wp-content\/uploads\/2020\/01\/cropped-Garbitania-logotipoa.png","contentUrl":"https:\/\/www.garbitania.eus\/wp-content\/uploads\/2020\/01\/cropped-Garbitania-logotipoa.png","width":512,"height":137,"caption":"Garbitania"},"image":{"@id":"https:\/\/www.garbitania.eus\/es\/#\/schema\/logo\/image\/"}}]}},"_links":{"self":[{"href":"https:\/\/www.garbitania.eus\/es\/wp-json\/wp\/v2\/pages\/3333","targetHints":{"allow":["GET"]}}],"collection":[{"href":"https:\/\/www.garbitania.eus\/es\/wp-json\/wp\/v2\/pages"}],"about":[{"href":"https:\/\/www.garbitania.eus\/es\/wp-json\/wp\/v2\/types\/page"}],"author":[{"embeddable":true,"href":"https:\/\/www.garbitania.eus\/es\/wp-json\/wp\/v2\/users\/1"}],"replies":[{"embeddable":true,"href":"https:\/\/www.garbitania.eus\/es\/wp-json\/wp\/v2\/comments?post=3333"}],"version-history":[{"count":4,"href":"https:\/\/www.garbitania.eus\/es\/wp-json\/wp\/v2\/pages\/3333\/revisions"}],"predecessor-version":[{"id":3337,"href":"https:\/\/www.garbitania.eus\/es\/wp-json\/wp\/v2\/pages\/3333\/revisions\/3337"}],"wp:featuredmedia":[{"embeddable":true,"href":"https:\/\/www.garbitania.eus\/es\/wp-json\/wp\/v2\/media\/3318"}],"wp:attachment":[{"href":"https:\/\/www.garbitania.eus\/es\/wp-json\/wp\/v2\/media?parent=3333"}],"curies":[{"name":"wp","href":"https:\/\/api.w.org\/{rel}","templated":true}]}}