{"id":1828,"date":"2020-05-12T21:01:25","date_gmt":"2020-05-12T19:01:25","guid":{"rendered":"http:\/\/garbitania.eus\/?page_id=1828"},"modified":"2020-05-15T14:15:34","modified_gmt":"2020-05-15T12:15:34","slug":"cookies","status":"publish","type":"page","link":"https:\/\/www.garbitania.eus\/es\/cookies\/","title":{"rendered":"Pol\u00edtica de Cookies"},"content":{"rendered":"\n<div style=\"height:75px\" aria-hidden=\"true\" class=\"wp-block-spacer\"><\/div>\n\n\n\n<h3 class=\"wp-block-heading\">\u00bfQu\u00e9 es una cookie?\n<\/h3>\n\n\n\n<p>Las cookies son esenciales para el funcionamiento de Internet; no pueden da\u00f1ar el\nequipo\/dispositivo de la persona usuaria y, si se encuentran activadas en la configuraci\u00f3n del\nnavegador, nos ayudan a identificar y resolver posibles errores de funcionamiento de esta web\nque las utiliza para su correcto funcionamiento y que permiten conocer la actividad realizada\npor las personas usuarias durante su navegaci\u00f3n.\n<\/p>\n\n\n\n<p>Ninguna de las cookies instaladas en esta website puede extraer informaci\u00f3n de un disco duro\no robar informaci\u00f3n personal.\n<\/p>\n\n\n\n<p>GARBITANIA, en cumplimiento de la vigente normativa legal, solicita su consentimiento para\nutilizar estas cookies. En caso de que no acepte su utilizaci\u00f3n, no haga clic en \u201caceptar\u201d del\nbanner o configure el navegador web de tal forma que rechace la instalaci\u00f3n y\/o utilizaci\u00f3n de\ncokies en su equipo.\n<\/p>\n\n\n\n<h3 class=\"wp-block-heading\">\u00bfC\u00f3mo cumple GARBITANIA la normativa?\n<\/h3>\n\n\n\n<p>En cumplimiento de la Ley 34\/2002, de 11 de julio, de Servicios de la Sociedad de la\nInformaci\u00f3n y Comercio Electr\u00f3nico y el Reglamento 2016\/679 del Parlamento Europeo y\ndel Consejo (RGPD), le facilitamos informaci\u00f3n sobre Cookies su tratamiento y el uso de las\nmismas en el sitio web de GARBITANIA.\n<\/p>\n\n\n\n<p>La base legitimadora del tratamiento de sus datos personales por GARBITANIA a los fines\nque se indican es la aceptaci\u00f3n de esta pol\u00edtica que permite a las personas usuarias de este\nsitio web administrar sus preferencias configurando dichas cookies.\n<\/p>\n\n\n\n<h3 class=\"wp-block-heading\">Responsabilidad\n<\/h3>\n\n\n\n<p>GARBITANIA no se hace responsable del contenido o veracidad de las pol\u00edticas de privacidad\nde terceras organizaciones que, en su caso, se mencionen en esta pol\u00edtica de cookies.\n<\/p>\n\n\n\n<p>Los navegadores web son las herramientas encargadas de almacenar las cookies y desde este\nlugar debe efectuar su derecho a eliminaci\u00f3n o desactivaci\u00f3n de las mismas. GARBITANIA no\npuede garantizar la correcta o incorrecta manipulaci\u00f3n de las cookies por parte de los\nmencionados navegadores.\n<\/p>\n\n\n\n<p>En algunos casos es necesario instalar cookies para que el navegador no olvide su decisi\u00f3n de no aceptaci\u00f3n de \u00e9stas. <\/p>\n\n\n\n<h3 class=\"wp-block-heading\">Tipo de cookies <\/h3>\n\n\n\n<p>Este Sitio Web utiliza los siguientes tipos de cookies:<\/p>\n\n\n\n<p><strong>T\u00e9cnicas<\/strong><br>\u00c9stas tratan informaci\u00f3n gen\u00e9rica y an\u00f3nima, donde no se incluyen datos personales. Su objetivo principal es la mejora del funcionamiento de la web, y recordar decisiones tomadas por la persona usuaria.<\/p>\n\n\n\n<p><strong>Anal\u00edticas<\/strong><br>Estas cookies permiten analizar y medir las propiedades y funcionalidades de esta P\u00e1gina Web y proceder a su medici\u00f3n con finalidades de mejora. Las cookies que se instalan son cookies de terceros. En concreto, Google Analytics.  Se trata de la herramienta de anal\u00edtica que ayuda a los sitios web a entender el modo en que sus visitantes interact\u00faan con sus propiedades. Puede utilizar un conjunto de cookies para recopilar informaci\u00f3n e informar de las estad\u00edsticas de uso de los sitios web sin identificar personalmente a los visitantes de Google.<br>M\u00e1s informaci\u00f3n en Google Analytics: <a href=\"https:\/\/developers.google.com\/analytics\/devguides\/collection\/analyticsjs\/cookie-usage\">https:\/\/developers.google.com\/analytics\/devguides\/collection\/analyticsjs\/cookie-usage<\/a><\/p>\n\n\n\n<div style=\"height:100px\" aria-hidden=\"true\" class=\"wp-block-spacer\"><\/div>\n","protected":false},"excerpt":{"rendered":"<p>\u00bfQu\u00e9 es una cookie? Las cookies son esenciales para el funcionamiento de Internet; no pueden da\u00f1ar el equipo\/dispositivo de la persona usuaria y, si se encuentran activadas en la configuraci\u00f3n del navegador, nos ayudan a identificar y resolver posibles errores de funcionamiento de esta web que las utiliza para su correcto funcionamiento y que permiten [&hellip;]<\/p>\n","protected":false},"author":1,"featured_media":0,"parent":0,"menu_order":0,"comment_status":"closed","ping_status":"closed","template":"","meta":{"site-sidebar-layout":"default","site-content-layout":"page-builder","ast-site-content-layout":"default","site-content-style":"default","site-sidebar-style":"default","ast-global-header-display":"","ast-banner-title-visibility":"","ast-main-header-display":"","ast-hfb-above-header-display":"","ast-hfb-below-header-display":"","ast-hfb-mobile-header-display":"","site-post-title":"","ast-breadcrumbs-content":"","ast-featured-img":"","footer-sml-layout":"","theme-transparent-header-meta":"default","adv-header-id-meta":"","stick-header-meta":"","header-above-stick-meta":"","header-main-stick-meta":"","header-below-stick-meta":"","astra-migrate-meta-layouts":"default","ast-page-background-enabled":"default","ast-page-background-meta":{"desktop":{"background-color":"","background-image":"","background-repeat":"repeat","background-position":"center center","background-size":"auto","background-attachment":"scroll","background-type":"","background-media":"","overlay-type":"","overlay-color":"","overlay-opacity":"","overlay-gradient":""},"tablet":{"background-color":"","background-image":"","background-repeat":"repeat","background-position":"center center","background-size":"auto","background-attachment":"scroll","background-type":"","background-media":"","overlay-type":"","overlay-color":"","overlay-opacity":"","overlay-gradient":""},"mobile":{"background-color":"","background-image":"","background-repeat":"repeat","background-position":"center center","background-size":"auto","background-attachment":"scroll","background-type":"","background-media":"","overlay-type":"","overlay-color":"","overlay-opacity":"","overlay-gradient":""}},"ast-content-background-meta":{"desktop":{"background-color":"var(--ast-global-color-5)","background-image":"","background-repeat":"repeat","background-position":"center center","background-size":"auto","background-attachment":"scroll","background-type":"","background-media":"","overlay-type":"","overlay-color":"","overlay-opacity":"","overlay-gradient":""},"tablet":{"background-color":"var(--ast-global-color-5)","background-image":"","background-repeat":"repeat","background-position":"center center","background-size":"auto","background-attachment":"scroll","background-type":"","background-media":"","overlay-type":"","overlay-color":"","overlay-opacity":"","overlay-gradient":""},"mobile":{"background-color":"var(--ast-global-color-5)","background-image":"","background-repeat":"repeat","background-position":"center center","background-size":"auto","background-attachment":"scroll","background-type":"","background-media":"","overlay-type":"","overlay-color":"","overlay-opacity":"","overlay-gradient":""}},"footnotes":""},"class_list":["post-1828","page","type-page","status-publish","hentry"],"yoast_head":"<!-- This site is optimized with the Yoast SEO plugin v25.4 - https:\/\/yoast.com\/wordpress\/plugins\/seo\/ -->\n<title>Pol\u00edtica de Cookies - Garbitania<\/title>\n<meta name=\"robots\" content=\"noindex, follow\" \/>\n<meta property=\"og:locale\" content=\"es_ES\" \/>\n<meta property=\"og:type\" content=\"article\" \/>\n<meta property=\"og:title\" content=\"Pol\u00edtica de Cookies - Garbitania\" \/>\n<meta property=\"og:description\" content=\"\u00bfQu\u00e9 es una cookie? Las cookies son esenciales para el funcionamiento de Internet; no pueden da\u00f1ar el equipo\/dispositivo de la persona usuaria y, si se encuentran activadas en la configuraci\u00f3n del navegador, nos ayudan a identificar y resolver posibles errores de funcionamiento de esta web que las utiliza para su correcto funcionamiento y que permiten [&hellip;]\" \/>\n<meta property=\"og:url\" content=\"https:\/\/www.garbitania.eus\/es\/cookies\/\" \/>\n<meta property=\"og:site_name\" content=\"Garbitania\" \/>\n<meta property=\"article:modified_time\" content=\"2020-05-15T12:15:34+00:00\" \/>\n<meta name=\"twitter:card\" content=\"summary_large_image\" \/>\n<meta name=\"twitter:label1\" content=\"Tiempo de lectura\" \/>\n\t<meta name=\"twitter:data1\" content=\"3 minutos\" \/>\n<script type=\"application\/ld+json\" class=\"yoast-schema-graph\">{\"@context\":\"https:\/\/schema.org\",\"@graph\":[{\"@type\":\"WebPage\",\"@id\":\"https:\/\/www.garbitania.eus\/es\/cookies\/\",\"url\":\"https:\/\/www.garbitania.eus\/es\/cookies\/\",\"name\":\"Pol\u00edtica de Cookies - Garbitania\",\"isPartOf\":{\"@id\":\"https:\/\/www.garbitania.eus\/es\/#website\"},\"datePublished\":\"2020-05-12T19:01:25+00:00\",\"dateModified\":\"2020-05-15T12:15:34+00:00\",\"breadcrumb\":{\"@id\":\"https:\/\/www.garbitania.eus\/es\/cookies\/#breadcrumb\"},\"inLanguage\":\"es\",\"potentialAction\":[{\"@type\":\"ReadAction\",\"target\":[\"https:\/\/www.garbitania.eus\/es\/cookies\/\"]}]},{\"@type\":\"BreadcrumbList\",\"@id\":\"https:\/\/www.garbitania.eus\/es\/cookies\/#breadcrumb\",\"itemListElement\":[{\"@type\":\"ListItem\",\"position\":1,\"name\":\"Home\",\"item\":\"https:\/\/www.garbitania.eus\/es\/\"},{\"@type\":\"ListItem\",\"position\":2,\"name\":\"Pol\u00edtica de Cookies\"}]},{\"@type\":\"WebSite\",\"@id\":\"https:\/\/www.garbitania.eus\/es\/#website\",\"url\":\"https:\/\/www.garbitania.eus\/es\/\",\"name\":\"Garbitania\",\"description\":\"\",\"publisher\":{\"@id\":\"https:\/\/www.garbitania.eus\/es\/#organization\"},\"potentialAction\":[{\"@type\":\"SearchAction\",\"target\":{\"@type\":\"EntryPoint\",\"urlTemplate\":\"https:\/\/www.garbitania.eus\/es\/?s={search_term_string}\"},\"query-input\":{\"@type\":\"PropertyValueSpecification\",\"valueRequired\":true,\"valueName\":\"search_term_string\"}}],\"inLanguage\":\"es\"},{\"@type\":\"Organization\",\"@id\":\"https:\/\/www.garbitania.eus\/es\/#organization\",\"name\":\"Garbitania\",\"url\":\"https:\/\/www.garbitania.eus\/es\/\",\"logo\":{\"@type\":\"ImageObject\",\"inLanguage\":\"es\",\"@id\":\"https:\/\/www.garbitania.eus\/es\/#\/schema\/logo\/image\/\",\"url\":\"https:\/\/www.garbitania.eus\/wp-content\/uploads\/2020\/01\/cropped-Garbitania-logotipoa.png\",\"contentUrl\":\"https:\/\/www.garbitania.eus\/wp-content\/uploads\/2020\/01\/cropped-Garbitania-logotipoa.png\",\"width\":512,\"height\":137,\"caption\":\"Garbitania\"},\"image\":{\"@id\":\"https:\/\/www.garbitania.eus\/es\/#\/schema\/logo\/image\/\"}}]}<\/script>\n<!-- \/ Yoast SEO plugin. -->","yoast_head_json":{"title":"Pol\u00edtica de Cookies - Garbitania","robots":{"index":"noindex","follow":"follow"},"og_locale":"es_ES","og_type":"article","og_title":"Pol\u00edtica de Cookies - Garbitania","og_description":"\u00bfQu\u00e9 es una cookie? Las cookies son esenciales para el funcionamiento de Internet; no pueden da\u00f1ar el equipo\/dispositivo de la persona usuaria y, si se encuentran activadas en la configuraci\u00f3n del navegador, nos ayudan a identificar y resolver posibles errores de funcionamiento de esta web que las utiliza para su correcto funcionamiento y que permiten [&hellip;]","og_url":"https:\/\/www.garbitania.eus\/es\/cookies\/","og_site_name":"Garbitania","article_modified_time":"2020-05-15T12:15:34+00:00","twitter_card":"summary_large_image","twitter_misc":{"Tiempo de lectura":"3 minutos"},"schema":{"@context":"https:\/\/schema.org","@graph":[{"@type":"WebPage","@id":"https:\/\/www.garbitania.eus\/es\/cookies\/","url":"https:\/\/www.garbitania.eus\/es\/cookies\/","name":"Pol\u00edtica de Cookies - Garbitania","isPartOf":{"@id":"https:\/\/www.garbitania.eus\/es\/#website"},"datePublished":"2020-05-12T19:01:25+00:00","dateModified":"2020-05-15T12:15:34+00:00","breadcrumb":{"@id":"https:\/\/www.garbitania.eus\/es\/cookies\/#breadcrumb"},"inLanguage":"es","potentialAction":[{"@type":"ReadAction","target":["https:\/\/www.garbitania.eus\/es\/cookies\/"]}]},{"@type":"BreadcrumbList","@id":"https:\/\/www.garbitania.eus\/es\/cookies\/#breadcrumb","itemListElement":[{"@type":"ListItem","position":1,"name":"Home","item":"https:\/\/www.garbitania.eus\/es\/"},{"@type":"ListItem","position":2,"name":"Pol\u00edtica de Cookies"}]},{"@type":"WebSite","@id":"https:\/\/www.garbitania.eus\/es\/#website","url":"https:\/\/www.garbitania.eus\/es\/","name":"Garbitania","description":"","publisher":{"@id":"https:\/\/www.garbitania.eus\/es\/#organization"},"potentialAction":[{"@type":"SearchAction","target":{"@type":"EntryPoint","urlTemplate":"https:\/\/www.garbitania.eus\/es\/?s={search_term_string}"},"query-input":{"@type":"PropertyValueSpecification","valueRequired":true,"valueName":"search_term_string"}}],"inLanguage":"es"},{"@type":"Organization","@id":"https:\/\/www.garbitania.eus\/es\/#organization","name":"Garbitania","url":"https:\/\/www.garbitania.eus\/es\/","logo":{"@type":"ImageObject","inLanguage":"es","@id":"https:\/\/www.garbitania.eus\/es\/#\/schema\/logo\/image\/","url":"https:\/\/www.garbitania.eus\/wp-content\/uploads\/2020\/01\/cropped-Garbitania-logotipoa.png","contentUrl":"https:\/\/www.garbitania.eus\/wp-content\/uploads\/2020\/01\/cropped-Garbitania-logotipoa.png","width":512,"height":137,"caption":"Garbitania"},"image":{"@id":"https:\/\/www.garbitania.eus\/es\/#\/schema\/logo\/image\/"}}]}},"_links":{"self":[{"href":"https:\/\/www.garbitania.eus\/es\/wp-json\/wp\/v2\/pages\/1828","targetHints":{"allow":["GET"]}}],"collection":[{"href":"https:\/\/www.garbitania.eus\/es\/wp-json\/wp\/v2\/pages"}],"about":[{"href":"https:\/\/www.garbitania.eus\/es\/wp-json\/wp\/v2\/types\/page"}],"author":[{"embeddable":true,"href":"https:\/\/www.garbitania.eus\/es\/wp-json\/wp\/v2\/users\/1"}],"replies":[{"embeddable":true,"href":"https:\/\/www.garbitania.eus\/es\/wp-json\/wp\/v2\/comments?post=1828"}],"version-history":[{"count":5,"href":"https:\/\/www.garbitania.eus\/es\/wp-json\/wp\/v2\/pages\/1828\/revisions"}],"predecessor-version":[{"id":1966,"href":"https:\/\/www.garbitania.eus\/es\/wp-json\/wp\/v2\/pages\/1828\/revisions\/1966"}],"wp:attachment":[{"href":"https:\/\/www.garbitania.eus\/es\/wp-json\/wp\/v2\/media?parent=1828"}],"curies":[{"name":"wp","href":"https:\/\/api.w.org\/{rel}","templated":true}]}}