{"id":1774,"date":"2020-05-12T11:49:18","date_gmt":"2020-05-12T09:49:18","guid":{"rendered":"http:\/\/garbitania.eus\/kudeaketaren-inguruko-datu-estadistikoak\/"},"modified":"2025-10-10T09:58:28","modified_gmt":"2025-10-10T07:58:28","slug":"datosestadisticos","status":"publish","type":"page","link":"https:\/\/www.garbitania.eus\/es\/datosestadisticos\/","title":{"rendered":"Datos estad\u00edsticos sobre la gesti\u00f3n"},"content":{"rendered":"\n<div style=\"height:100px\" aria-hidden=\"true\" class=\"wp-block-spacer\"><\/div>\n\n\n\n<div class=\"wp-block-columns is-layout-flex wp-container-core-columns-is-layout-28f84493 wp-block-columns-is-layout-flex\">\n<div class=\"wp-block-column is-layout-flow wp-block-column-is-layout-flow\" style=\"flex-basis:25%\"><\/div>\n<\/div>\n\n\n<div aria-hidden=\"true\">\u00a0<\/div>\n<div aria-hidden=\"true\">\u00a0<\/div>\n<div aria-hidden=\"true\">\u00a0<\/div>\n<div style=\"text-align: center;\" aria-hidden=\"true\"><a href=\"https:\/\/www.garbitania.eus\/wp-content\/uploads\/2025\/10\/2024-kudeaketa-datu-estadistikoak.xlsx\">2024 datos estad\u00edsticos de la gesti\u00f3n<\/a><\/div>\n<div style=\"text-align: center;\" aria-hidden=\"true\"><a href=\"https:\/\/www.garbitania.eus\/wp-content\/uploads\/2024\/11\/2023-kudeaketa-datu-estadistikoak31.xlsx\">2023 datos estad\u00edsticos de la gesti\u00f3n<\/a><\/div>\n<div style=\"text-align: center;\" aria-hidden=\"true\"><a href=\"https:\/\/www.garbitania.eus\/wp-content\/uploads\/2024\/11\/2022-kudeaketa-datu-estadistikoak3.xlsx\">2022 datos estad\u00edsticos de la gesti\u00f3n<\/a><\/div>\n<div style=\"text-align: center;\" aria-hidden=\"true\"><a href=\"https:\/\/garbitania.eus\/wp-content\/uploads\/2023\/03\/2021-kudeaketa-datu-estadistikoak.xlsx\">2021 datos estad\u00edsticos de la gesti\u00f3n <\/a><\/div>\n<div style=\"text-align: center;\" aria-hidden=\"true\"><a href=\"https:\/\/garbitania.eus\/wp-content\/uploads\/2023\/03\/2020-kudeaketa-datu-estadistikoak.xlsx\">2020 datos estad\u00edsticos de la gesti\u00f3n <\/a><\/div>\n<div style=\"text-align: center;\" aria-hidden=\"true\"><a href=\"https:\/\/garbitania.eus\/wp-content\/uploads\/2020\/05\/2019-kudeaketa-datu-estadistikoak.xlsx\">2019 datos estad\u00edsticos de la gesti\u00f3n<\/a><\/div>\n<div aria-hidden=\"true\">\u00a0<\/div>\n<div class=\"wp-block-spacer\" style=\"height: 300px; text-align: center;\" aria-hidden=\"true\">\u00a0<\/div>\n<div aria-hidden=\"true\">\u00a0<\/div>\n<div aria-hidden=\"true\">\u00a0<\/div>","protected":false},"excerpt":{"rendered":"<p>\u00a0 \u00a0 \u00a0 2024 datos estad\u00edsticos de la gesti\u00f3n 2023 datos estad\u00edsticos de la gesti\u00f3n 2022 datos estad\u00edsticos de la gesti\u00f3n 2021 datos estad\u00edsticos de la gesti\u00f3n 2020 datos estad\u00edsticos de la gesti\u00f3n 2019 datos estad\u00edsticos de la gesti\u00f3n \u00a0 \u00a0 \u00a0 \u00a0<\/p>\n","protected":false},"author":1,"featured_media":0,"parent":0,"menu_order":0,"comment_status":"closed","ping_status":"closed","template":"","meta":{"site-sidebar-layout":"default","site-content-layout":"page-builder","ast-site-content-layout":"full-width-container","site-content-style":"unboxed","site-sidebar-style":"unboxed","ast-global-header-display":"","ast-banner-title-visibility":"","ast-main-header-display":"","ast-hfb-above-header-display":"","ast-hfb-below-header-display":"","ast-hfb-mobile-header-display":"","site-post-title":"","ast-breadcrumbs-content":"","ast-featured-img":"disabled","footer-sml-layout":"","theme-transparent-header-meta":"default","adv-header-id-meta":"","stick-header-meta":"","header-above-stick-meta":"","header-main-stick-meta":"","header-below-stick-meta":"","astra-migrate-meta-layouts":"set","ast-page-background-enabled":"default","ast-page-background-meta":{"desktop":{"background-color":"","background-image":"","background-repeat":"repeat","background-position":"center center","background-size":"auto","background-attachment":"scroll","background-type":"","background-media":"","overlay-type":"","overlay-color":"","overlay-opacity":"","overlay-gradient":""},"tablet":{"background-color":"","background-image":"","background-repeat":"repeat","background-position":"center center","background-size":"auto","background-attachment":"scroll","background-type":"","background-media":"","overlay-type":"","overlay-color":"","overlay-opacity":"","overlay-gradient":""},"mobile":{"background-color":"","background-image":"","background-repeat":"repeat","background-position":"center center","background-size":"auto","background-attachment":"scroll","background-type":"","background-media":"","overlay-type":"","overlay-color":"","overlay-opacity":"","overlay-gradient":""}},"ast-content-background-meta":{"desktop":{"background-color":"var(--ast-global-color-5)","background-image":"","background-repeat":"repeat","background-position":"center center","background-size":"auto","background-attachment":"scroll","background-type":"","background-media":"","overlay-type":"","overlay-color":"","overlay-opacity":"","overlay-gradient":""},"tablet":{"background-color":"var(--ast-global-color-5)","background-image":"","background-repeat":"repeat","background-position":"center center","background-size":"auto","background-attachment":"scroll","background-type":"","background-media":"","overlay-type":"","overlay-color":"","overlay-opacity":"","overlay-gradient":""},"mobile":{"background-color":"var(--ast-global-color-5)","background-image":"","background-repeat":"repeat","background-position":"center center","background-size":"auto","background-attachment":"scroll","background-type":"","background-media":"","overlay-type":"","overlay-color":"","overlay-opacity":"","overlay-gradient":""}},"footnotes":""},"class_list":["post-1774","page","type-page","status-publish","hentry"],"yoast_head":"<!-- This site is optimized with the Yoast SEO plugin v25.4 - https:\/\/yoast.com\/wordpress\/plugins\/seo\/ -->\n<title>Datos estad\u00edsticos sobre la gesti\u00f3n - Garbitania<\/title>\n<meta name=\"robots\" content=\"index, follow, max-snippet:-1, max-image-preview:large, max-video-preview:-1\" \/>\n<link rel=\"canonical\" href=\"https:\/\/www.garbitania.eus\/es\/datosestadisticos\/\" \/>\n<meta property=\"og:locale\" content=\"es_ES\" \/>\n<meta property=\"og:type\" content=\"article\" \/>\n<meta property=\"og:title\" content=\"Datos estad\u00edsticos sobre la gesti\u00f3n - Garbitania\" \/>\n<meta property=\"og:description\" content=\"\u00a0 \u00a0 \u00a0 2024 datos estad\u00edsticos de la gesti\u00f3n 2023 datos estad\u00edsticos de la gesti\u00f3n 2022 datos estad\u00edsticos de la gesti\u00f3n 2021 datos estad\u00edsticos de la gesti\u00f3n 2020 datos estad\u00edsticos de la gesti\u00f3n 2019 datos estad\u00edsticos de la gesti\u00f3n \u00a0 \u00a0 \u00a0 \u00a0\" \/>\n<meta property=\"og:url\" content=\"https:\/\/www.garbitania.eus\/es\/datosestadisticos\/\" \/>\n<meta property=\"og:site_name\" content=\"Garbitania\" \/>\n<meta property=\"article:modified_time\" content=\"2025-10-10T07:58:28+00:00\" \/>\n<meta name=\"twitter:card\" content=\"summary_large_image\" \/>\n<meta name=\"twitter:label1\" content=\"Tiempo de lectura\" \/>\n\t<meta name=\"twitter:data1\" content=\"1 minuto\" \/>\n<script type=\"application\/ld+json\" class=\"yoast-schema-graph\">{\"@context\":\"https:\/\/schema.org\",\"@graph\":[{\"@type\":\"WebPage\",\"@id\":\"https:\/\/www.garbitania.eus\/es\/datosestadisticos\/\",\"url\":\"https:\/\/www.garbitania.eus\/es\/datosestadisticos\/\",\"name\":\"Datos estad\u00edsticos sobre la gesti\u00f3n - Garbitania\",\"isPartOf\":{\"@id\":\"https:\/\/www.garbitania.eus\/es\/#website\"},\"datePublished\":\"2020-05-12T09:49:18+00:00\",\"dateModified\":\"2025-10-10T07:58:28+00:00\",\"breadcrumb\":{\"@id\":\"https:\/\/www.garbitania.eus\/es\/datosestadisticos\/#breadcrumb\"},\"inLanguage\":\"es\",\"potentialAction\":[{\"@type\":\"ReadAction\",\"target\":[\"https:\/\/www.garbitania.eus\/es\/datosestadisticos\/\"]}]},{\"@type\":\"BreadcrumbList\",\"@id\":\"https:\/\/www.garbitania.eus\/es\/datosestadisticos\/#breadcrumb\",\"itemListElement\":[{\"@type\":\"ListItem\",\"position\":1,\"name\":\"Home\",\"item\":\"https:\/\/www.garbitania.eus\/es\/\"},{\"@type\":\"ListItem\",\"position\":2,\"name\":\"Datos estad\u00edsticos sobre la gesti\u00f3n\"}]},{\"@type\":\"WebSite\",\"@id\":\"https:\/\/www.garbitania.eus\/es\/#website\",\"url\":\"https:\/\/www.garbitania.eus\/es\/\",\"name\":\"Garbitania\",\"description\":\"\",\"publisher\":{\"@id\":\"https:\/\/www.garbitania.eus\/es\/#organization\"},\"potentialAction\":[{\"@type\":\"SearchAction\",\"target\":{\"@type\":\"EntryPoint\",\"urlTemplate\":\"https:\/\/www.garbitania.eus\/es\/?s={search_term_string}\"},\"query-input\":{\"@type\":\"PropertyValueSpecification\",\"valueRequired\":true,\"valueName\":\"search_term_string\"}}],\"inLanguage\":\"es\"},{\"@type\":\"Organization\",\"@id\":\"https:\/\/www.garbitania.eus\/es\/#organization\",\"name\":\"Garbitania\",\"url\":\"https:\/\/www.garbitania.eus\/es\/\",\"logo\":{\"@type\":\"ImageObject\",\"inLanguage\":\"es\",\"@id\":\"https:\/\/www.garbitania.eus\/es\/#\/schema\/logo\/image\/\",\"url\":\"https:\/\/www.garbitania.eus\/wp-content\/uploads\/2020\/01\/cropped-Garbitania-logotipoa.png\",\"contentUrl\":\"https:\/\/www.garbitania.eus\/wp-content\/uploads\/2020\/01\/cropped-Garbitania-logotipoa.png\",\"width\":512,\"height\":137,\"caption\":\"Garbitania\"},\"image\":{\"@id\":\"https:\/\/www.garbitania.eus\/es\/#\/schema\/logo\/image\/\"}}]}<\/script>\n<!-- \/ Yoast SEO plugin. -->","yoast_head_json":{"title":"Datos estad\u00edsticos sobre la gesti\u00f3n - Garbitania","robots":{"index":"index","follow":"follow","max-snippet":"max-snippet:-1","max-image-preview":"max-image-preview:large","max-video-preview":"max-video-preview:-1"},"canonical":"https:\/\/www.garbitania.eus\/es\/datosestadisticos\/","og_locale":"es_ES","og_type":"article","og_title":"Datos estad\u00edsticos sobre la gesti\u00f3n - Garbitania","og_description":"\u00a0 \u00a0 \u00a0 2024 datos estad\u00edsticos de la gesti\u00f3n 2023 datos estad\u00edsticos de la gesti\u00f3n 2022 datos estad\u00edsticos de la gesti\u00f3n 2021 datos estad\u00edsticos de la gesti\u00f3n 2020 datos estad\u00edsticos de la gesti\u00f3n 2019 datos estad\u00edsticos de la gesti\u00f3n \u00a0 \u00a0 \u00a0 \u00a0","og_url":"https:\/\/www.garbitania.eus\/es\/datosestadisticos\/","og_site_name":"Garbitania","article_modified_time":"2025-10-10T07:58:28+00:00","twitter_card":"summary_large_image","twitter_misc":{"Tiempo de lectura":"1 minuto"},"schema":{"@context":"https:\/\/schema.org","@graph":[{"@type":"WebPage","@id":"https:\/\/www.garbitania.eus\/es\/datosestadisticos\/","url":"https:\/\/www.garbitania.eus\/es\/datosestadisticos\/","name":"Datos estad\u00edsticos sobre la gesti\u00f3n - Garbitania","isPartOf":{"@id":"https:\/\/www.garbitania.eus\/es\/#website"},"datePublished":"2020-05-12T09:49:18+00:00","dateModified":"2025-10-10T07:58:28+00:00","breadcrumb":{"@id":"https:\/\/www.garbitania.eus\/es\/datosestadisticos\/#breadcrumb"},"inLanguage":"es","potentialAction":[{"@type":"ReadAction","target":["https:\/\/www.garbitania.eus\/es\/datosestadisticos\/"]}]},{"@type":"BreadcrumbList","@id":"https:\/\/www.garbitania.eus\/es\/datosestadisticos\/#breadcrumb","itemListElement":[{"@type":"ListItem","position":1,"name":"Home","item":"https:\/\/www.garbitania.eus\/es\/"},{"@type":"ListItem","position":2,"name":"Datos estad\u00edsticos sobre la gesti\u00f3n"}]},{"@type":"WebSite","@id":"https:\/\/www.garbitania.eus\/es\/#website","url":"https:\/\/www.garbitania.eus\/es\/","name":"Garbitania","description":"","publisher":{"@id":"https:\/\/www.garbitania.eus\/es\/#organization"},"potentialAction":[{"@type":"SearchAction","target":{"@type":"EntryPoint","urlTemplate":"https:\/\/www.garbitania.eus\/es\/?s={search_term_string}"},"query-input":{"@type":"PropertyValueSpecification","valueRequired":true,"valueName":"search_term_string"}}],"inLanguage":"es"},{"@type":"Organization","@id":"https:\/\/www.garbitania.eus\/es\/#organization","name":"Garbitania","url":"https:\/\/www.garbitania.eus\/es\/","logo":{"@type":"ImageObject","inLanguage":"es","@id":"https:\/\/www.garbitania.eus\/es\/#\/schema\/logo\/image\/","url":"https:\/\/www.garbitania.eus\/wp-content\/uploads\/2020\/01\/cropped-Garbitania-logotipoa.png","contentUrl":"https:\/\/www.garbitania.eus\/wp-content\/uploads\/2020\/01\/cropped-Garbitania-logotipoa.png","width":512,"height":137,"caption":"Garbitania"},"image":{"@id":"https:\/\/www.garbitania.eus\/es\/#\/schema\/logo\/image\/"}}]}},"_links":{"self":[{"href":"https:\/\/www.garbitania.eus\/es\/wp-json\/wp\/v2\/pages\/1774","targetHints":{"allow":["GET"]}}],"collection":[{"href":"https:\/\/www.garbitania.eus\/es\/wp-json\/wp\/v2\/pages"}],"about":[{"href":"https:\/\/www.garbitania.eus\/es\/wp-json\/wp\/v2\/types\/page"}],"author":[{"embeddable":true,"href":"https:\/\/www.garbitania.eus\/es\/wp-json\/wp\/v2\/users\/1"}],"replies":[{"embeddable":true,"href":"https:\/\/www.garbitania.eus\/es\/wp-json\/wp\/v2\/comments?post=1774"}],"version-history":[{"count":11,"href":"https:\/\/www.garbitania.eus\/es\/wp-json\/wp\/v2\/pages\/1774\/revisions"}],"predecessor-version":[{"id":3696,"href":"https:\/\/www.garbitania.eus\/es\/wp-json\/wp\/v2\/pages\/1774\/revisions\/3696"}],"wp:attachment":[{"href":"https:\/\/www.garbitania.eus\/es\/wp-json\/wp\/v2\/media?parent=1774"}],"curies":[{"name":"wp","href":"https:\/\/api.w.org\/{rel}","templated":true}]}}